{"id":5975,"date":"2025-09-17T11:30:40","date_gmt":"2025-09-17T09:30:40","guid":{"rendered":"https:\/\/boreait.com\/hu\/?post_type=product&#038;p=5975"},"modified":"2025-09-17T11:31:18","modified_gmt":"2025-09-17T09:31:18","slug":"eredeti-hp-zbook-15-g1-g2-shell-lcd-elolap-734302-001-ap0tj000600-laptop-alkatreszek","status":"publish","type":"product","link":"https:\/\/boreait.com\/hu\/termek\/eredeti-hp-zbook-15-g1-g2-shell-lcd-elolap-734302-001-ap0tj000600-laptop-alkatreszek\/","title":{"rendered":"Eredeti HP ZBOOK 15 G1\/G2 Shell LCD el\u0151lap 734302-001 AP0TJ000600 laptop alkatr\u00e9szek"},"content":{"rendered":"<p>Fedezze fel a p\u00e1ratlan tart\u00f3ss\u00e1got \u00e9s az eleg\u00e1ns diz\u00e1jnt az eredeti HP ZBOOK 15 G1\/G2 Shell LCD el\u0151lapunkkal. Ezt az eredeti cserealkatr\u00e9szt, amelyet a 734302-001 \u00e9s az AP0TJ000600 cikksz\u00e1m azonos\u00edt, kifejezetten az \u00d6n HP ZBOOK 15 G1 \u00e9s G2 modelljeihez tervezt\u00e9k, t\u00f6k\u00e9letes illeszked\u00e9st \u00e9s hib\u00e1tlan m\u0171k\u00f6d\u00e9st biztos\u00edtva. Ez a kiv\u00e1l\u00f3 min\u0151s\u00e9g\u0171 anyagokb\u00f3l k\u00e9sz\u00fclt el\u0151lap nem csak v\u00e9di laptopja LCD-k\u00e9perny\u0151j\u00e9t, hanem professzion\u00e1lis megjelen\u00e9s\u00e9vel fokozza annak eszt\u00e9tikai vonzerej\u00e9t is. Legyen sz\u00f3 s\u00e9r\u00fclt el\u0151lap cser\u00e9j\u00e9r\u0151l vagy eszk\u00f6z\u00e9nek fel\u00faj\u00edt\u00e1s\u00e1r\u00f3l, ez az eredeti HP alkatr\u00e9sz garant\u00e1lja a kompatibilit\u00e1st \u00e9s a teljes\u00edtm\u00e9nyt, amelyet a megb\u00edzhat\u00f3 HP n\u00e9v t\u00e1maszt al\u00e1. N\u00f6velje laptopja megjelen\u00e9s\u00e9t \u00e9s hossz\u00fa \u00e9lettartam\u00e1t ezzel a pr\u00e9mium min\u0151s\u00e9g\u0171, prec\u00edzi\u00f3s tervez\u00e9s\u0171 el\u0151lappal.<\/p>\n","protected":false},"excerpt":{"rendered":"<p>Fejtse fel HP ZBOOK 15 G1\/G2 k\u00e9sz\u00fcl\u00e9k\u00e9t ezzel az eredeti B Shell LCD el\u0151lappal (cikksz\u00e1m: 734302-001, modell: AP0TJ000600). A pontoss\u00e1gra \u00e9s tart\u00f3ss\u00e1gra kialak\u00edtott el\u0151lap z\u00f6kken\u0151mentesen illeszkedik a laptop k\u00e9perny\u0151j\u00e9hez. N\u00f6velje laptopja eszt\u00e9tik\u00e1j\u00e1t, mik\u00f6zben alapvet\u0151 v\u00e9delmet ny\u00fajt. Rendelje meg most a gyors kisz\u00e1ll\u00edt\u00e1s\u00e9rt \u00e9s n\u00f6velje laptopja \u00e9lm\u00e9ny\u00e9t!<\/p>\n","protected":false},"featured_media":6017,"template":"","meta":[],"product_brand":[],"product_cat":[16],"product_tag":[17],"class_list":{"0":"post-5975","1":"product","2":"type-product","3":"status-publish","4":"has-post-thumbnail","6":"product_cat-laptop-housing","7":"product_tag-dell","9":"first","10":"instock","11":"taxable","12":"shipping-taxable","13":"purchasable","14":"product-type-simple"},"_links":{"self":[{"href":"https:\/\/boreait.com\/hu\/wp-json\/wp\/v2\/product\/5975","targetHints":{"allow":["GET"]}}],"collection":[{"href":"https:\/\/boreait.com\/hu\/wp-json\/wp\/v2\/product"}],"about":[{"href":"https:\/\/boreait.com\/hu\/wp-json\/wp\/v2\/types\/product"}],"wp:featuredmedia":[{"embeddable":true,"href":"https:\/\/boreait.com\/hu\/wp-json\/wp\/v2\/media\/6017"}],"wp:attachment":[{"href":"https:\/\/boreait.com\/hu\/wp-json\/wp\/v2\/media?parent=5975"}],"wp:term":[{"taxonomy":"product_brand","embeddable":true,"href":"https:\/\/boreait.com\/hu\/wp-json\/wp\/v2\/product_brand?post=5975"},{"taxonomy":"product_cat","embeddable":true,"href":"https:\/\/boreait.com\/hu\/wp-json\/wp\/v2\/product_cat?post=5975"},{"taxonomy":"product_tag","embeddable":true,"href":"https:\/\/boreait.com\/hu\/wp-json\/wp\/v2\/product_tag?post=5975"}],"curies":[{"name":"wp","href":"https:\/\/api.w.org\/{rel}","templated":true}]}}