{"id":597,"date":"2025-09-17T09:28:30","date_gmt":"2025-09-17T07:28:30","guid":{"rendered":"https:\/\/boreait.com\/hu\/?post_type=product&#038;p=597"},"modified":"2026-01-07T09:18:31","modified_gmt":"2026-01-07T08:18:31","slug":"egyenaramu-tapkabel-dc30100rl00-dc30100qk00-fit-acer-aspire-e5-521-23kh-z5wah-jp","status":"publish","type":"product","link":"https:\/\/boreait.com\/hu\/termek\/egyenaramu-tapkabel-dc30100rl00-dc30100qk00-fit-acer-aspire-e5-521-23kh-z5wah-jp\/","title":{"rendered":"Egyen\u00e1ram\u00fa t\u00e1pk\u00e1bel DC30100RL00 DC30100QK00 Fit ACER ASPIRE E5-521-23KH Z5WAH jp"},"content":{"rendered":"<p>Biztos\u00edtsa az Acer Aspire E5-521-23KH Z5WAH JP laptop stabil t\u00e1pcsatlakoz\u00e1s\u00e1t a DC30100RL00 DC30100QK00 DC t\u00e1pcsatlakoz\u00f3 k\u00e1bellel. Ezt a kompatibilis cserek\u00e1belt \u00fagy tervezt\u00e9k, hogy t\u00f6k\u00e9letesen illeszkedjen laptopj\u00e1hoz, \u00e9s helyre\u00e1ll\u00edtsa a t\u00f6lt\u00e9si funkci\u00f3t.<\/p>\n<p>Id\u0151vel a laptop egyen\u00e1ram\u00fa t\u00e1pk\u00e1bele megs\u00e9r\u00fclhet vagy meglazulhat, ami megb\u00edzhatatlan t\u00e1pcsatlakoz\u00e1shoz vagy t\u00f6lt\u00e9si neh\u00e9zs\u00e9gekhez vezethet. A DC30100RL00 DC30100QK00 DC t\u00e1pcsatlakoz\u00f3 k\u00e1belre cser\u00e9lve biztons\u00e1gos \u00e9s megb\u00edzhat\u00f3 t\u00e1pcsatlakoz\u00e1st biztos\u00edthat, lehet\u0151v\u00e9 t\u00e9ve, hogy Acer Aspire E5-521-23KH Z5WAH JP laptopj\u00e1t bekapcsolva \u00e9s haszn\u00e1latra k\u00e9szen tartsa.<\/p>\n<p>A DC30100RL00 DC30100QK00 egyen\u00e1ram\u00fa t\u00e1pcsatlakoz\u00f3 k\u00e1bel kiv\u00e1l\u00f3 min\u0151s\u00e9g\u0171 anyagokb\u00f3l k\u00e9sz\u00fclt, hogy tart\u00f3s legyen, \u00e9s hossz\u00fa \u00e9lettartam\u00fa t\u00e1pell\u00e1t\u00e1st biztos\u00edtson laptopja sz\u00e1m\u00e1ra. \u00dagy tervezt\u00e9k, hogy megfeleljen az Acer Aspire E5-521-23KH Z5WAH JP specifik\u00e1ci\u00f3inak, biztos\u00edtva a t\u00f6k\u00e9letes illeszked\u00e9st \u00e9s kompatibilit\u00e1st.<\/p>\n<p>A DC30100RL00 DC30100QK00 DC t\u00e1pcsatlakoz\u00f3 k\u00e1bel telep\u00edt\u00e9se egyszer\u0171 folyamat. Egyszer\u0171en t\u00e1vol\u00edtsa el a r\u00e9gi k\u00e1belt, \u00e9s csatlakoztassa az \u00fajat, biztos\u00edtva a biztons\u00e1gos \u00e9s megfelel\u0151 csatlakoz\u00e1st. Ez egy k\u00f6lts\u00e9ghat\u00e9kony megold\u00e1s, amely lehet\u0151v\u00e9 teszi, hogy vissza\u00e1ll\u00edtsa laptopja t\u00f6lt\u00e9si funkci\u00f3j\u00e1t an\u00e9lk\u00fcl, hogy teljes rendszercser\u00e9re lenne sz\u00fcks\u00e9ge.<\/p>\n<p>\u00c9lvezze a megszak\u00edt\u00e1s n\u00e9lk\u00fcli termel\u00e9kenys\u00e9get, \u00e9s tartsa \u00e1ram alatt Acer Aspire E5-521-23KH Z5WAH JP k\u00e9sz\u00fcl\u00e9k\u00e9t a DC30100RL00 DC30100QK00 DC t\u00e1pcsatlakoz\u00f3 k\u00e1bellel. V\u00e1s\u00e1roljon n\u00e1lunk most, \u00e9s tapasztalja meg laptopja biztons\u00e1gos t\u00e1pcsatlakoz\u00e1s\u00e1nak k\u00e9nyelm\u00e9t \u00e9s megb\u00edzhat\u00f3s\u00e1g\u00e1t.<\/p>\n","protected":false},"excerpt":{"rendered":"<p>Cser\u00e9lje ki az Acer Aspire E5-521-23KH Z5WAH JP laptop egyen\u00e1ram\u00fa t\u00e1pcsatlakoz\u00f3 k\u00e1bel\u00e9t a DC30100RL00 DC30100QK00 DC t\u00e1pcsatlakoz\u00f3 k\u00e1belre. Ez a kompatibilis cserek\u00e1bel biztons\u00e1gos \u00e9s megb\u00edzhat\u00f3 t\u00e1pcsatlakoz\u00e1st biztos\u00edt laptopja sz\u00e1m\u00e1ra. \u00c1ll\u00edtsa vissza Acer Aspire E5-521-23KH Z5WAH JP t\u00f6lt\u00e9si funkci\u00f3j\u00e1t, \u00e9s tartsa bekapcsolva laptopj\u00e1t. V\u00e1s\u00e1roljon most, \u00e9s \u00e9lvezze a megszak\u00edt\u00e1s n\u00e9lk\u00fcli termel\u00e9kenys\u00e9get.<\/p>\n","protected":false},"featured_media":657,"template":"","meta":[],"product_brand":[],"product_cat":[20],"product_tag":[29],"class_list":{"0":"post-597","1":"product","2":"type-product","3":"status-publish","4":"has-post-thumbnail","6":"product_cat-cables","7":"product_tag-acer","9":"first","10":"instock","11":"taxable","12":"shipping-taxable","13":"purchasable","14":"product-type-simple"},"_links":{"self":[{"href":"https:\/\/boreait.com\/hu\/wp-json\/wp\/v2\/product\/597","targetHints":{"allow":["GET"]}}],"collection":[{"href":"https:\/\/boreait.com\/hu\/wp-json\/wp\/v2\/product"}],"about":[{"href":"https:\/\/boreait.com\/hu\/wp-json\/wp\/v2\/types\/product"}],"wp:featuredmedia":[{"embeddable":true,"href":"https:\/\/boreait.com\/hu\/wp-json\/wp\/v2\/media\/657"}],"wp:attachment":[{"href":"https:\/\/boreait.com\/hu\/wp-json\/wp\/v2\/media?parent=597"}],"wp:term":[{"taxonomy":"product_brand","embeddable":true,"href":"https:\/\/boreait.com\/hu\/wp-json\/wp\/v2\/product_brand?post=597"},{"taxonomy":"product_cat","embeddable":true,"href":"https:\/\/boreait.com\/hu\/wp-json\/wp\/v2\/product_cat?post=597"},{"taxonomy":"product_tag","embeddable":true,"href":"https:\/\/boreait.com\/hu\/wp-json\/wp\/v2\/product_tag?post=597"}],"curies":[{"name":"wp","href":"https:\/\/api.w.org\/{rel}","templated":true}]}}