{"id":5950,"date":"2025-09-17T11:30:17","date_gmt":"2025-09-17T09:30:17","guid":{"rendered":"https:\/\/boreait.com\/hu\/?post_type=product&#038;p=5950"},"modified":"2026-01-19T09:36:40","modified_gmt":"2026-01-19T08:36:40","slug":"eredeti-dell-latitude-e5430-smartcard-olvasokartya-ls-790ep-0d5kxg-laptop-alkatreszek","status":"publish","type":"product","link":"https:\/\/boreait.com\/hu\/termek\/eredeti-dell-latitude-e5430-smartcard-olvasokartya-ls-790ep-0d5kxg-laptop-alkatreszek\/","title":{"rendered":"Eredeti Dell Latitude E5430 SmartCard olvas\u00f3k\u00e1rtya LS-790EP 0D5KXG laptop alkatr\u00e9szek"},"content":{"rendered":"<p>Friss\u00edtse Dell Latitude E5430 k\u00e9sz\u00fcl\u00e9k\u00e9t az eredeti Dell SmartCard olvas\u00f3k\u00e1rty\u00e1val (cikksz\u00e1m: LS-790EP, Dell P\/N: 0D5KXG). Ez az autentikus laptop alkatr\u00e9sz biztos\u00edtja a kompatibilit\u00e1st \u00e9s a megb\u00edzhat\u00f3s\u00e1got, \u00e9s fokozott biztons\u00e1gi funkci\u00f3kat k\u00edn\u00e1l.<\/p>\n<p><strong>Term\u00e9k r\u00e9szletei:<\/strong><\/p>\n<ul>\n<li><strong>Kompatibilit\u00e1s:<\/strong> Dell Latitude E5430<\/li>\n<li><strong>Alkatr\u00e9szsz\u00e1m:<\/strong> LS-790EP, Dell P\/N: 0D5KXG<\/li>\n<li><strong>\u00c1llapot:<\/strong> Eredeti, tesztelt, \u00e9s garant\u00e1ltan m\u0171k\u00f6dik.<\/li>\n<li><strong>Tov\u00e1bbfejlesztett biztons\u00e1g:<\/strong> A SmartCard Reader Board egy extra biztons\u00e1gi r\u00e9teggel ruh\u00e1zza fel laptopj\u00e1t, \u00edgy gondoskodik az adatok biztons\u00e1g\u00e1r\u00f3l.<\/li>\n<\/ul>\n<p><strong>Sz\u00e1ll\u00edt\u00e1si inform\u00e1ci\u00f3k:<\/strong><\/p>\n<ul>\n<li>Gyors \u00e9s megb\u00edzhat\u00f3 sz\u00e1ll\u00edt\u00e1st k\u00edn\u00e1lunk Eur\u00f3pa-szerte \u00e9s vil\u00e1gszerte.<\/li>\n<li>Minden term\u00e9kk\u00e9p a kapott alkatr\u00e9sz val\u00f3di f\u00e9nyk\u00e9pe.<\/li>\n<li>B\u00fcszk\u00e9k vagyunk arra, hogy min\u0151s\u00e9gi laptop alkatr\u00e9szeket sz\u00e1ll\u00edtunk \u00fcgyfeleinknek.<\/li>\n<\/ul>\n<p><strong>Megjegyz\u00e9s:<\/strong><\/p>\n<ul>\n<li>Az alkatr\u00e9sz cser\u00e9j\u00e9re vonatkoz\u00f3 utas\u00edt\u00e1sokat nem tartalmazza, de seg\u00edts\u00e9g\u00e9rt forduljon hozz\u00e1nk bizalommal.<\/li>\n<li>Nek\u00fcnk az \u00d6n el\u00e9gedetts\u00e9ge a legfontosabb. Ha b\u00e1rmilyen k\u00e9rd\u00e9se vagy agg\u00e1lya van, k\u00e9rj\u00fck, \u00edrjon nek\u00fcnk.<\/li>\n<\/ul>\n<p>Friss\u00edtse Dell Latitude E5430 k\u00e9sz\u00fcl\u00e9k\u00e9t ezzel az Eredeti SmartCard olvas\u00f3k\u00e1rty\u00e1val, \u00e9s tapasztalja meg az \u00e1ltala k\u00edn\u00e1lt k\u00e9nyelmet \u00e9s biztons\u00e1got. Rendeljen most, \u00e9s \u00e9lvezze a z\u00f6kken\u0151mentes v\u00e1s\u00e1rl\u00e1si \u00e9lm\u00e9nyt a Siggmo seg\u00edts\u00e9g\u00e9vel!<\/p>\n","protected":false},"excerpt":{"rendered":"<p>B\u0151v\u00edtse Dell Latitude E5430 k\u00e9sz\u00fcl\u00e9k\u00e9t ezzel az Eredeti SmartCard olvas\u00f3k\u00e1rty\u00e1val (cikksz\u00e1m: LS-790EP, Dell P\/N: 0D5KXG). \u00c9lvezze a fokozott biztons\u00e1got \u00e9s k\u00e9nyelmet ezzel az autentikus Dell laptop alkatr\u00e9szsel. Gyors sz\u00e1ll\u00edt\u00e1s eg\u00e9sz Eur\u00f3p\u00e1ban \u00e9s vil\u00e1gszerte. B\u00e1rmilyen seg\u00edts\u00e9g\u00e9rt forduljon hozz\u00e1nk!<\/p>\n","protected":false},"featured_media":5992,"template":"","meta":[],"product_brand":[],"product_cat":[27],"product_tag":[17],"class_list":{"0":"post-5950","1":"product","2":"type-product","3":"status-publish","4":"has-post-thumbnail","6":"product_cat-motherboards-board-parts","7":"product_tag-dell","9":"first","10":"instock","11":"taxable","12":"shipping-taxable","13":"purchasable","14":"product-type-simple"},"_links":{"self":[{"href":"https:\/\/boreait.com\/hu\/wp-json\/wp\/v2\/product\/5950","targetHints":{"allow":["GET"]}}],"collection":[{"href":"https:\/\/boreait.com\/hu\/wp-json\/wp\/v2\/product"}],"about":[{"href":"https:\/\/boreait.com\/hu\/wp-json\/wp\/v2\/types\/product"}],"wp:featuredmedia":[{"embeddable":true,"href":"https:\/\/boreait.com\/hu\/wp-json\/wp\/v2\/media\/5992"}],"wp:attachment":[{"href":"https:\/\/boreait.com\/hu\/wp-json\/wp\/v2\/media?parent=5950"}],"wp:term":[{"taxonomy":"product_brand","embeddable":true,"href":"https:\/\/boreait.com\/hu\/wp-json\/wp\/v2\/product_brand?post=5950"},{"taxonomy":"product_cat","embeddable":true,"href":"https:\/\/boreait.com\/hu\/wp-json\/wp\/v2\/product_cat?post=5950"},{"taxonomy":"product_tag","embeddable":true,"href":"https:\/\/boreait.com\/hu\/wp-json\/wp\/v2\/product_tag?post=5950"}],"curies":[{"name":"wp","href":"https:\/\/api.w.org\/{rel}","templated":true}]}}