{"id":593,"date":"2025-09-17T09:28:29","date_gmt":"2025-09-17T07:28:29","guid":{"rendered":"https:\/\/boreait.com\/hu\/?post_type=product&#038;p=593"},"modified":"2026-01-07T09:18:15","modified_gmt":"2026-01-07T08:18:15","slug":"vezerlokartya-ls-7746p-rev1-0a00-cn-03mw70-dell-precision-m4800-hoz","status":"publish","type":"product","link":"https:\/\/boreait.com\/hu\/termek\/vezerlokartya-ls-7746p-rev1-0a00-cn-03mw70-dell-precision-m4800-hoz\/","title":{"rendered":"Vez\u00e9rl\u0151k\u00e1rtya LS-7746P Rev:1.0(A00) CN-03MW70 DELL Precision M4800-hoz"},"content":{"rendered":"<p>Fokozza Dell Precision M4800 laptopja grafikus \u00e9s megjelen\u00edt\u00e9si k\u00e9pess\u00e9geit az LS-7746P Rev1.0(A00) CN-03MW70 vez\u00e9rl\u0151k\u00e1rty\u00e1val. Ezt az eredeti Dell cserealkatr\u00e9szt \u00fagy tervezt\u00e9k, hogy t\u00f6k\u00e9letes illeszked\u00e9st \u00e9s optim\u00e1lis teljes\u00edtm\u00e9nyt biztos\u00edtson laptopj\u00e1hoz.<\/p>\n<p>Az LS-7746P Rev1.0(A00) CN-03MW70 vez\u00e9rl\u0151k\u00e1rtya tov\u00e1bbfejlesztett funkci\u00f3kat \u00e9s jobb funkcionalit\u00e1st k\u00edn\u00e1l a k\u00e9szletvez\u00e9rl\u0151 k\u00e1rty\u00e1hoz k\u00e9pest. Ezzel a tov\u00e1bbfejlesztett k\u00e1rty\u00e1val nagyobb grafikus teljes\u00edtm\u00e9nyt, jobb sz\u00ednvisszaad\u00e1st \u00e9s \u00e9lesebb k\u00e9pmin\u0151s\u00e9get tapasztalhat Dell Precision M4800 laptopj\u00e1n.<\/p>\n<p>Az LS-7746P Rev1.0(A00) CN-03MW70 vez\u00e9rl\u0151k\u00e1rtya k\u00f6zvetlen\u00fcl a Dellt\u0151l sz\u00e1rmazik, ami biztos\u00edtja a kompatibilit\u00e1st \u00e9s a megb\u00edzhat\u00f3s\u00e1got. Kiv\u00e1l\u00f3 min\u0151s\u00e9g\u0171 alkatr\u00e9szekb\u0151l k\u00e9sz\u00fclt, amelyek megfelelnek a Dell szigor\u00fa szabv\u00e1nyainak, \u00edgy biztos\u00edtva a hossz\u00fa \u00e9lettartamot.<\/p>\n<p>Az LS-7746P Rev1.0(A00) CN-03MW70 vez\u00e9rl\u0151k\u00e1rtya telep\u00edt\u00e9se egyszer\u0171 folyamat. Egyszer\u0171en t\u00e1vol\u00edtsa el a r\u00e9gi vez\u00e9rl\u0151k\u00e1rty\u00e1t, \u00e9s cser\u00e9lje ki a friss\u00edtettre, a gy\u00e1rt\u00f3 utas\u00edt\u00e1sait k\u00f6vetve. Ez egy k\u00f6lts\u00e9ghat\u00e9kony megold\u00e1s, amely lehet\u0151v\u00e9 teszi a Dell Precision M4800 laptop friss\u00edt\u00e9s\u00e9t an\u00e9lk\u00fcl, hogy teljes rendszercser\u00e9re lenne sz\u00fcks\u00e9g.<\/p>\n<p>Tapasztalja meg a tov\u00e1bbfejlesztett grafikus \u00e9s megjelen\u00edt\u00e9si k\u00e9pess\u00e9geket Dell Precision M4800 laptopj\u00e1n az LS-7746P Rev1.0(A00) CN-03MW70 vez\u00e9rl\u0151k\u00e1rty\u00e1val. N\u00f6velje laptopja teljes\u00edtm\u00e9ny\u00e9t, \u00e9s \u00e9lvezze a kiv\u00e1l\u00f3 vizu\u00e1lis \u00e9lm\u00e9nyt. V\u00e1s\u00e1roljon n\u00e1lunk most, \u00e9s akn\u00e1zza ki Dell Precision M4800 k\u00e9sz\u00fcl\u00e9k\u00e9ben rejl\u0151 lehet\u0151s\u00e9geket.<\/p>\n","protected":false},"excerpt":{"rendered":"<p>Friss\u00edtse Dell Precision M4800 laptopj\u00e1t az LS-7746P Rev1.0(A00) CN-03MW70 vez\u00e9rl\u0151k\u00e1rty\u00e1val. Ez az eredeti Dell cserealkatr\u00e9sz t\u00f6k\u00e9letes illeszked\u00e9st \u00e9s optim\u00e1lis teljes\u00edtm\u00e9nyt biztos\u00edt laptopj\u00e1hoz. Tapasztalja meg a tov\u00e1bbfejlesztett grafikai \u00e9s megjelen\u00edt\u00e9si k\u00e9pess\u00e9geket a tov\u00e1bbfejlesztett vez\u00e9rl\u0151k\u00e1rty\u00e1val. V\u00e1s\u00e1roljon most, \u00e9s emelje magasabb szintre Dell Precision M4800 laptopj\u00e1t.<\/p>\n","protected":false},"featured_media":641,"template":"","meta":[],"product_brand":[],"product_cat":[27],"product_tag":[17],"class_list":{"0":"post-593","1":"product","2":"type-product","3":"status-publish","4":"has-post-thumbnail","6":"product_cat-motherboards-board-parts","7":"product_tag-dell","9":"first","10":"instock","11":"taxable","12":"shipping-taxable","13":"purchasable","14":"product-type-simple"},"_links":{"self":[{"href":"https:\/\/boreait.com\/hu\/wp-json\/wp\/v2\/product\/593","targetHints":{"allow":["GET"]}}],"collection":[{"href":"https:\/\/boreait.com\/hu\/wp-json\/wp\/v2\/product"}],"about":[{"href":"https:\/\/boreait.com\/hu\/wp-json\/wp\/v2\/types\/product"}],"wp:featuredmedia":[{"embeddable":true,"href":"https:\/\/boreait.com\/hu\/wp-json\/wp\/v2\/media\/641"}],"wp:attachment":[{"href":"https:\/\/boreait.com\/hu\/wp-json\/wp\/v2\/media?parent=593"}],"wp:term":[{"taxonomy":"product_brand","embeddable":true,"href":"https:\/\/boreait.com\/hu\/wp-json\/wp\/v2\/product_brand?post=593"},{"taxonomy":"product_cat","embeddable":true,"href":"https:\/\/boreait.com\/hu\/wp-json\/wp\/v2\/product_cat?post=593"},{"taxonomy":"product_tag","embeddable":true,"href":"https:\/\/boreait.com\/hu\/wp-json\/wp\/v2\/product_tag?post=593"}],"curies":[{"name":"wp","href":"https:\/\/api.w.org\/{rel}","templated":true}]}}