{"id":5915,"date":"2025-09-17T11:27:14","date_gmt":"2025-09-17T09:27:14","guid":{"rendered":"https:\/\/boreait.com\/hu\/?post_type=product&#038;p=5915"},"modified":"2025-09-17T11:30:32","modified_gmt":"2025-09-17T09:30:32","slug":"hp-chromebook-x360-11-g3-ee-intel-ac-9560-ngff-173-gbps-eredeti-laptop-alkatreszek","status":"publish","type":"product","link":"https:\/\/boreait.com\/hu\/termek\/hp-chromebook-x360-11-g3-ee-intel-ac-9560-ngff-173-gbps-eredeti-laptop-alkatreszek\/","title":{"rendered":"HP Chromebook X360 11 G3 EE Intel AC 9560 NGFF 1,73 Gbps \u2013 Eredeti laptop-alkatr\u00e9szek"},"content":{"rendered":"<p>N\u00f6velje HP Chromebook X360 11 G3 EE teljes\u00edtm\u00e9ny\u00e9t az eredeti Intel Dual Band AC 9560NGW NGFF vezet\u00e9k n\u00e9lk\u00fcli k\u00e1rty\u00e1val, amely kiz\u00e1r\u00f3lag a Siggm\u00f3ban kaphat\u00f3. Ezt az NGFF-k\u00e1rty\u00e1t \u00fagy tervezt\u00e9k, hogy z\u00f6kken\u0151mentes kapcsolatot biztos\u00edtson leny\u0171g\u00f6z\u0151, ak\u00e1r 1,73 Gbps-os sebess\u00e9ggel, z\u00f6kken\u0151mentes online \u00e9lm\u00e9nyt biztos\u00edtva munk\u00e1hoz, tanul\u00e1shoz vagy sz\u00f3rakoz\u00e1shoz.<\/p>\n<p><strong>Kompatibilit\u00e1s:<\/strong> A kifejezetten a HP Chromebook X360 11 G3 EE sz\u00e1m\u00e1ra k\u00e9sz\u00fclt, ez az NGFF-k\u00e1rtya hiteles cserealkatr\u00e9sz, amely garant\u00e1lja az optim\u00e1lis teljes\u00edtm\u00e9nyt. Ez egy eredeti Intel term\u00e9k, amely biztos\u00edtja a megb\u00edzhat\u00f3s\u00e1got \u00e9s az eszk\u00f6zzel val\u00f3 kompatibilit\u00e1st.<\/p>\n<p><strong>Vezet\u00e9k n\u00e9lk\u00fcli kiv\u00e1l\u00f3s\u00e1g:<\/strong> Tapasztalja meg az Intel Dual Band technol\u00f3gia erej\u00e9t, amely nemcsak nagy sebess\u00e9g\u0171 vezet\u00e9k n\u00e9lk\u00fcli kapcsolatot, hanem fokozott megb\u00edzhat\u00f3s\u00e1got \u00e9s stabilit\u00e1st is k\u00edn\u00e1l. Ak\u00e1r HD vide\u00f3kat streamel, ak\u00e1r videokonferenci\u00e1kon vesz r\u00e9szt, ak\u00e1r online j\u00e1tszol, ez az AC 9560NGW NGFF k\u00e1rtya kiv\u00e1l\u00f3 teljes\u00edtm\u00e9nyt ny\u00fajt.<\/p>\n<p><strong>Egyszer\u0171 telep\u00edt\u00e9s:<\/strong> Eredeti Intel NGFF k\u00e1rty\u00e1nkkal k\u00f6nnyed\u00e9n friss\u00edtheti laptopj\u00e1t. B\u00e1r nem adunk konkr\u00e9t cser\u00e9re vonatkoz\u00f3 utas\u00edt\u00e1sokat, ha b\u00e1rmilyen k\u00e9rd\u00e9se van, forduljon bizalommal. Val\u00f3di term\u00e9kfot\u00f3ink azt mutatj\u00e1k be, hogy pontosan mit fog kapni, ezzel biztos\u00edtva a v\u00e1s\u00e1rl\u00e1s \u00e1tl\u00e1that\u00f3s\u00e1g\u00e1t.<\/p>\n<p><strong>Sz\u00e1ll\u00edt\u00e1s vil\u00e1gszerte:<\/strong> A Siggmo a hiteles laptop-alkatr\u00e9szek glob\u00e1lis forr\u00e1sa. Tiszt\u00e1ban vagyunk a megb\u00edzhat\u00f3 alkatr\u00e9szek fontoss\u00e1g\u00e1val, \u00e9s a min\u0151s\u00e9g ir\u00e1nti elk\u00f6telezetts\u00e9g\u00fcnk minden \u00e1ltalunk k\u00edn\u00e1lt term\u00e9kben t\u00fckr\u00f6z\u0151dik. Vil\u00e1gszerte sz\u00e1ll\u00edtunk, \u00edgy b\u00e1rhol is van, b\u00edzzon r\u00e1nk, hogy sz\u00e1ll\u00edtjuk a sz\u00fcks\u00e9ges laptop alkatr\u00e9szeket.<\/p>\n<p><strong>Megjegyz\u00e9s:<\/strong> Hisz\u00fcnk \u00fcgyfeleink meger\u0151s\u00edt\u00e9s\u00e9ben. B\u00e1r nem tartalmazunk l\u00e9p\u00e9senk\u00e9nti cser\u00e9re vonatkoz\u00f3 utas\u00edt\u00e1sokat, csapatunk k\u00e9szs\u00e9ggel seg\u00edt. Ha b\u00e1rmilyen k\u00e9rd\u00e9se van, vagy \u00fatmutat\u00e1sra van sz\u00fcks\u00e9ge a telep\u00edt\u00e9si folyamat sor\u00e1n, ne habozzon, \u00edrjon nek\u00fcnk.<\/p>\n<p>Friss\u00edtse HP Chromebook X360 11 G3 EE k\u00e9sz\u00fcl\u00e9k\u00e9t m\u00e9g ma a Siggmo Intel Dual Band AC 9560NGW NGFF k\u00e1rty\u00e1j\u00e1val. B\u00edzzon a min\u0151s\u00e9gben, a teljes\u00edtm\u00e9nyben \u00e9s a glob\u00e1lis sz\u00e1ll\u00edt\u00e1sban. V\u00e1s\u00e1roljon bizalommal eredeti laptop alkatr\u00e9szeket!<\/p>\n","protected":false},"excerpt":{"rendered":"<p>Friss\u00edtse HP Chromebook X360 11 G3 EE k\u00e9sz\u00fcl\u00e9k\u00e9t ezzel az eredeti Intel Dual Band AC 9560NGW NGFF k\u00e1rty\u00e1val. \u00c9lvezze a vill\u00e1mgyors vezet\u00e9k n\u00e9lk\u00fcli sebess\u00e9get ak\u00e1r 1,73 Gbps-ig. B\u00edzzon a Siggm\u00f3ban az autentikus laptop alkatr\u00e9szek\u00e9rt, amelyeket vil\u00e1gszerte sz\u00e1ll\u00edtanak.<\/p>\n","protected":false},"featured_media":5966,"template":"","meta":[],"product_brand":[],"product_cat":[27],"product_tag":[25],"class_list":{"0":"post-5915","1":"product","2":"type-product","3":"status-publish","4":"has-post-thumbnail","6":"product_cat-motherboards-board-parts","7":"product_tag-hp","9":"first","10":"instock","11":"taxable","12":"shipping-taxable","13":"purchasable","14":"product-type-simple"},"_links":{"self":[{"href":"https:\/\/boreait.com\/hu\/wp-json\/wp\/v2\/product\/5915","targetHints":{"allow":["GET"]}}],"collection":[{"href":"https:\/\/boreait.com\/hu\/wp-json\/wp\/v2\/product"}],"about":[{"href":"https:\/\/boreait.com\/hu\/wp-json\/wp\/v2\/types\/product"}],"wp:featuredmedia":[{"embeddable":true,"href":"https:\/\/boreait.com\/hu\/wp-json\/wp\/v2\/media\/5966"}],"wp:attachment":[{"href":"https:\/\/boreait.com\/hu\/wp-json\/wp\/v2\/media?parent=5915"}],"wp:term":[{"taxonomy":"product_brand","embeddable":true,"href":"https:\/\/boreait.com\/hu\/wp-json\/wp\/v2\/product_brand?post=5915"},{"taxonomy":"product_cat","embeddable":true,"href":"https:\/\/boreait.com\/hu\/wp-json\/wp\/v2\/product_cat?post=5915"},{"taxonomy":"product_tag","embeddable":true,"href":"https:\/\/boreait.com\/hu\/wp-json\/wp\/v2\/product_tag?post=5915"}],"curies":[{"name":"wp","href":"https:\/\/api.w.org\/{rel}","templated":true}]}}