{"id":5905,"date":"2025-09-17T11:25:34","date_gmt":"2025-09-17T09:25:34","guid":{"rendered":"https:\/\/boreait.com\/hu\/?post_type=product&#038;p=5905"},"modified":"2025-09-17T11:30:24","modified_gmt":"2025-09-17T09:30:24","slug":"hp-chromebook-x360-11-g3-ee-l41500-9k0-webkamera-kameramodul-eredeti-laptop-alkatreszek","status":"publish","type":"product","link":"https:\/\/boreait.com\/hu\/termek\/hp-chromebook-x360-11-g3-ee-l41500-9k0-webkamera-kameramodul-eredeti-laptop-alkatreszek\/","title":{"rendered":"HP Chromebook X360 11 G3 EE L41500-9K0 webkamera kameramodul \u2013 Eredeti laptop-alkatr\u00e9szek"},"content":{"rendered":"<p>Friss\u00edtse HP Chromebook X360 11 G3 EE k\u00e9sz\u00fcl\u00e9k\u00e9t eredeti webkamera-kameramodulunkkal, amely a z\u00f6kken\u0151mentes videokommunik\u00e1ci\u00f3 elengedhetetlen \u00f6sszetev\u0151je. A k\u00f6zvetlen\u00fcl a gy\u00e1rt\u00f3t\u00f3l beszerzett OEM laptop alkatr\u00e9sz garant\u00e1lja az optim\u00e1lis teljes\u00edtm\u00e9nyt \u00e9s kompatibilit\u00e1st az eszk\u00f6zzel.<\/p>\n<p><strong>F\u0151bb jellemz\u0151k:<\/strong><\/p>\n<ul>\n<li><strong>Kompatibilit\u00e1s:<\/strong> Kifejezetten a HP Chromebook X360 11 G3 EE sz\u00e1m\u00e1ra k\u00e9sz\u00fclt.<\/li>\n<li><strong>Min\u0151s\u00e9gbiztos\u00edt\u00e1s:<\/strong> Eredeti HP laptop alkatr\u00e9sz a megb\u00edzhat\u00f3 \u00e9s egyenletes teljes\u00edtm\u00e9ny \u00e9rdek\u00e9ben.<\/li>\n<li><strong>Egyszer\u0171 telep\u00edt\u00e9s:<\/strong> Probl\u00e9mamentes be\u00e1ll\u00edt\u00e1s a gyors csere \u00e9rdek\u00e9ben.<\/li>\n<li><strong>Tov\u00e1bbfejlesztett vide\u00f3min\u0151s\u00e9g:<\/strong> Gondoskodjon tiszta \u00e9s \u00e9les k\u00e9pr\u0151l a virtu\u00e1lis \u00e9rtekezletekr\u0151l, online \u00f3r\u00e1kr\u00f3l \u00e9s videoh\u00edv\u00e1sokr\u00f3l.<\/li>\n<li><strong>Tart\u00f3s fel\u00e9p\u00edt\u00e9s:<\/strong> \u00dagy tervezt\u00e9k, hogy ellen\u00e1lljon a napi haszn\u00e1latnak, \u00edgy biztos\u00edtva a hossz\u00fa \u00e9lettartamot.<\/li>\n<li>Kompatibilis HP cikksz\u00e1mok: L41500-3L0 L41500-3L1 ,L41500-9K0<\/li>\n<\/ul>\n<p><strong>Mi\u00e9rt v\u00e1lassza a Siggmot?<\/strong> A Siggm\u00f3n\u00e1l b\u00fcszk\u00e9k vagyunk arra, hogy hiteles laptop-alkatr\u00e9szeket k\u00edn\u00e1lunk, amelyek megfelelnek a legmagasabb ipar\u00e1gi szabv\u00e1nyoknak. Webkamera kamera modulunk sem kiv\u00e9tel. Tiszt\u00e1ban vagyunk a funkcion\u00e1lis webkamera fontoss\u00e1g\u00e1val, k\u00fcl\u00f6n\u00f6sen a mai digit\u00e1lis korban. Biztos lehet benne, hogy amikor a Siggmot v\u00e1lasztja, akkor a min\u0151s\u00e9gbe \u00e9s a teljes\u00edtm\u00e9nybe fektet be.<\/p>\n<p>Ak\u00e1r a technol\u00f3gia szerelmese, ak\u00e1r a bark\u00e1csolt laptopjav\u00edt\u00f3, term\u00e9keinket \u00fagy alak\u00edtottuk ki, hogy az \u00e9lm\u00e9ny z\u00f6kken\u0151mentes \u00e9s kifizet\u0151d\u0151 legyen. Eredeti laptop-alkatr\u00e9szeinket vil\u00e1gszerte sz\u00e1ll\u00edtjuk, \u00edgy biztos\u00edtva, hogy b\u00e1rhol hozz\u00e1f\u00e9rhessen a megb\u00edzhat\u00f3 alkatr\u00e9szekhez.<\/p>\n<p>K\u00e9rj\u00fck, vegye figyelembe, hogy b\u00e1r nem adunk l\u00e9p\u00e9senk\u00e9nti cser\u00e9re vonatkoz\u00f3 utas\u00edt\u00e1sokat, csapatunk k\u00e9szen \u00e1ll, hogy seg\u00edtsen. Ha b\u00e1rmilyen k\u00e9rd\u00e9se van, vagy \u00fatmutat\u00e1sra van sz\u00fcks\u00e9ge, forduljon bizalommal. Hisz\u00fcnk abban, hogy \u00fcgyfeleink kez\u00e9be vehetj\u00fck eszk\u00f6zeik karbantart\u00e1s\u00e1t, \u00e9s mi az\u00e9rt vagyunk itt, hogy t\u00e1mogassuk \u00d6nt az \u00faton.<\/p>\n","protected":false},"excerpt":{"rendered":"<p>Fokozza HP Chromebook X360 11 G3 EE funkcionalit\u00e1s\u00e1t ezzel az eredeti webkamera-kameramodullal. A tart\u00f3ss\u00e1g \u00e9s a kompatibilit\u00e1s jegy\u00e9ben k\u00e9sz\u00fclt, ez az OEM laptop alkatr\u00e9sz \u00e9les vide\u00f3min\u0151s\u00e9get biztos\u00edt online \u00e9rtekezletek, \u00f3r\u00e1k \u00e9s egyebek sz\u00e1m\u00e1ra. K\u00f6nnyen telep\u00edthet\u0151, probl\u00e9mamentes megold\u00e1st k\u00edn\u00e1l laptopja kameramodulj\u00e1nak cser\u00e9j\u00e9re. B\u00edzzon a Siggm\u00f3ban az autentikus laptop-alkatr\u00e9szek\u00e9rt, amelyeket vil\u00e1gszerte sz\u00e1ll\u00edtanak.<\/p>\n","protected":false},"featured_media":5960,"template":"","meta":[],"product_brand":[],"product_cat":[23],"product_tag":[25],"class_list":{"0":"post-5905","1":"product","2":"type-product","3":"status-publish","4":"has-post-thumbnail","6":"product_cat-laptop-camera","7":"product_tag-hp","9":"first","10":"instock","11":"taxable","12":"shipping-taxable","13":"purchasable","14":"product-type-simple"},"_links":{"self":[{"href":"https:\/\/boreait.com\/hu\/wp-json\/wp\/v2\/product\/5905","targetHints":{"allow":["GET"]}}],"collection":[{"href":"https:\/\/boreait.com\/hu\/wp-json\/wp\/v2\/product"}],"about":[{"href":"https:\/\/boreait.com\/hu\/wp-json\/wp\/v2\/types\/product"}],"wp:featuredmedia":[{"embeddable":true,"href":"https:\/\/boreait.com\/hu\/wp-json\/wp\/v2\/media\/5960"}],"wp:attachment":[{"href":"https:\/\/boreait.com\/hu\/wp-json\/wp\/v2\/media?parent=5905"}],"wp:term":[{"taxonomy":"product_brand","embeddable":true,"href":"https:\/\/boreait.com\/hu\/wp-json\/wp\/v2\/product_brand?post=5905"},{"taxonomy":"product_cat","embeddable":true,"href":"https:\/\/boreait.com\/hu\/wp-json\/wp\/v2\/product_cat?post=5905"},{"taxonomy":"product_tag","embeddable":true,"href":"https:\/\/boreait.com\/hu\/wp-json\/wp\/v2\/product_tag?post=5905"}],"curies":[{"name":"wp","href":"https:\/\/api.w.org\/{rel}","templated":true}]}}