{"id":590,"date":"2025-09-17T09:28:29","date_gmt":"2025-09-17T07:28:29","guid":{"rendered":"https:\/\/boreait.com\/hu\/?post_type=product&#038;p=590"},"modified":"2025-09-17T09:28:58","modified_gmt":"2025-09-17T07:28:58","slug":"a144n1-dell-latitude-e5450-csuklotamasz-fedel-c-haz-burkolat-burkolata-ap13d000d00","status":"publish","type":"product","link":"https:\/\/boreait.com\/hu\/termek\/a144n1-dell-latitude-e5450-csuklotamasz-fedel-c-haz-burkolat-burkolata-ap13d000d00\/","title":{"rendered":"A144N1 Dell Latitude E5450 csukl\u00f3t\u00e1masz fed\u00e9l C h\u00e1z burkolat burkolata AP13D000D00"},"content":{"rendered":"<div class=\"s-item__title s-item__title--with-icon\"><span role=\"heading\">CN-A144N1 A DELL LATITUDE E5450 TENY\u00c9Rt\u00e1maszhoz \u00c9RINT\u0150L\u00c9PEN<\/span><\/div>\n<div>\n<p>Fokozza Dell Latitude E5450 laptopja megjelen\u00e9s\u00e9t \u00e9s v\u00e9delm\u00e9t az A144N1 csukl\u00f3t\u00e1masz bor\u00edt\u00f3val C tokv\u00e9d\u0151 h\u00e9jjal. Ezt az eredeti Dell cserealkatr\u00e9szt \u00fagy tervezt\u00e9k, hogy t\u00f6k\u00e9letesen illeszkedjen laptopj\u00e1hoz, \u00e9s eleg\u00e1ns, professzion\u00e1lis megjelen\u00e9st biztos\u00edtson.<\/p>\n<p>Id\u0151vel a laptop csukl\u00f3t\u00e1masz-burkolat\u00e1nak C h\u00e1z\u00e1nak burkolata megkarcol\u00f3dhat, megrepedhet vagy megs\u00e9r\u00fclhet, ami hat\u00e1ssal van a bels\u0151 alkatr\u00e9szek eszt\u00e9tikai \u00e9s v\u00e9delm\u00e9re egyar\u00e1nt. Ha a burkolatot az A144N1 csukl\u00f3t\u00e1masz fed\u00e9l C tok fedel\u00e9re cser\u00e9li, vissza\u00e1ll\u00edthatja az eredeti megjelen\u00e9st, \u00e9s meg\u00f3vhatja a k\u00e9nyes bels\u0151 alkatr\u00e9szeket.<\/p>\n<p>Az A144N1 csukl\u00f3t\u00e1masz-burkolat C tokburkolata k\u00f6zvetlen\u00fcl a Dellt\u0151l sz\u00e1rmazik, \u00edgy kompatibilit\u00e1st, megb\u00edzhat\u00f3s\u00e1got \u00e9s optim\u00e1lis teljes\u00edtm\u00e9nyt biztos\u00edt Latitude E5450 laptopja sz\u00e1m\u00e1ra. Kiv\u00e1l\u00f3 min\u0151s\u00e9g\u0171 anyagokb\u00f3l k\u00e9sz\u00fclt, amelyek tart\u00f3ss\u00e1got \u00e9s pr\u00e9mium megjelen\u00e9st \u00e9s \u00e9rzetet biztos\u00edtanak.<\/p>\n<p>Az A144N1 csukl\u00f3t\u00e1masz burkolat C Case Cover Shell telep\u00edt\u00e9se egyszer\u0171 folyamat. Egyszer\u0171en t\u00e1vol\u00edtsa el a r\u00e9gi fedelet, \u00e9s cser\u00e9lje ki az \u00fajra, biztos\u00edtva a megfelel\u0151 be\u00e1ll\u00edt\u00e1st \u00e9s a biztons\u00e1gos r\u00f6gz\u00edt\u00e9st. Ez egy k\u00f6lts\u00e9ghat\u00e9kony megold\u00e1s, amely lehet\u0151v\u00e9 teszi, hogy vissza\u00e1ll\u00edtsa laptopja eleg\u00e1ns megjelen\u00e9s\u00e9t \u00e9s v\u00e9delm\u00e9t an\u00e9lk\u00fcl, hogy teljes rendszercser\u00e9re lenne sz\u00fcks\u00e9g.<\/p>\n<p>V\u00e9dje meg \u00e9s jav\u00edtsa ki Dell Latitude E5450 laptopja eszt\u00e9tik\u00e1j\u00e1t az A144N1 csukl\u00f3t\u00e1masz bor\u00edt\u00f3val C tokv\u00e9d\u0151 h\u00e9jjal. Adjon meg\u00fajult k\u00fcls\u0151t laptopj\u00e1nak, \u00e9s \u00e9lvezze az eredeti Dell cserealkatr\u00e9szek el\u0151nyeit. V\u00e1s\u00e1roljon n\u00e1lunk most, \u00e9s tapasztalja meg a k\u00fcl\u00f6nbs\u00e9get.<\/p>\n<\/div>\n","protected":false},"excerpt":{"rendered":"<p>Cser\u00e9lje ki a Dell Latitude E5450 laptopj\u00e1n a csukl\u00f3t\u00e1masz-burkolat C tokburkolat\u00e1nak burkolat\u00e1t az A144N1 csukl\u00f3t\u00e1masz-fed\u00e9l C-tok fedel\u00e9re. Ez az eredeti Dell cserealkatr\u00e9sz t\u00f6k\u00e9letes illeszked\u00e9st biztos\u00edt, \u00e9s visszaadja laptopja eleg\u00e1ns megjelen\u00e9s\u00e9t. V\u00e9dje a bels\u0151 alkatr\u00e9szeket, \u00e9s jav\u00edtsa a Dell Latitude E5450 \u00e1ltal\u00e1nos eszt\u00e9tik\u00e1j\u00e1t. V\u00e1s\u00e1roljon most, \u00e9s ruh\u00e1zza fel laptopj\u00e1t egy meg\u00fajult csukl\u00f3t\u00e1masz bor\u00edt\u00e1ssal.<\/p>\n","protected":false},"featured_media":625,"template":"","meta":[],"product_brand":[],"product_cat":[16],"product_tag":[17],"class_list":{"0":"post-590","1":"product","2":"type-product","3":"status-publish","4":"has-post-thumbnail","6":"product_cat-laptop-housing","7":"product_tag-dell","9":"first","10":"instock","11":"taxable","12":"shipping-taxable","13":"purchasable","14":"product-type-simple"},"_links":{"self":[{"href":"https:\/\/boreait.com\/hu\/wp-json\/wp\/v2\/product\/590","targetHints":{"allow":["GET"]}}],"collection":[{"href":"https:\/\/boreait.com\/hu\/wp-json\/wp\/v2\/product"}],"about":[{"href":"https:\/\/boreait.com\/hu\/wp-json\/wp\/v2\/types\/product"}],"wp:featuredmedia":[{"embeddable":true,"href":"https:\/\/boreait.com\/hu\/wp-json\/wp\/v2\/media\/625"}],"wp:attachment":[{"href":"https:\/\/boreait.com\/hu\/wp-json\/wp\/v2\/media?parent=590"}],"wp:term":[{"taxonomy":"product_brand","embeddable":true,"href":"https:\/\/boreait.com\/hu\/wp-json\/wp\/v2\/product_brand?post=590"},{"taxonomy":"product_cat","embeddable":true,"href":"https:\/\/boreait.com\/hu\/wp-json\/wp\/v2\/product_cat?post=590"},{"taxonomy":"product_tag","embeddable":true,"href":"https:\/\/boreait.com\/hu\/wp-json\/wp\/v2\/product_tag?post=590"}],"curies":[{"name":"wp","href":"https:\/\/api.w.org\/{rel}","templated":true}]}}