{"id":5896,"date":"2025-09-17T11:23:26","date_gmt":"2025-09-17T09:23:26","guid":{"rendered":"https:\/\/boreait.com\/hu\/?post_type=product&#038;p=5896"},"modified":"2025-09-17T11:30:24","modified_gmt":"2025-09-17T09:30:24","slug":"eredeti-hp-chromebook-x360-11-g3-ee-fenykepezogep-eredeti-laptop-alkatreszek-csere","status":"publish","type":"product","link":"https:\/\/boreait.com\/hu\/termek\/eredeti-hp-chromebook-x360-11-g3-ee-fenykepezogep-eredeti-laptop-alkatreszek-csere\/","title":{"rendered":"Eredeti HP Chromebook X360 11 G3 EE f\u00e9nyk\u00e9pez\u0151g\u00e9p \u2013 Eredeti laptop-alkatr\u00e9szek csere"},"content":{"rendered":"<p>Friss\u00edtse HP Chromebook X360 11 G3 EE k\u00e9sz\u00fcl\u00e9k\u00e9t a Siggmo eredeti f\u00e9nyk\u00e9pez\u0151g\u00e9p-cser\u00e9j\u00e9vel. Ez az eredeti alkatr\u00e9sz biztos\u00edtja az optim\u00e1lis teljes\u00edtm\u00e9nyt \u00e9s a k\u00e9sz\u00fcl\u00e9kkel val\u00f3 kompatibilit\u00e1st.<\/p>\n<p><strong>F\u0151bb jellemz\u0151k:<\/strong><\/p>\n<ul>\n<li><strong>Eredeti HP alkatr\u00e9sz:<\/strong> Az eredetis\u00e9g sz\u00e1m\u00edt. Ez a cserekamera egy eredeti HP term\u00e9k, amely garant\u00e1lja a min\u0151s\u00e9get \u00e9s a kompatibilit\u00e1st.<\/li>\n<li><strong>Kompatibilit\u00e1s:<\/strong> Kifejezetten a HP Chromebook X360 11 G3 EE k\u00e9sz\u00fcl\u00e9khez tervezt\u00e9k, garant\u00e1lva a z\u00f6kken\u0151mentes illeszked\u00e9st \u00e9s m\u0171k\u00f6d\u00e9st.<\/li>\n<li><strong>Egyszer\u0171 telep\u00edt\u00e9s:<\/strong> B\u00e1r nem adunk telep\u00edt\u00e9si utas\u00edt\u00e1sokat, eredeti alkatr\u00e9szeink felhaszn\u00e1l\u00f3bar\u00e1tak. Ha seg\u00edts\u00e9gre van sz\u00fcks\u00e9ge, nyugodtan \u00edrjon nek\u00fcnk.<\/li>\n<li><strong>Val\u00f3di term\u00e9kfot\u00f3k:<\/strong> amit l\u00e1tsz, azt kapod. Adatlapjainkon a kapott term\u00e9kr\u0151l k\u00e9sz\u00fclt t\u00e9nyleges f\u00e9nyk\u00e9pek l\u00e1that\u00f3k, \u00edgy \u00e1tl\u00e1that\u00f3s\u00e1got \u00e9s magabiztoss\u00e1got biztos\u00edtanak a v\u00e1s\u00e1rl\u00e1shoz.<\/li>\n<li><strong>Sz\u00e1ll\u00edt\u00e1s az eg\u00e9sz vil\u00e1gon:<\/strong> Nem sz\u00e1m\u00edt, hol tart\u00f3zkodik, megb\u00edzhat\u00f3, vil\u00e1gm\u00e9ret\u0171 sz\u00e1ll\u00edt\u00e1st k\u00edn\u00e1lunk, hogy biztosan megkapja a sz\u00fcks\u00e9ges alkatr\u00e9szeket.<\/li>\n<\/ul>\n<p> \u00c1ll\u00edtsa vissza laptopja teljes funkcionalit\u00e1s\u00e1t, ha lecser\u00e9li a kamer\u00e1t erre az eredeti alkatr\u00e9szre. K\u00e9rj\u00fck, vegye figyelembe, hogy nem adunk konkr\u00e9t \u00fatmutat\u00e1st az alkatr\u00e9szcser\u00e9re vonatkoz\u00f3an, de csapatunk k\u00e9szs\u00e9ggel seg\u00edt b\u00e1rmilyen k\u00e9rd\u00e9sben. V\u00e1s\u00e1roljon bizalommal a Siggm\u00f3t\u00f3l, az eredeti laptop-alkatr\u00e9szek megb\u00edzhat\u00f3 forr\u00e1s\u00e1t\u00f3l.<\/p>\n","protected":false},"excerpt":{"rendered":"<p>Fejlessze fel HP Chromebook X360 11 G3 EE k\u00e9sz\u00fcl\u00e9k\u00e9t ezzel az eredeti f\u00e9nyk\u00e9pez\u0151g\u00e9p-cser\u00e9vel. \u00c1ll\u00edtsa vissza laptopja funkcionalit\u00e1s\u00e1t a Siggmo eredeti alkatr\u00e9sz\u00e9vel. V\u00e1s\u00e1roljon bizalommal; A term\u00e9kr\u0151l k\u00e9sz\u00fclt val\u00f3di f\u00e9nyk\u00e9pek biztos\u00edtj\u00e1k, hogy azt kapd, amit l\u00e1tsz. Vil\u00e1gszerte el\u00e9rhet\u0151 sz\u00e1ll\u00edt\u00e1s.<\/p>\n","protected":false},"featured_media":5959,"template":"","meta":[],"product_brand":[],"product_cat":[23],"product_tag":[25],"class_list":{"0":"post-5896","1":"product","2":"type-product","3":"status-publish","4":"has-post-thumbnail","6":"product_cat-laptop-camera","7":"product_tag-hp","9":"first","10":"instock","11":"taxable","12":"shipping-taxable","13":"purchasable","14":"product-type-simple"},"_links":{"self":[{"href":"https:\/\/boreait.com\/hu\/wp-json\/wp\/v2\/product\/5896","targetHints":{"allow":["GET"]}}],"collection":[{"href":"https:\/\/boreait.com\/hu\/wp-json\/wp\/v2\/product"}],"about":[{"href":"https:\/\/boreait.com\/hu\/wp-json\/wp\/v2\/types\/product"}],"wp:featuredmedia":[{"embeddable":true,"href":"https:\/\/boreait.com\/hu\/wp-json\/wp\/v2\/media\/5959"}],"wp:attachment":[{"href":"https:\/\/boreait.com\/hu\/wp-json\/wp\/v2\/media?parent=5896"}],"wp:term":[{"taxonomy":"product_brand","embeddable":true,"href":"https:\/\/boreait.com\/hu\/wp-json\/wp\/v2\/product_brand?post=5896"},{"taxonomy":"product_cat","embeddable":true,"href":"https:\/\/boreait.com\/hu\/wp-json\/wp\/v2\/product_cat?post=5896"},{"taxonomy":"product_tag","embeddable":true,"href":"https:\/\/boreait.com\/hu\/wp-json\/wp\/v2\/product_tag?post=5896"}],"curies":[{"name":"wp","href":"https:\/\/api.w.org\/{rel}","templated":true}]}}