{"id":5867,"date":"2025-09-17T11:22:17","date_gmt":"2025-09-17T09:22:17","guid":{"rendered":"https:\/\/boreait.com\/hu\/?post_type=product&#038;p=5867"},"modified":"2025-09-17T11:29:51","modified_gmt":"2025-09-17T09:29:51","slug":"egyedi-laptop-billentyuzet-billentyu-a-hp-15-ef-15s-eq-15-dy-sorozathoz-us-layout-l63578-001-cikk","status":"publish","type":"product","link":"https:\/\/boreait.com\/hu\/termek\/egyedi-laptop-billentyuzet-billentyu-a-hp-15-ef-15s-eq-15-dy-sorozathoz-us-layout-l63578-001-cikk\/","title":{"rendered":"Egyedi laptop billenty\u0171zet billenty\u0171 a HP 15-EF, 15S-EQ, 15-DY sorozathoz \u2013 US Layout \u2013 L63578-001 cikk"},"content":{"rendered":"<div class=\"w-full text-token-text-primary\" data-testid=\"conversation-turn-7\">\n<div class=\"px-4 py-2 justify-center text-base md:gap-6 m-auto\">\n<div class=\"flex flex-1 text-base mx-auto gap-3 md:px-5 lg:px-1 xl:px-5 md:max-w-3xl lg:max-w-[40rem] xl:max-w-[48rem] group\">\n<div class=\"relative flex w-full flex-col lg:w-[calc(100%-115px)] agent-turn\">\n<div class=\"flex-col gap-1 md:gap-3\">\n<div class=\"flex flex-grow flex-col max-w-full\">\n<div class=\"min-h-[20px] text-message flex flex-col items-start gap-3 whitespace-pre-wrap break-words [.text-message+&amp;]:mt-5 overflow-x-auto\" data-message-author-role=\"asszisztens\" data-message-id=\"42575e8b-b6da-4748-a5d3-20e792bc98e8\">\n<div class=\"markdown prose w-full break-words dark:prose-invert light\">\n<p><strong>A RENDELKEZ\u00c9SRE VONATKOZ\u00d3 KULCSOK AZ ADATLAP FOT\u00d3J\u00c1N L\u00c1THAT\u00d3K!<\/strong><\/p>\n<p>K\u00e9rj\u00fck, k\u00fcldj\u00f6n nek\u00fcnk \u00fczenetet a megrendel\u00e9s ut\u00e1n, \u00e9s tudassa vel\u00fcnk, melyik kulcsra\/kulcsokra van sz\u00fcks\u00e9ge.<\/p>\n<p>N\u00f6velje meg a HP 15-EF, 15S-EQ vagy 15-DY laptopok \u00e9lm\u00e9ny\u00e9t egy\u00e9ni egyes\u00fclt \u00e1llamokbeli billenty\u0171zet-billenty\u0171kkel. T\u00f6k\u00e9letes a hi\u00e1nyz\u00f3 vagy s\u00e9r\u00fclt billenty\u0171k p\u00f3tl\u00e1s\u00e1ra, ez a lista tartalmazza a billenty\u0171zet billenty\u0171j\u00e9t \u00e9s a sz\u00fcks\u00e9ges billenty\u0171zetkapcsokat (csukl\u00f3p\u00e1ntokat) a probl\u00e9mamentes cserefolyamat \u00e9rdek\u00e9ben.<\/p>\n<p>Ez az eredeti HP laptop alkatr\u00e9sz kompatibilis a 15-EF0023DX, 15S-EQ \u00e9s 15-DY1024WM modellekkel, \u00edgy biztos\u00edtva a pontos illeszked\u00e9st az eszk\u00f6zh\u00f6z. Min\u0151s\u00e9gi laptop-alkatr\u00e9szek beszerz\u00e9se ir\u00e1nt elk\u00f6telezett elad\u00f3k\u00e9nt val\u00f3di f\u00e9nyk\u00e9peket k\u00edn\u00e1lunk a list\u00e1ban, \u00edgy \u00e1tl\u00e1that\u00f3 k\u00e9pet adunk a pontos alkatr\u00e9szekr\u0151l, amelyeket kap.<\/p>\n<p>Az \u00d6n k\u00e9nyelme \u00e9rdek\u00e9ben az \u00f6sszes el\u00e9rhet\u0151 billenty\u0171zetbillenty\u0171 megjelenik a list\u00e1ban szerepl\u0151 f\u00e9nyk\u00e9peken, \u00edgy magabiztosan v\u00e1laszthatja ki a sz\u00fcks\u00e9ges billenty\u0171ket. SEO-tudatos elad\u00f3k\u00e9nt el\u0151nyben r\u00e9szes\u00edtj\u00fck az olyan kulcsszavakat, mint a \u201elaptop alkatr\u00e9szek\u201d, hogy seg\u00edts\u00fcnk \u00d6nnek k\u00f6nnyed\u00e9n megtal\u00e1lni a sz\u00fcks\u00e9ges alkatr\u00e9szeket.<\/p>\n<p>K\u00e9rj\u00fck, vegye figyelembe, hogy a billenty\u0171zet billenty\u0171je nem tartalmaz utas\u00edt\u00e1sokat. Ha azonban seg\u00edts\u00e9gre van sz\u00fcks\u00e9ge a csere folyamata sor\u00e1n, b\u00e1tran forduljon \u00fczenetben. \u00dcgyf\u00e9lszolg\u00e1lati csapatunk k\u00e9szen \u00e1ll, hogy seg\u00edtsen \u00d6nnek.<\/p>\n<p>Az \u00faj kulcs behelyez\u00e9sekor \u00f3vatosan kezelje, \u00e9s ne er\u0151ltesse a hely\u00e9re, mivel a zsan\u00e9rok k\u00e9nyesek. Ellen\u0151rizze a mell\u00e9kelt cikksz\u00e1mokat (L63578-001, L60341-001, L63678-001, M17184-001), \u00e9s a kompatibilit\u00e1s biztos\u00edt\u00e1sa \u00e9rdek\u00e9ben illessze a szerelv\u00e9nyeket a megl\u00e9v\u0151 billenty\u0171zet\u00e9hez.<\/p>\n<p>Gondoskodjon HP laptopj\u00e1nak z\u00f6kken\u0151mentes friss\u00edt\u00e9s\u00e9r\u0151l kiv\u00e1l\u00f3 min\u0151s\u00e9g\u0171 egyedi billenty\u0171zetbillenty\u0171inkkel \u2013 rendelje meg saj\u00e1tj\u00e1t m\u00e9g ma!<\/p>\n<\/div>\n<\/div>\n<\/div>\n<div class=\"mt-1 flex justify-start gap-3 empty:hidden\">\n<div class=\"text-gray-400 flex self-end lg:self-center justify-center lg:justify-start mt-0 gap-1 l\u00e1that\u00f3\">\n<p>&nbsp;<\/p>\n<div class=\"flex gap-1\"><\/div>\n<\/div>\n<\/div>\n<\/div>\n<\/div>\n<\/div>\n<\/div>\n<\/div>\n<div class=\"w-full text-token-text-primary\" data-testid=\"conversation-turn-8\">\n<div class=\"px-4 py-2 justify-center text-base md:gap-6 m-auto\">\n<div class=\"flex flex-1 text-base mx-auto gap-3 md:px-5 lg:px-1 xl:px-5 md:max-w-3xl lg:max-w-[40rem] xl:max-w-[48rem] group\">\n<div class=\"flex-shrink-0 flex flex-col relat\u00edv elemek-v\u00e9ge\">\n<div>\n<div class=\"pt-0.5\">\n<div class=\"gizmo-shadow-stroke flex h-6 w-6 items-center justify-center overflow-hidden rounded-full\"><\/div>\n<\/div>\n<\/div>\n<\/div>\n<\/div>\n<\/div>\n<\/div>\n","protected":false},"excerpt":{"rendered":"<p>Cser\u00e9lje ki a hi\u00e1nyz\u00f3 vagy s\u00e9r\u00fclt billenty\u0171ket HP 15-EF, 15S-EQ vagy 15-DY laptopj\u00e1n egyedi amerikai billenty\u0171zetkioszt\u00e1s\u00fa billenty\u0171nkkel. A list\u00e1n szerepl\u0151 val\u00f3di fot\u00f3k vil\u00e1gos k\u00e9pet adnak a kapott alkatr\u00e9szekr\u0151l. A csomag tartalmazza a kulcsot \u00e9s a n\u00e9lk\u00fcl\u00f6zhetetlen billenty\u0171zetkapcsokat (zsan\u00e9rokat). Megjegyz\u00e9s: Nincsenek utas\u00edt\u00e1sok; a seg\u00edts\u00e9g csak egy \u00fczenetre van. Finom zsan\u00e9rok \u2013 b\u00e1njon \u00f3vatosan!<\/p>\n","protected":false},"featured_media":5931,"template":"","meta":[],"product_brand":[],"product_cat":[24],"product_tag":[25],"class_list":{"0":"post-5867","1":"product","2":"type-product","3":"status-publish","4":"has-post-thumbnail","6":"product_cat-individual-keyboard-keys","7":"product_tag-hp","9":"first","10":"instock","11":"taxable","12":"shipping-taxable","13":"purchasable","14":"product-type-simple"},"_links":{"self":[{"href":"https:\/\/boreait.com\/hu\/wp-json\/wp\/v2\/product\/5867","targetHints":{"allow":["GET"]}}],"collection":[{"href":"https:\/\/boreait.com\/hu\/wp-json\/wp\/v2\/product"}],"about":[{"href":"https:\/\/boreait.com\/hu\/wp-json\/wp\/v2\/types\/product"}],"wp:featuredmedia":[{"embeddable":true,"href":"https:\/\/boreait.com\/hu\/wp-json\/wp\/v2\/media\/5931"}],"wp:attachment":[{"href":"https:\/\/boreait.com\/hu\/wp-json\/wp\/v2\/media?parent=5867"}],"wp:term":[{"taxonomy":"product_brand","embeddable":true,"href":"https:\/\/boreait.com\/hu\/wp-json\/wp\/v2\/product_brand?post=5867"},{"taxonomy":"product_cat","embeddable":true,"href":"https:\/\/boreait.com\/hu\/wp-json\/wp\/v2\/product_cat?post=5867"},{"taxonomy":"product_tag","embeddable":true,"href":"https:\/\/boreait.com\/hu\/wp-json\/wp\/v2\/product_tag?post=5867"}],"curies":[{"name":"wp","href":"https:\/\/api.w.org\/{rel}","templated":true}]}}