{"id":5866,"date":"2025-09-17T11:22:17","date_gmt":"2025-09-17T09:22:17","guid":{"rendered":"https:\/\/boreait.com\/hu\/?post_type=product&#038;p=5866"},"modified":"2025-09-17T11:29:28","modified_gmt":"2025-09-17T09:29:28","slug":"egyedi-laptopbillentyuzet-a-dell-latitude-e5550-hez-precision-3510-7510-hattervilagitas-0hyrf9-resz","status":"publish","type":"product","link":"https:\/\/boreait.com\/hu\/termek\/egyedi-laptopbillentyuzet-a-dell-latitude-e5550-hez-precision-3510-7510-hattervilagitas-0hyrf9-resz\/","title":{"rendered":"Egyedi laptopbillenty\u0171zet a Dell Latitude E5550-hez, Precision 3510\/7510 &#8211; H\u00e1tt\u00e9rvil\u00e1g\u00edt\u00e1s &#8211; 0HYRF9 r\u00e9sz"},"content":{"rendered":"<div class=\"w-full text-token-text-primary\" data-testid=\"conversation-turn-9\">\n<div class=\"px-4 py-2 justify-center text-base md:gap-6 m-auto\">\n<div class=\"flex flex-1 text-base mx-auto gap-3 md:px-5 lg:px-1 xl:px-5 md:max-w-3xl lg:max-w-[40rem] xl:max-w-[48rem] group final-completion\">\n<div class=\"relative flex w-full flex-col lg:w-[calc(100%-115px)] agent-turn\">\n<div class=\"flex-col gap-1 md:gap-3\">\n<div class=\"flex flex-grow flex-col max-w-full\">\n<div class=\"min-h-[20px] text-message flex flex-col items-start gap-3 whitespace-pre-wrap break-words [.text-message+&amp;]:mt-5 overflow-x-auto\" data-message-author-role=\"asszisztens\" data-message-id=\"6e18d573-4a56-411b-923f-00c661d65afb\">\n<div class=\"markdown prose w-full break-words dark:prose-invert light\">\n<p><strong>A RENDELKEZ\u00c9SRE VONATKOZ\u00d3 KULCSOK AZ ADATLAP FOT\u00d3J\u00c1N L\u00c1THAT\u00d3K!<\/strong><\/p>\n<p>K\u00e9rj\u00fck, k\u00fcldj\u00f6n nek\u00fcnk \u00fczenetet a megrendel\u00e9s ut\u00e1n, \u00e9s tudassa vel\u00fcnk, melyik kulcsra\/kulcsokra van sz\u00fcks\u00e9ge.<\/p>\n<p>Alak\u00edtsa \u00e1t Dell Latitude E5550 vagy Precision 3510\/7510 laptopj\u00e1t egy\u00e9ni h\u00e1tt\u00e9rvil\u00e1g\u00edt\u00e1s\u00fa billenty\u0171zet\u00fcnkkel. Ez az eredeti Dell laptop alkatr\u00e9sz, amelyet a 0HYRF9 cikksz\u00e1m azonos\u00edt, t\u00f6k\u00e9letes megold\u00e1s a hi\u00e1nyz\u00f3 vagy s\u00e9r\u00fclt kulcsok p\u00f3tl\u00e1s\u00e1ra.<\/p>\n<p>Az \u00e1tl\u00e1that\u00f3s\u00e1g ir\u00e1nti elk\u00f6telezetts\u00e9g\u00fcnk a list\u00e1n szerepl\u0151 val\u00f3di f\u00e9nyk\u00e9peken is megmutatkozik, \u00edgy vil\u00e1gos k\u00e9pet ad arr\u00f3l, hogy pontosan melyik r\u00e9szt kapja meg. Min\u0151s\u00e9gi laptop-alkatr\u00e9szekre szakosodott elad\u00f3k\u00e9nt meg\u00e9rtj\u00fck term\u00e9keink pontos bemutat\u00e1s\u00e1nak fontoss\u00e1g\u00e1t.<\/p>\n<p>Ez a lista a SEO-tudatos v\u00e1s\u00e1rl\u00f3kat szolg\u00e1lja ki, \u00e9s olyan kulcsszavakra helyezi a hangs\u00falyt, mint a \u201elaptop alkatr\u00e9szek\u201d, hogy egyszer\u0171s\u00edtse a keresett alkatr\u00e9szeket. A csomag tartalmazza az egyedi billenty\u0171zetbillenty\u0171t \u00e9s az alapvet\u0151 billenty\u0171zetkapcsokat (zsan\u00e9rokat), amelyek \u00e1tfog\u00f3 cseremegold\u00e1st biztos\u00edtanak.<\/p>\n<p>K\u00e9rj\u00fck, vegye figyelembe, hogy a billenty\u0171zet billenty\u0171je nem tartalmaz utas\u00edt\u00e1sokat. Ha azonban seg\u00edts\u00e9gre van sz\u00fcks\u00e9ge a cserefolyamat sor\u00e1n, elk\u00f6telezett \u00fcgyf\u00e9lszolg\u00e1lati csapatunk csak egy \u00fczenetre van, \u00e9s k\u00e9szen \u00e1ll a seg\u00edts\u00e9g\u00e9re.<\/p>\n<p>Az \u00faj kulcs behelyez\u00e9sekor \u00f3vatosan kezelje, \u00e9s ne er\u0151ltesse a hely\u00e9re, mivel a zsan\u00e9rok k\u00e9nyesek. A kompatibilit\u00e1s biztos\u00edt\u00e1sa \u00e9rdek\u00e9ben ellen\u0151rizze a mell\u00e9kelt cikksz\u00e1mot (0HYRF9), \u00e9s illessze a szerelv\u00e9nyeket a megl\u00e9v\u0151 billenty\u0171zet\u00e9hez.<\/p>\n<p>Az \u00f6sszes el\u00e9rhet\u0151 billenty\u0171zetbillenty\u0171 megjelenik a list\u00e1ban szerepl\u0151 f\u00e9nyk\u00e9peken, \u00edgy magabiztosan v\u00e1laszthatja ki a sz\u00fcks\u00e9ges billenty\u0171ket. Friss\u00edtse Dell laptopj\u00e1t kiv\u00e1l\u00f3 min\u0151s\u00e9g\u0171 egyedi billenty\u0171zet-billenty\u0171inkkel \u2013 rendelje meg saj\u00e1tj\u00e1t m\u00e9g ma!<\/p>\n<\/div>\n<\/div>\n<\/div>\n<div class=\"mt-1 flex justify-start gap-3 empty:hidden\">\n<div class=\"text-gray-400 flex self-end lg:self-center justify-center lg:justify-start mt-0 gap-1 l\u00e1that\u00f3\">\n<p>&nbsp;<\/p>\n<div class=\"flex gap-1\"><\/div>\n<div class=\"flex items-center gap-1.5 text-xs\"><\/div>\n<\/div>\n<\/div>\n<\/div>\n<\/div>\n<\/div>\n<\/div>\n<\/div>\n<div class=\"mx-auto\">\n<div data-projection-id=\"56\">\n<div class=\"mx-auto mt-2 inline-flex rounded-xl border border-grey-100 dark:border-gray-700\"><\/div>\n<\/div>\n<\/div>\n","protected":false},"excerpt":{"rendered":"<p>Friss\u00edtse Dell Latitude E5550 vagy Precision 3510\/7510 laptopj\u00e1t egyedi h\u00e1tt\u00e9rvil\u00e1g\u00edt\u00e1s\u00fa billenty\u0171zet\u00fcnkkel. A list\u00e1n szerepl\u0151 val\u00f3di fot\u00f3k pontosan azt a r\u00e9szt mutatj\u00e1k be, amelyet kapni fog, bele\u00e9rtve a billenty\u0171zetkapcsokat (csukl\u00f3p\u00e1ntokat). A csomag tartalmazza a kulcsot a z\u00f6kken\u0151mentes cser\u00e9hez. Megjegyz\u00e9s: Nincsenek utas\u00edt\u00e1sok, de a seg\u00edts\u00e9g csak egy \u00fczenetre van. Finom zsan\u00e9rok \u2013 b\u00e1njon \u00f3vatosan!<\/p>\n","protected":false},"featured_media":5926,"template":"","meta":[],"product_brand":[],"product_cat":[24],"product_tag":[17],"class_list":{"0":"post-5866","1":"product","2":"type-product","3":"status-publish","4":"has-post-thumbnail","6":"product_cat-individual-keyboard-keys","7":"product_tag-dell","9":"first","10":"instock","11":"taxable","12":"shipping-taxable","13":"purchasable","14":"product-type-simple"},"_links":{"self":[{"href":"https:\/\/boreait.com\/hu\/wp-json\/wp\/v2\/product\/5866","targetHints":{"allow":["GET"]}}],"collection":[{"href":"https:\/\/boreait.com\/hu\/wp-json\/wp\/v2\/product"}],"about":[{"href":"https:\/\/boreait.com\/hu\/wp-json\/wp\/v2\/types\/product"}],"wp:featuredmedia":[{"embeddable":true,"href":"https:\/\/boreait.com\/hu\/wp-json\/wp\/v2\/media\/5926"}],"wp:attachment":[{"href":"https:\/\/boreait.com\/hu\/wp-json\/wp\/v2\/media?parent=5866"}],"wp:term":[{"taxonomy":"product_brand","embeddable":true,"href":"https:\/\/boreait.com\/hu\/wp-json\/wp\/v2\/product_brand?post=5866"},{"taxonomy":"product_cat","embeddable":true,"href":"https:\/\/boreait.com\/hu\/wp-json\/wp\/v2\/product_cat?post=5866"},{"taxonomy":"product_tag","embeddable":true,"href":"https:\/\/boreait.com\/hu\/wp-json\/wp\/v2\/product_tag?post=5866"}],"curies":[{"name":"wp","href":"https:\/\/api.w.org\/{rel}","templated":true}]}}