{"id":5864,"date":"2025-09-17T11:22:17","date_gmt":"2025-09-17T09:22:17","guid":{"rendered":"https:\/\/boreait.com\/hu\/?post_type=product&#038;p=5864"},"modified":"2026-03-18T12:21:54","modified_gmt":"2026-03-18T11:21:54","slug":"eredeti-laptop-billentyuzet-kulcs-a-dell-latitude-e5490-e7470-7490-hez-amerikai-angol-hattervilagitas-d19tr-wtyy8-resz","status":"publish","type":"product","link":"https:\/\/boreait.com\/hu\/termek\/eredeti-laptop-billentyuzet-kulcs-a-dell-latitude-e5490-e7470-7490-hez-amerikai-angol-hattervilagitas-d19tr-wtyy8-resz\/","title":{"rendered":"Eredeti laptop billenty\u0171zet kulcs a Dell Latitude E5490 E7470 7490-hez &#8211; amerikai angol h\u00e1tt\u00e9rvil\u00e1g\u00edt\u00e1s &#8211; D19TR WTYY8 r\u00e9sz"},"content":{"rendered":"<p><strong>AZ EL\u00c9RHET\u0150 KULCSOK AZ ADATLAP FOT\u00d3J\u00c1N L\u00c1THAT\u00d3K!<\/strong><\/p>\n<p>K\u00e9rj\u00fck, k\u00fcldj\u00f6n nek\u00fcnk \u00fczenetet a megrendel\u00e9s ut\u00e1n, \u00e9s tudassa vel\u00fcnk, melyik kulcsra\/kulcsokra van sz\u00fcks\u00e9ge.<\/p>\n<p>Friss\u00edtse Dell Latitude E5490, E7470 vagy 7490 laptopj\u00e1t eredeti amerikai angol h\u00e1tt\u00e9rvil\u00e1g\u00edt\u00e1s\u00fa billenty\u0171zet\u00fcnkkel. T\u00f6k\u00e9letes a s\u00e9r\u00fclt vagy hi\u00e1nyz\u00f3 billenty\u0171k p\u00f3tl\u00e1s\u00e1ra, ez a lista tartalmazza a billenty\u0171zet billenty\u0171it \u00e9s az alapvet\u0151 billenty\u0171zetkapcsokat (zsan\u00e9rokat). Val\u00f3di fot\u00f3ink bemutatj\u00e1k, hogy pontosan milyen alkatr\u00e9szeket kap, \u00e1tl\u00e1tsz\u00f3 v\u00e1s\u00e1rl\u00e1si \u00e9lm\u00e9nyt biztos\u00edtva.<\/p>\n<p>K\u00e9rj\u00fck, vegye figyelembe, hogy a billenty\u0171zet billenty\u0171je nem tartalmaz utas\u00edt\u00e1sokat. Ha azonban seg\u00edts\u00e9gre van sz\u00fcks\u00e9ge, ne habozzon kapcsolatba l\u00e9pni \u00fczenetben. Elk\u00f6telezett \u00fcgyf\u00e9lszolg\u00e1lati csapatunk k\u00e9szen \u00e1ll a seg\u00edts\u00e9g\u00e9re. Fontos kiemelni, hogy az \u00faj kulcs felszerel\u00e9se k\u00edm\u00e9letes kezel\u00e9st ig\u00e9nyel, k\u00fcl\u00f6n\u00f6sen finom zsan\u00e9rok eset\u00e9n.<\/p>\n<p>Gy\u0151z\u0151dj\u00f6n meg a kompatibilit\u00e1sr\u00f3l a megadott cikksz\u00e1mok ellen\u0151rz\u00e9s\u00e9vel: <strong>(Adja meg az adott cikksz\u00e1mokat a billenty\u0171zetr\u0151l)<\/strong>. A csomag mindent tartalmaz, ami a sikeres cser\u00e9hez sz\u00fcks\u00e9ges, \u00e9s az \u00f6sszes el\u00e9rhet\u0151 billenty\u0171zet billenty\u0171je l\u00e1that\u00f3 a list\u00e1s fot\u00f3kon.<\/p>\n<p>SEO-tudatos elad\u00f3k\u00e9nt meg\u00e9rtj\u00fck az olyan kulcsszavak haszn\u00e1lat\u00e1nak fontoss\u00e1g\u00e1t, mint a &#8222;laptop alkatr\u00e9szek&#8221;. Eredeti billenty\u0171zet\u00fcnk billenty\u0171i nem csak funkcion\u00e1lis cserek\u00e9nt szolg\u00e1lnak, hanem l\u00e9tfontoss\u00e1g\u00fa \u00f6sszetev\u0151i is laptopja \u00e9ps\u00e9g\u00e9nek meg\u0151rz\u00e9s\u00e9hez.<\/p>\n<p>V\u00e1s\u00e1rl\u00e1s el\u0151tt k\u00e9rj\u00fck, tekintse meg a hirdet\u00e9sben szerepl\u0151 f\u00e9nyk\u00e9peket, k\u00fcl\u00f6n\u00f6s figyelmet ford\u00edtva a kulcs mechanizmus\u00e1ra. L\u00e9tfontoss\u00e1g\u00fa, hogy a szerelv\u00e9nyeket a billenty\u0171zethez illessze, mivel a k\u00fcl\u00f6nb\u00f6z\u0151 modelleknek elt\u00e9r\u0151 billenty\u0171t\u00edpusai lehetnek.<\/p>\n<p>Biztosan friss\u00edtse laptopj\u00e1t, \u00e9s ha b\u00e1rmilyen probl\u00e9m\u00e1ba \u00fctk\u00f6zik, vagy k\u00e9rd\u00e9sei vannak a csere folyamata sor\u00e1n, csak egy \u00fczenetre vagyunk. Fokozza laptopja \u00e9lm\u00e9ny\u00e9t kiv\u00e1l\u00f3 min\u0151s\u00e9g\u0171 billenty\u0171zet-billenty\u0171inkkel \u2013 rendelje meg saj\u00e1tj\u00e1t m\u00e9g ma!<\/p>\n","protected":false},"excerpt":{"rendered":"<p>Cser\u00e9lje ki Dell Latitude E5490, E7470 vagy 7490 laptopja s\u00e9r\u00fclt vagy hi\u00e1nyz\u00f3 gombjait eredeti amerikai angol h\u00e1tt\u00e9rvil\u00e1g\u00edt\u00e1s\u00fa billenty\u0171zet\u00fcnkkel. Ez a lista tartalmazza a billenty\u0171- \u00e9s billenty\u0171zetkapcsokat (zsan\u00e9rokat) a z\u00f6kken\u0151mentes csere \u00e9rdek\u00e9ben. A list\u00e1n szerepl\u0151 val\u00f3di fot\u00f3k biztos\u00edtj\u00e1k, hogy azt kapd, amit l\u00e1tsz. Megjegyz\u00e9s: Nincsenek utas\u00edt\u00e1sok; azonban seg\u00edts\u00e9g\u00e9rt nyugodtan \u00edrjon \u00fczenetet. Finom zsan\u00e9rok \u2013 \u00f3vatosan kezelje.<\/p>\n","protected":false},"featured_media":13306,"template":"","meta":[],"product_brand":[],"product_cat":[24],"product_tag":[17],"class_list":{"0":"post-5864","1":"product","2":"type-product","3":"status-publish","4":"has-post-thumbnail","6":"product_cat-individual-keyboard-keys","7":"product_tag-dell","9":"first","10":"instock","11":"taxable","12":"shipping-taxable","13":"purchasable","14":"product-type-simple"},"_links":{"self":[{"href":"https:\/\/boreait.com\/hu\/wp-json\/wp\/v2\/product\/5864","targetHints":{"allow":["GET"]}}],"collection":[{"href":"https:\/\/boreait.com\/hu\/wp-json\/wp\/v2\/product"}],"about":[{"href":"https:\/\/boreait.com\/hu\/wp-json\/wp\/v2\/types\/product"}],"wp:featuredmedia":[{"embeddable":true,"href":"https:\/\/boreait.com\/hu\/wp-json\/wp\/v2\/media\/13306"}],"wp:attachment":[{"href":"https:\/\/boreait.com\/hu\/wp-json\/wp\/v2\/media?parent=5864"}],"wp:term":[{"taxonomy":"product_brand","embeddable":true,"href":"https:\/\/boreait.com\/hu\/wp-json\/wp\/v2\/product_brand?post=5864"},{"taxonomy":"product_cat","embeddable":true,"href":"https:\/\/boreait.com\/hu\/wp-json\/wp\/v2\/product_cat?post=5864"},{"taxonomy":"product_tag","embeddable":true,"href":"https:\/\/boreait.com\/hu\/wp-json\/wp\/v2\/product_tag?post=5864"}],"curies":[{"name":"wp","href":"https:\/\/api.w.org\/{rel}","templated":true}]}}