{"id":5860,"date":"2025-09-17T11:22:16","date_gmt":"2025-09-17T09:22:16","guid":{"rendered":"https:\/\/boreait.com\/hu\/?post_type=product&#038;p=5860"},"modified":"2025-09-25T07:59:22","modified_gmt":"2025-09-25T05:59:22","slug":"laptop-billentyuzet-billentyu-hp-elitebook-840-g1-g2-850-g1-g2-zbook-14-g1-g2-15u-g2-6037boo85805-uk-layout-egyedi-kulcs","status":"publish","type":"product","link":"https:\/\/boreait.com\/hu\/termek\/laptop-billentyuzet-billentyu-hp-elitebook-840-g1-g2-850-g1-g2-zbook-14-g1-g2-15u-g2-6037boo85805-uk-layout-egyedi-kulcs\/","title":{"rendered":"Laptop billenty\u0171zet billenty\u0171 HP EliteBook 840 G1 G2, 850 G1 G2, ZBook 14 G1\/G2, 15u G2 | 6037BOO85805 | UK Layout | Egyedi kulcs"},"content":{"rendered":"<div class=\"flex-1 overflow-hidden\">\n<div class=\"react-scroll-to-bottom--css-jgrcx-79elbk h-full\">\n<div class=\"react-scroll-to-bottom--css-jgrcx-1n7m0yu\">\n<div class=\"flex flex-col pb-9 text-sm\">\n<div class=\"w-full text-token-text-primary\" data-testid=\"conversation-turn-13\">\n<div class=\"px-4 py-2 justify-center text-base md:gap-6 m-auto\">\n<div class=\"flex flex-1 text-base mx-auto gap-3 md:px-5 lg:px-1 xl:px-5 md:max-w-3xl lg:max-w-[40rem] xl:max-w-[48rem] group final-completion\">\n<div class=\"relative flex w-full flex-col lg:w-[calc(100%-115px)] agent-turn\">\n<div class=\"flex-col gap-1 md:gap-3\">\n<div class=\"flex flex-grow flex-col max-w-full\">\n<div class=\"min-h-[20px] text-message flex flex-col items-start gap-3 whitespace-pre-wrap break-words [.text-message+&amp;]:mt-5 overflow-x-auto\" data-message-author-role=\"asszisztens\" data-message-id=\"9e0c8187-f4c8-4090-a084-845fe12600c8\">\n<div class=\"markdown prose w-full break-words dark:prose-invert light\">\n<p>Alak\u00edtsa \u00e1t HP EliteBook vagy ZBook laptopj\u00e1t eredeti laptop billenty\u0171zet\u00fcnkkel, amelyet olyan modellekhez tervezt\u00fcnk, mint a 840 G1 G2, 850 G1 G2, ZBook 14 G1\/G2, 15u G2. Ez az egyedi laptop alkatr\u00e9sz (6037BOO85805) brit elrendez\u00e9ssel ide\u00e1lis megold\u00e1s a hi\u00e1nyz\u00f3 vagy s\u00e9r\u00fclt kulcsok p\u00f3tl\u00e1s\u00e1ra.<\/p>\n<p>A hiteless\u00e9g a legfontosabb, \u00e9s a list\u00e1n szerepl\u0151 val\u00f3s term\u00e9kfot\u00f3ink vil\u00e1gos k\u00e9pet adnak a csomagban tal\u00e1lhat\u00f3 kulcsr\u00f3l \u00e9s zsan\u00e9rokr\u00f3l. Az \u00e1tfog\u00f3 k\u00e9szlet a billenty\u0171zet billenty\u0171j\u00e9t \u00e9s a kapcsokat (zsan\u00e9rokat) tartalmazza, biztos\u00edtva a probl\u00e9mamentes cserefolyamatot.<\/p>\n<p>Fontos megjegyz\u00e9s: B\u00e1r nem adunk l\u00e9p\u00e9sr\u0151l l\u00e9p\u00e9sre \u00fatmutat\u00e1st, az\u00e9rt vagyunk itt, hogy seg\u00edts\u00fcnk. Szem\u00e9lyre szabott seg\u00edts\u00e9g\u00e9rt b\u00e1tran \u00edrjon nek\u00fcnk. A laptop \u00e9ps\u00e9g\u00e9nek meg\u0151rz\u00e9se \u00e9rdek\u00e9ben ne er\u0151ltesse az \u00faj kulcsot a hely\u00e9re, mivel a zsan\u00e9rok k\u00e9nyesek. Az \u00f6sszes el\u00e9rhet\u0151 billenty\u0171zet billenty\u0171je megjelenik a listak\u00e9pen, \u00edgy seg\u00edt kiv\u00e1lasztani a HP EliteBook vagy ZBook modellhez legjobban ill\u0151t.<\/p>\n<p>A kompatibilit\u00e1s biztos\u00edt\u00e1s\u00e1hoz hivatkozzon a cikksz\u00e1mokra, bele\u00e9rtve a 6037BOO85805-\u00f6t, \u00e9s ellen\u0151rizze az Egyes\u00fclt Kir\u00e1lys\u00e1g elrendez\u00e9s\u00e9t. Mindegyik billenty\u0171 hiteles csere, prec\u00edzen kidolgozott a k\u00e9nyelmes g\u00e9pel\u00e9s \u00e9rdek\u00e9ben.<\/p>\n<p>Az \u00faj kulcs felszerel\u00e9sekor legyen k\u00f6r\u00fcltekint\u0151, \u00e9s n\u00e9zze meg a kulcs mechanizmus\u00e1t bemutat\u00f3 fot\u00f3t, hogy biztos\u00edtsa a kompatibilit\u00e1st az \u00d6n billenty\u0171zetmodellj\u00e9vel.<\/p>\n<p>A min\u0151s\u00e9g, a hiteless\u00e9g \u00e9s a z\u00f6kken\u0151mentes cserefolyamat \u00e9rdek\u00e9ben v\u00e1lassza a HP EliteBook \u00e9s ZBook sz\u00e1m\u00e1ra k\u00e9sz\u00fclt laptopbillenty\u0171zet-billenty\u0171nket. N\u00f6velje laptopja funkcionalit\u00e1s\u00e1t m\u00e9g ma, \u00e9s biztos lehet benne, hogy a v\u00e1s\u00e1rl\u00e1s sor\u00e1n v\u00e9gig t\u00e1mogatjuk \u00d6nt.<\/p>\n<\/div>\n<\/div>\n<\/div>\n<div class=\"mt-1 flex justify-start gap-3 empty:hidden\">\n<div class=\"text-gray-400 flex self-end lg:self-center justify-center lg:justify-start mt-0 gap-1 l\u00e1that\u00f3\">\n<p>&nbsp;<\/p>\n<div class=\"flex gap-1\"><\/div>\n<div class=\"flex items-center gap-1.5 text-xs\"><\/div>\n<\/div>\n<\/div>\n<\/div>\n<\/div>\n<\/div>\n<\/div>\n<\/div>\n<\/div>\n<\/div>\n<\/div>\n<\/div>\n<div class=\"w-full pt-2 md:pt-0 dark:border-white\/20 md:border-transparent md:dark:border-transparent md:w-[calc(100%-.5rem)]\">\n<div class=\"relative flex h-full flex-1 items-stretch md:flex-col\">\n<div class=\"flex w-full items-center\">\n<div class=\"&quot;overflow-hidden\">\n<p>5,5,5,5<\/p>\n<div data-grammarly-part=\"button\">\n<div>\n<div>\n<div class=\"amkYk\">\n<div>\n<div class=\"ptGJG\"><\/div>\n<\/div>\n<\/div>\n<\/div>\n<\/div>\n<\/div>\n<\/div>\n<\/div>\n<\/div>\n<\/div>\n","protected":false},"excerpt":{"rendered":"<p>Revitaliz\u00e1lja HP \u200b\u200bEliteBook vagy ZBook laptopj\u00e1t eredeti egyedi billenty\u0171zet\u00fcnkkel (6037BOO85805) olyan modellekhez, mint a 840 G1 G2, 850 G1 G2, ZBook 14 G1\/G2, 15u G2. Ez az egyes\u00fclt kir\u00e1lys\u00e1gbeli elrendez\u00e9s\u0171 billenty\u0171 t\u00f6k\u00e9letesen illeszkedik a billenty\u0171zethez, bele\u00e9rtve a billenty\u0171ket \u00e9s a billenty\u0171zetkapcsokat az egyszer\u0171 telep\u00edt\u00e9s \u00e9rdek\u00e9ben. Val\u00f3di term\u00e9kfot\u00f3k biztos\u00edtj\u00e1k a hiteless\u00e9get. L\u00e9pjen kapcsolatba vel\u00fcnk szem\u00e9lyre szabott seg\u00edts\u00e9g\u00e9rt, mivel nincs utas\u00edt\u00e1s.<\/p>\n","protected":false},"featured_media":13063,"template":"","meta":[],"product_brand":[],"product_cat":[24],"product_tag":[],"class_list":{"0":"post-5860","1":"product","2":"type-product","3":"status-publish","4":"has-post-thumbnail","6":"product_cat-individual-keyboard-keys","8":"first","9":"instock","10":"taxable","11":"shipping-taxable","12":"purchasable","13":"product-type-simple"},"_links":{"self":[{"href":"https:\/\/boreait.com\/hu\/wp-json\/wp\/v2\/product\/5860","targetHints":{"allow":["GET"]}}],"collection":[{"href":"https:\/\/boreait.com\/hu\/wp-json\/wp\/v2\/product"}],"about":[{"href":"https:\/\/boreait.com\/hu\/wp-json\/wp\/v2\/types\/product"}],"wp:featuredmedia":[{"embeddable":true,"href":"https:\/\/boreait.com\/hu\/wp-json\/wp\/v2\/media\/13063"}],"wp:attachment":[{"href":"https:\/\/boreait.com\/hu\/wp-json\/wp\/v2\/media?parent=5860"}],"wp:term":[{"taxonomy":"product_brand","embeddable":true,"href":"https:\/\/boreait.com\/hu\/wp-json\/wp\/v2\/product_brand?post=5860"},{"taxonomy":"product_cat","embeddable":true,"href":"https:\/\/boreait.com\/hu\/wp-json\/wp\/v2\/product_cat?post=5860"},{"taxonomy":"product_tag","embeddable":true,"href":"https:\/\/boreait.com\/hu\/wp-json\/wp\/v2\/product_tag?post=5860"}],"curies":[{"name":"wp","href":"https:\/\/api.w.org\/{rel}","templated":true}]}}