{"id":5842,"date":"2025-09-17T11:21:52","date_gmt":"2025-09-17T09:21:52","guid":{"rendered":"https:\/\/boreait.com\/hu\/?post_type=product&#038;p=5842"},"modified":"2025-09-17T11:23:32","modified_gmt":"2025-09-17T09:23:32","slug":"hp-701986-001-laptop-billentyuzet-billentyu-elitebook-8570p-hez-550125w00-035-g-uk-layout-laptop-alkatreszek","status":"publish","type":"product","link":"https:\/\/boreait.com\/hu\/termek\/hp-701986-001-laptop-billentyuzet-billentyu-elitebook-8570p-hez-550125w00-035-g-uk-layout-laptop-alkatreszek\/","title":{"rendered":"HP 701986-001 laptop billenty\u0171zet billenty\u0171 EliteBook 8570p-hez | 550125W00-035-G | UK Layout | Laptop alkatr\u00e9szek"},"content":{"rendered":"<div class=\"flex-1 overflow-hidden\">\n<div class=\"react-scroll-to-bottom--css-jgrcx-79elbk h-full\">\n<div class=\"react-scroll-to-bottom--css-jgrcx-1n7m0yu\">\n<div class=\"flex flex-col pb-9 text-sm\">\n<div class=\"w-full text-token-text-primary\" data-testid=\"conversation-turn-9\">\n<div class=\"px-4 py-2 justify-center text-base md:gap-6 m-auto\">\n<div class=\"flex flex-1 text-base mx-auto gap-3 md:px-5 lg:px-1 xl:px-5 md:max-w-3xl lg:max-w-[40rem] xl:max-w-[48rem] group final-completion\">\n<div class=\"relative flex w-full flex-col lg:w-[calc(100%-115px)] agent-turn\">\n<div class=\"flex-col gap-1 md:gap-3\">\n<div class=\"flex flex-grow flex-col max-w-full\">\n<div class=\"min-h-[20px] text-message flex flex-col items-start gap-3 whitespace-pre-wrap break-words [.text-message+&amp;]:mt-5 overflow-x-auto\" data-message-author-role=\"asszisztens\" data-message-id=\"a962f754-2b31-493b-bd3c-1c9df5120eef\">\n<div class=\"markdown prose w-full break-words dark:prose-invert light\">\n<p><strong>A RENDELKEZ\u00c9SRE VONATKOZ\u00d3 KULCSOK AZ ADATLAP FOT\u00d3J\u00c1N L\u00c1THAT\u00d3K!<\/strong><\/p>\n<p>K\u00e9rj\u00fck, k\u00fcldj\u00f6n nek\u00fcnk \u00fczenetet a megrendel\u00e9s ut\u00e1n, \u00e9s tudassa vel\u00fcnk, melyik kulcsra\/kulcsokra van sz\u00fcks\u00e9ge.<\/p>\n<p>Revitaliz\u00e1lja EliteBook 8570p laptopj\u00e1t eredeti HP 701986-001 laptop billenty\u0171zet\u00fcnkkel. Ezt az egyedi laptop-alkatr\u00e9szt, amely brit elrendez\u00e9ssel (550125W00-035-G) rendelkezik, \u00fagy tervezt\u00e9k, hogy z\u00f6kken\u0151mentesen integr\u00e1l\u00f3djon megl\u00e9v\u0151 billenty\u0171zet\u00e9be, megb\u00edzhat\u00f3 megold\u00e1st ny\u00fajtva a hi\u00e1nyz\u00f3 vagy s\u00e9r\u00fclt billenty\u0171k eset\u00e9re.<\/p>\n<p>A hiteless\u00e9g a legfontosabb, \u00e9s a term\u00e9klist\u00e1n szerepl\u0151 val\u00f3s term\u00e9kfot\u00f3ink vil\u00e1gos k\u00e9pet adnak a csomagban tal\u00e1lhat\u00f3 kulcsr\u00f3l \u00e9s zsan\u00e9rokr\u00f3l. Az \u00e1tfog\u00f3 k\u00e9szlet a billenty\u0171zet billenty\u0171j\u00e9t \u00e9s a kapcsokat (zsan\u00e9rokat) tartalmazza, biztos\u00edtva a probl\u00e9mamentes cserefolyamatot.<\/p>\n<p>Fontos megjegyz\u00e9s: B\u00e1r nem adunk l\u00e9p\u00e9sr\u0151l l\u00e9p\u00e9sre \u00fatmutat\u00e1st, az\u00e9rt vagyunk itt, hogy seg\u00edts\u00fcnk. Szem\u00e9lyre szabott seg\u00edts\u00e9g\u00e9rt b\u00e1tran \u00edrjon nek\u00fcnk. Laptopja \u00e9ps\u00e9g\u00e9nek meg\u0151rz\u00e9se \u00e9rdek\u00e9ben ne er\u0151ltesse az \u00faj kulcsot a hely\u00e9re, mivel a zsan\u00e9rok k\u00e9nyesek. Az \u00f6sszes el\u00e9rhet\u0151 billenty\u0171zet billenty\u0171je megjelenik a list\u00e1ban, \u00edgy seg\u00edt kiv\u00e1lasztani az EliteBook modellhez legjobban ill\u0151t.<\/p>\n<p>A kompatibilit\u00e1s biztos\u00edt\u00e1s\u00e1hoz hivatkozzon a cikksz\u00e1mokra, bele\u00e9rtve az 550125W00-035-G-t, \u00e9s ellen\u0151rizze az Egyes\u00fclt Kir\u00e1lys\u00e1g elrendez\u00e9s\u00e9t. Mindegyik billenty\u0171 hiteles csere, prec\u00edzen kidolgozott a k\u00e9nyelmes g\u00e9pel\u00e9s \u00e9rdek\u00e9ben.<\/p>\n<p>Az \u00faj kulcs felszerel\u00e9sekor legyen k\u00f6r\u00fcltekint\u0151, \u00e9s n\u00e9zze meg a kulcs mechanizmus\u00e1t bemutat\u00f3 fot\u00f3t, hogy biztos\u00edtsa a kompatibilit\u00e1st az \u00d6n billenty\u0171zetmodellj\u00e9vel.<\/p>\n<p>A min\u0151s\u00e9g, a hiteless\u00e9g \u00e9s a z\u00f6kken\u0151mentes cserefolyamat \u00e9rdek\u00e9ben v\u00e1lassza a HP 701986-001 laptopbillenty\u0171zetet az EliteBook 8570p-hez. N\u00f6velje laptopja funkcionalit\u00e1s\u00e1t m\u00e9g ma, \u00e9s biztos lehet benne, hogy a v\u00e1s\u00e1rl\u00e1s sor\u00e1n v\u00e9gig t\u00e1mogatjuk \u00d6nt.<\/p>\n<\/div>\n<\/div>\n<\/div>\n<div class=\"mt-1 flex justify-start gap-3 empty:hidden\">\n<div class=\"text-gray-400 flex self-end lg:self-center justify-center lg:justify-start mt-0 gap-1 l\u00e1that\u00f3\">\n<p>&nbsp;<\/p>\n<div class=\"flex gap-1\"><\/div>\n<div class=\"flex items-center gap-1.5 text-xs\"><\/div>\n<\/div>\n<\/div>\n<\/div>\n<\/div>\n<\/div>\n<\/div>\n<\/div>\n<\/div>\n<\/div>\n<\/div>\n<\/div>\n<div class=\"w-full pt-2 md:pt-0 dark:border-white\/20 md:border-transparent md:dark:border-transparent md:w-[calc(100%-.5rem)]\">\n<div class=\"relative flex h-full flex-1 items-stretch md:flex-col\">\n<div class=\"flex w-full items-center\">\n<div class=\"overflow-hidden [&amp;:has(textarea:focus)]:border-token-border-xheavy [&amp;:has(textarea:focus)]:shadow-[0_2px_6px_rgba(0,0,0,.05)] w-fultoken flexa-col:border flex-grow relat\u00edv hat\u00e1r border-token-border-heavy s\u00f6t\u00e9t:sz\u00f6veg-feh\u00e9r lekerek\u00edtett-2xl bg-feh\u00e9r s\u00f6t\u00e9t:bg-sz\u00fcrke-800 \u00e1rny\u00e9k-[0_0_0_2px_rgba(255,255,255,0.95)] s\u00f6t\u00e9t:\u00e1rny\u00e9k-[0_0_0_2]>5,5,5,5<\/p>\n<div data-grammarly-part=\"button\">\n<div>\n<div>\n<div class=\"amkYk\">\n<div>\n<div class=\"ptGJG\"><\/div>\n<\/div>\n<\/div>\n<\/div>\n<\/div>\n<\/div>\n<\/div>\n<\/div>\n<\/div>\n<\/div>\n","protected":false},"excerpt":{"rendered":"<p>Cser\u00e9lje ki az EliteBook 8570p hi\u00e1nyz\u00f3 vagy s\u00e9r\u00fclt gombjait az eredeti HP 701986-001 laptop billenty\u0171zet\u00fcnkkel. Ez az Egyes\u00fclt Kir\u00e1lys\u00e1g elrendez\u00e9si kulcsa (550125W00-035-G) t\u00f6k\u00e9letesen illik laptopj\u00e1hoz. A csomag tartalmazza a billenty\u0171- \u00e9s billenty\u0171zetkapcsokat az egyszer\u0171 telep\u00edt\u00e9s \u00e9rdek\u00e9ben. Val\u00f3di term\u00e9kfot\u00f3k biztos\u00edtj\u00e1k a megb\u00edzhat\u00f3 v\u00e1s\u00e1rl\u00e1st. L\u00e9pjen kapcsolatba vel\u00fcnk szem\u00e9lyre szabott seg\u00edts\u00e9g\u00e9rt, mivel nincs utas\u00edt\u00e1s.<\/p>\n","protected":false},"featured_media":5901,"template":"","meta":[],"product_brand":[],"product_cat":[24],"product_tag":[25],"class_list":{"0":"post-5842","1":"product","2":"type-product","3":"status-publish","4":"has-post-thumbnail","6":"product_cat-individual-keyboard-keys","7":"product_tag-hp","9":"first","10":"instock","11":"taxable","12":"shipping-taxable","13":"purchasable","14":"product-type-simple"},"_links":{"self":[{"href":"https:\/\/boreait.com\/hu\/wp-json\/wp\/v2\/product\/5842","targetHints":{"allow":["GET"]}}],"collection":[{"href":"https:\/\/boreait.com\/hu\/wp-json\/wp\/v2\/product"}],"about":[{"href":"https:\/\/boreait.com\/hu\/wp-json\/wp\/v2\/types\/product"}],"wp:featuredmedia":[{"embeddable":true,"href":"https:\/\/boreait.com\/hu\/wp-json\/wp\/v2\/media\/5901"}],"wp:attachment":[{"href":"https:\/\/boreait.com\/hu\/wp-json\/wp\/v2\/media?parent=5842"}],"wp:term":[{"taxonomy":"product_brand","embeddable":true,"href":"https:\/\/boreait.com\/hu\/wp-json\/wp\/v2\/product_brand?post=5842"},{"taxonomy":"product_cat","embeddable":true,"href":"https:\/\/boreait.com\/hu\/wp-json\/wp\/v2\/product_cat?post=5842"},{"taxonomy":"product_tag","embeddable":true,"href":"https:\/\/boreait.com\/hu\/wp-json\/wp\/v2\/product_tag?post=5842"}],"curies":[{"name":"wp","href":"https:\/\/api.w.org\/{rel}","templated":true}]}}