{"id":5841,"date":"2025-09-17T11:21:52","date_gmt":"2025-09-17T09:21:52","guid":{"rendered":"https:\/\/boreait.com\/hu\/?post_type=product&#038;p=5841"},"modified":"2025-09-17T11:23:30","modified_gmt":"2025-09-17T09:23:30","slug":"hattervilagitasu-billentyuzet-billentyu-a-hp-848311-001-pk131c31a00-sg-81610-xua-sn7142bl-keszulekhez-pk131c31a28-uk-layout-laptop-alkatreszek","status":"publish","type":"product","link":"https:\/\/boreait.com\/hu\/termek\/hattervilagitasu-billentyuzet-billentyu-a-hp-848311-001-pk131c31a00-sg-81610-xua-sn7142bl-keszulekhez-pk131c31a28-uk-layout-laptop-alkatreszek\/","title":{"rendered":"H\u00e1tt\u00e9rvil\u00e1g\u00edt\u00e1s\u00fa billenty\u0171zet billenty\u0171 a HP 848311-001 PK131C31A00 SG-81610-XUA SN7142BL k\u00e9sz\u00fcl\u00e9khez | PK131C31A28 | UK Layout | Laptop alkatr\u00e9szek"},"content":{"rendered":"<p><strong>AZ EL\u00c9RHET\u0150 KULCSOK AZ ADATLAP FOT\u00d3J\u00c1N L\u00c1THAT\u00d3K!<\/strong><\/p>\n<p>K\u00e9rj\u00fck, k\u00fcldj\u00f6n nek\u00fcnk \u00fczenetet a megrendel\u00e9s ut\u00e1n, \u00e9s tudassa vel\u00fcnk, melyik kulcsra\/kulcsokra van sz\u00fcks\u00e9ge.<\/p>\n<p>Friss\u00edtse HP laptop billenty\u0171zet\u00e9t k\u00f6nnyed\u00e9n a 848311-001, SG-81610-XUA \u00e9s SN7142BL t\u00edpusokhoz tervezett h\u00e1tt\u00e9rvil\u00e1g\u00edt\u00e1s\u00fa billenty\u0171zet\u00fcnkkel. Ez az egyes\u00fclt kir\u00e1lys\u00e1gbeli elrendez\u00e9s\u0171 laptop alkatr\u00e9sz (PK131C31A28) z\u00f6kken\u0151mentesen integr\u00e1lhat\u00f3 a megl\u00e9v\u0151 billenty\u0171zet\u00e9be, k\u00e9nyelmes \u00e9s ismer\u0151s g\u00e9pel\u00e9si \u00e9lm\u00e9nyt biztos\u00edtva.<\/p>\n<p>Az eredetis\u00e9g garant\u00e1lt, a list\u00e1ban tal\u00e1lhat\u00f3 val\u00f3di term\u00e9kfot\u00f3kkal a kulcsot \u00e9s a csukl\u00f3p\u00e1ntokat l\u00e1thatod. Az \u00e1tfog\u00f3 csomag a billenty\u0171zet billenty\u0171j\u00e9t \u00e9s a kapcsokat (zsan\u00e9rokat) egyar\u00e1nt tartalmazza, probl\u00e9mamentes megold\u00e1st k\u00edn\u00e1lva laptopja billenty\u0171zettel kapcsolatos ig\u00e9nyeire.<\/p>\n<p>Fontos megjegyz\u00e9s: Tiszt\u00e1ban vagyunk vele, hogy minden csere egyedi, \u00e9s b\u00e1r nem adunk \u00fatmutat\u00e1st, \u00f6r\u00f6mmel fogadunk minden szem\u00e9lyre szabott seg\u00edts\u00e9gny\u00fajt\u00e1st. A f\u00e9lre\u00e9rt\u00e9sek elker\u00fcl\u00e9se \u00e9rdek\u00e9ben k\u00e9rj\u00fck, ne er\u0151ltesse az \u00faj kulcsot a hely\u00e9re, mivel a zsan\u00e9rok k\u00e9nyesek. A list\u00e1ban szerepl\u0151 fot\u00f3 az \u00f6sszes rendelkez\u00e9sre \u00e1ll\u00f3 billenty\u0171zetbillenty\u0171t mutatja, \u00edgy seg\u00edt kiv\u00e1lasztani a HP laptopmodellhez legjobban ill\u0151t.<\/p>\n<p>A kompatibilit\u00e1s biztos\u00edt\u00e1sa \u00e9rdek\u00e9ben hivatkozzon a cikksz\u00e1mokra, bele\u00e9rtve a PK131C31A28-at, \u00e9s ellen\u0151rizze az Egyes\u00fclt Kir\u00e1lys\u00e1g elrendez\u00e9s\u00e9t. Mindegyik kulcs egy eredeti csere, amelyet prec\u00edzen kidolgoztak a megb\u00edzhat\u00f3 \u00e9s hat\u00e9kony g\u00e9pel\u00e9s \u00e9rdek\u00e9ben.<\/p>\n<p>Az \u00faj kulcs felszerel\u00e9sekor legyen k\u00f6r\u00fcltekint\u0151, \u00e9s n\u00e9zze meg a kulcs mechanizmus\u00e1t bemutat\u00f3 fot\u00f3t, hogy biztos\u00edtsa a kompatibilit\u00e1st az \u00d6n billenty\u0171zetmodellj\u00e9vel.<\/p>\n<p>A min\u0151s\u00e9g, a hiteless\u00e9g \u00e9s a z\u00f6kken\u0151mentes cserefolyamat \u00e9rdek\u00e9ben v\u00e1lassza a HP laptopokhoz k\u00e9sz\u00fclt h\u00e1tt\u00e9rvil\u00e1g\u00edt\u00e1s\u00fa billenty\u0171zetbillenty\u0171nket. N\u00f6velje laptopja funkcionalit\u00e1s\u00e1t m\u00e9g ma, \u00e9s biztos lehet benne, hogy a v\u00e1s\u00e1rl\u00e1s sor\u00e1n v\u00e9gig t\u00e1mogatjuk \u00d6nt.<\/p>\n","protected":false},"excerpt":{"rendered":"<p>Fejlessze HP laptopjait h\u00e1tt\u00e9rvil\u00e1g\u00edt\u00e1s\u00fa billenty\u0171zet\u00fcnkkel (PK131C31A28) olyan modellekhez, mint a 848311-001, SG-81610-XUA stb. Az Egyes\u00fclt Kir\u00e1lys\u00e1g elrendez\u00e9se k\u00e9nyelmes g\u00e9pel\u00e9si \u00e9lm\u00e9nyt biztos\u00edt. Ez a laptop r\u00e9sz tartalmazza a kulcsot \u00e9s a zsan\u00e9rokat, val\u00f3di term\u00e9kfot\u00f3kkal az egyszer\u0171 azonos\u00edt\u00e1s \u00e9rdek\u00e9ben. Szem\u00e9lyre szabott seg\u00edts\u00e9g\u00e9rt forduljon hozz\u00e1nk, \u00e9s ne feledje, hogy a f\u00e9lre\u00e9rt\u00e9sek elker\u00fcl\u00e9se \u00e9rdek\u00e9ben nem adunk utas\u00edt\u00e1sokat.<\/p>\n","protected":false},"featured_media":5899,"template":"","meta":[],"product_brand":[],"product_cat":[24],"product_tag":[25],"class_list":{"0":"post-5841","1":"product","2":"type-product","3":"status-publish","4":"has-post-thumbnail","6":"product_cat-individual-keyboard-keys","7":"product_tag-hp","9":"first","10":"instock","11":"taxable","12":"shipping-taxable","13":"purchasable","14":"product-type-simple"},"_links":{"self":[{"href":"https:\/\/boreait.com\/hu\/wp-json\/wp\/v2\/product\/5841","targetHints":{"allow":["GET"]}}],"collection":[{"href":"https:\/\/boreait.com\/hu\/wp-json\/wp\/v2\/product"}],"about":[{"href":"https:\/\/boreait.com\/hu\/wp-json\/wp\/v2\/types\/product"}],"wp:featuredmedia":[{"embeddable":true,"href":"https:\/\/boreait.com\/hu\/wp-json\/wp\/v2\/media\/5899"}],"wp:attachment":[{"href":"https:\/\/boreait.com\/hu\/wp-json\/wp\/v2\/media?parent=5841"}],"wp:term":[{"taxonomy":"product_brand","embeddable":true,"href":"https:\/\/boreait.com\/hu\/wp-json\/wp\/v2\/product_brand?post=5841"},{"taxonomy":"product_cat","embeddable":true,"href":"https:\/\/boreait.com\/hu\/wp-json\/wp\/v2\/product_cat?post=5841"},{"taxonomy":"product_tag","embeddable":true,"href":"https:\/\/boreait.com\/hu\/wp-json\/wp\/v2\/product_tag?post=5841"}],"curies":[{"name":"wp","href":"https:\/\/api.w.org\/{rel}","templated":true}]}}