{"id":5840,"date":"2025-09-17T11:21:52","date_gmt":"2025-09-17T09:21:52","guid":{"rendered":"https:\/\/boreait.com\/hu\/?post_type=product&#038;p=5840"},"modified":"2025-09-17T11:23:28","modified_gmt":"2025-09-17T09:23:28","slug":"rtdpart-laptop-billentyuzet-billentyu-lenovo-thinkpad-13-gen-2-t470s-t460s-uk-hattervilagitassal-sn20q84155-quertz-layout-cserekulcs","status":"publish","type":"product","link":"https:\/\/boreait.com\/hu\/termek\/rtdpart-laptop-billentyuzet-billentyu-lenovo-thinkpad-13-gen-2-t470s-t460s-uk-hattervilagitassal-sn20q84155-quertz-layout-cserekulcs\/","title":{"rendered":"RTDpart laptop billenty\u0171zet billenty\u0171 Lenovo Thinkpad 13 Gen 2 T470S T460S UK &#8211; H\u00e1tt\u00e9rvil\u00e1g\u00edt\u00e1ssal | SN20Q84155 | QUERTZ Layout | Cserekulcs"},"content":{"rendered":"<p><strong>AZ EL\u00c9RHET\u0150 KULCSOK AZ ADATLAP FOT\u00d3J\u00c1N L\u00c1THAT\u00d3K!<\/strong><\/p>\n<p>K\u00e9rj\u00fck, k\u00fcldj\u00f6n nek\u00fcnk \u00fczenetet a megrendel\u00e9s ut\u00e1n, \u00e9s tudassa vel\u00fcnk, melyik kulcsra\/kulcsokra van sz\u00fcks\u00e9ge.<\/p>\n<p>N\u00f6velje laptop \u00e9lm\u00e9ny\u00e9t a kifejezetten a Lenovo Thinkpad 13 Gen 2, T470S \u00e9s T460S modellekhez tervezett RTDpart Laptop Keyboard Key seg\u00edts\u00e9g\u00e9vel. Ez a cserekulcs (SN20Q84155) h\u00e1tt\u00e9rvil\u00e1g\u00edt\u00e1s\u00fa QUERTZ elrendez\u00e9ssel rendelkezik, amely z\u00f6kken\u0151mentes integr\u00e1ci\u00f3t biztos\u00edt megl\u00e9v\u0151 billenty\u0171zet\u00e9hez.<\/p>\n<p>A hiteless\u00e9g \u00e9s a precizit\u00e1s a legfontosabb sz\u00e1munkra. A list\u00e1n szerepl\u0151 \u00f6sszes term\u00e9kfot\u00f3 eredeti, \u00edgy j\u00f3l l\u00e1that\u00f3 a kulcs \u00e9s a zsan\u00e9rok, amelyeket megkap. A csomag tartalmazza a billenty\u0171zet billenty\u0171j\u00e9t \u00e9s a kapcsokat (zsan\u00e9rokat), amelyek \u00e1tfog\u00f3 megold\u00e1st biztos\u00edtanak laptopja billenty\u0171zettel kapcsolatos ig\u00e9nyeire.<\/p>\n<p>Fontos megjegyz\u00e9s: Nem adunk l\u00e9p\u00e9sr\u0151l l\u00e9p\u00e9sre \u00fatmutat\u00e1st, de az \u00d6n el\u00e9gedetts\u00e9ge a legfontosabb sz\u00e1munkra. Ha seg\u00edts\u00e9gre van sz\u00fcks\u00e9ge, b\u00e1tran \u00edrjon nek\u00fcnk. K\u00e9rj\u00fck, legyen \u00f3vatos a telep\u00edt\u00e9s sor\u00e1n, hogy elker\u00fclje a k\u00e9nyes zsan\u00e9rok k\u00e1rosod\u00e1s\u00e1t. Az \u00f6sszes el\u00e9rhet\u0151 billenty\u0171zet billenty\u0171je a list\u00e1ban l\u00e1that\u00f3 fot\u00f3n l\u00e1that\u00f3, \u00edgy seg\u00edt megtal\u00e1lni a Lenovo laptopj\u00e1hoz val\u00f3 t\u00f6k\u00e9letes p\u00e1rost.<\/p>\n<p>A kompatibilit\u00e1s biztos\u00edt\u00e1s\u00e1hoz hivatkozzon a cikksz\u00e1mokra, bele\u00e9rtve az SN20Q84155-\u00f6t, \u00e9s ellen\u0151rizze a QUERTZ elrendez\u00e9st. Mindegyik billenty\u0171 eredeti csere, apr\u00f3l\u00e9kosan kidolgozott, hogy hib\u00e1tlan g\u00e9pel\u00e9si \u00e9lm\u00e9nyt ny\u00fajtson.<\/p>\n<p>Az \u00faj kulcs felszerel\u00e9sekor ne feledje, hogy ne er\u0151ltesse a hely\u00e9re, mivel a zsan\u00e9rok k\u00e9nyesek. N\u00e9zze meg alaposan a fot\u00f3t, amely a billenty\u0171 mechanizmus\u00e1t illusztr\u00e1lja, hogy megbizonyosodjon arr\u00f3l, hogy megfelel\u0151-e az \u00d6n billenty\u0171zetmodellj\u00e9hez.<\/p>\n<p>A min\u0151s\u00e9g, a hiteless\u00e9g \u00e9s a probl\u00e9mamentes cserefolyamat \u00e9rdek\u00e9ben v\u00e1lassza az RTDpart laptop billenty\u0171zet kulcs\u00e1t. B\u0151v\u00edtse laptopja funkcionalit\u00e1s\u00e1t m\u00e9g ma, \u00e9s biztos lehet benne, hogy a v\u00e1s\u00e1rl\u00e1s sor\u00e1n teljes m\u00e9rt\u00e9kben t\u00e1mogatjuk \u00d6nt.<\/p>\n","protected":false},"excerpt":{"rendered":"<p>Friss\u00edtse Lenovo Thinkpad 13 Gen 2 T470S vagy T460S laptopj\u00e1t pr\u00e9mium h\u00e1tt\u00e9rvil\u00e1g\u00edt\u00e1s\u00fa QUERTZ billenty\u0171zet\u00fcnkkel (SN20Q84155). Ez a cserekulcs, bele\u00e9rtve a billenty\u0171zetkapcsokat (zsan\u00e9rokat), t\u00f6k\u00e9letesen illeszkedik laptopj\u00e1hoz. A hiteles term\u00e9kfot\u00f3k, a telep\u00edt\u00e9s sor\u00e1n tan\u00fas\u00edtott \u00f3vatoss\u00e1g \u00e9s a kompatibilit\u00e1si garancia ide\u00e1lis v\u00e1laszt\u00e1ss\u00e1 teszik. Forduljon hozz\u00e1nk szem\u00e9lyre szabott seg\u00edts\u00e9g\u00e9rt a v\u00e1s\u00e1rl\u00e1shoz.<\/p>\n","protected":false},"featured_media":5897,"template":"","meta":[],"product_brand":[],"product_cat":[24],"product_tag":[26],"class_list":{"0":"post-5840","1":"product","2":"type-product","3":"status-publish","4":"has-post-thumbnail","6":"product_cat-individual-keyboard-keys","7":"product_tag-lenovo","9":"first","10":"instock","11":"taxable","12":"shipping-taxable","13":"purchasable","14":"product-type-simple"},"_links":{"self":[{"href":"https:\/\/boreait.com\/hu\/wp-json\/wp\/v2\/product\/5840","targetHints":{"allow":["GET"]}}],"collection":[{"href":"https:\/\/boreait.com\/hu\/wp-json\/wp\/v2\/product"}],"about":[{"href":"https:\/\/boreait.com\/hu\/wp-json\/wp\/v2\/types\/product"}],"wp:featuredmedia":[{"embeddable":true,"href":"https:\/\/boreait.com\/hu\/wp-json\/wp\/v2\/media\/5897"}],"wp:attachment":[{"href":"https:\/\/boreait.com\/hu\/wp-json\/wp\/v2\/media?parent=5840"}],"wp:term":[{"taxonomy":"product_brand","embeddable":true,"href":"https:\/\/boreait.com\/hu\/wp-json\/wp\/v2\/product_brand?post=5840"},{"taxonomy":"product_cat","embeddable":true,"href":"https:\/\/boreait.com\/hu\/wp-json\/wp\/v2\/product_cat?post=5840"},{"taxonomy":"product_tag","embeddable":true,"href":"https:\/\/boreait.com\/hu\/wp-json\/wp\/v2\/product_tag?post=5840"}],"curies":[{"name":"wp","href":"https:\/\/api.w.org\/{rel}","templated":true}]}}