{"id":5839,"date":"2025-09-17T11:21:52","date_gmt":"2025-09-17T09:21:52","guid":{"rendered":"https:\/\/boreait.com\/hu\/?post_type=product&#038;p=5839"},"modified":"2025-09-17T11:23:21","modified_gmt":"2025-09-17T09:23:21","slug":"orig-hp-elitebook-850-g5-g6-755-g5-egyedi-hattervilagitasu-ezust-billentyuzet-kulcs-l14366-001-slovenska-layout-oem-csere","status":"publish","type":"product","link":"https:\/\/boreait.com\/hu\/termek\/orig-hp-elitebook-850-g5-g6-755-g5-egyedi-hattervilagitasu-ezust-billentyuzet-kulcs-l14366-001-slovenska-layout-oem-csere\/","title":{"rendered":"Orig HP EliteBook 850 G5 G6 755 G5 egyedi h\u00e1tt\u00e9rvil\u00e1g\u00edt\u00e1s\u00fa ez\u00fcst billenty\u0171zet kulcs L14366-001 | Slovenska Layout | OEM csere"},"content":{"rendered":"<p><strong>AZ EL\u00c9RHET\u0150 KULCSOK AZ ADATLAP FOT\u00d3J\u00c1N L\u00c1THAT\u00d3K!<\/strong><\/p>\n<p>K\u00e9rj\u00fck, k\u00fcldj\u00f6n nek\u00fcnk \u00fczenetet a megrendel\u00e9s ut\u00e1n, \u00e9s tudassa vel\u00fcnk, melyik kulcsra\/kulcsokra van sz\u00fcks\u00e9ge.<\/p>\n<p>Revitaliz\u00e1lja HP \u200b\u200bEliteBook 850 G5\/G6 vagy 755 G5 laptopj\u00e1t autentikus OEM egyedi billenty\u0171zet\u00fcnkkel \u2013 a t\u00f6k\u00e9letes megold\u00e1s s\u00e9r\u00fclt vagy hi\u00e1nyz\u00f3 billenty\u0171k eset\u00e9n. Ez a z\u00f6kken\u0151mentes illeszked\u00e9sre kialak\u00edtott, h\u00e1tt\u00e9rvil\u00e1g\u00edt\u00e1s\u00fa ez\u00fcst billenty\u0171 (L14366-001) billenty\u0171zetkapcsokkal (zsan\u00e9rokkal) van kieg\u00e9sz\u00edtve, \u00e9s a szlov\u00e9n elrendez\u00e9shez illeszkedik, \u00edgy ismer\u0151s \u00e9s k\u00e9nyelmes g\u00e9pel\u00e9si \u00e9lm\u00e9nyt biztos\u00edt.<\/p>\n<p>A kompatibilit\u00e1s \u00e9rdek\u00e9ben hivatkozzon a cikksz\u00e1mokra, bele\u00e9rtve a 6037B0136423-at is, hogy garant\u00e1lja a pontos illeszked\u00e9st laptopj\u00e1hoz. A hiteless\u00e9g garant\u00e1lt, mivel a list\u00e1n szerepl\u0151 term\u00e9kfot\u00f3k eredetiek, \u00edgy vil\u00e1gos k\u00e9pet adnak a kapott term\u00e9kr\u0151l. A csomag tartalmazza a billenty\u0171zet billenty\u0171j\u00e9t \u00e9s a zsan\u00e9rokat, amelyek lehet\u0151v\u00e9 teszik a probl\u00e9mamentes cserefolyamatot.<\/p>\n<p>Fontos megjegyz\u00e9s: Noha nem adunk r\u00e9szletes \u00fatmutat\u00e1st, sz\u00edvesen fogadunk minden seg\u00edts\u00e9get. A k\u00e9nyes zsan\u00e9rok kezel\u00e9se k\u00f6r\u00fcltekint\u00e9st ig\u00e9nyel a telep\u00edt\u00e9s sor\u00e1n, ez\u00e9rt k\u00e9rj\u00fck, ne er\u0151ltesse a kulcsot a hely\u00e9re. Az \u00f6sszes el\u00e9rhet\u0151 billenty\u0171zet billenty\u0171je megjelenik a list\u00e1ban l\u00e9v\u0151 fot\u00f3n, \u00edgy seg\u00edt megtal\u00e1lni a laptopmodellhez val\u00f3 t\u00f6k\u00e9letes illeszked\u00e9st.<\/p>\n<p>Az optim\u00e1lis illeszked\u00e9s \u00e9rdek\u00e9ben, k\u00e9rj\u00fck, vizsg\u00e1lja meg a fot\u00f3t, amely a billenty\u0171 mechanizmus\u00e1t illusztr\u00e1lja, biztos\u00edtva a kompatibilit\u00e1st megl\u00e9v\u0151 billenty\u0171zet\u00e9vel. Kiszolg\u00e1ljuk az \u00d6n ig\u00e9nyeit, \u00e9s ha tov\u00e1bbi seg\u00edts\u00e9gre van sz\u00fcks\u00e9ge, keressen minket bizalommal szem\u00e9lyre szabott t\u00e1mogat\u00e1s\u00e9rt.<\/p>\n<p>N\u00f6velje laptop \u00e9lm\u00e9ny\u00e9t az eredeti OEM cserebillenty\u0171zet-billenty\u0171kkel \u2013 v\u00e1s\u00e1roljon most, \u00e9s fedezze fel \u00fajra a sima, hat\u00e9kony g\u00e9pel\u00e9st HP EliteBookj\u00e1n. Ne feledje, az\u00e9rt vagyunk itt, hogy seg\u00edts\u00fcnk \u00d6nnek az \u00fat minden l\u00e9p\u00e9s\u00e9ben.<\/p>\n","protected":false},"excerpt":{"rendered":"<p>Cser\u00e9lje ki a s\u00e9r\u00fclt vagy hi\u00e1nyz\u00f3 billenty\u0171ket HP EliteBook 850 G5\/G6 vagy 755 G5 laptopj\u00e1n ezzel az eredeti OEM egyedi billenty\u0171zetbillenty\u0171vel. A h\u00e1tt\u00e9rvil\u00e1g\u00edt\u00e1s\u00fa ez\u00fcst billenty\u0171 (L14366-001) billenty\u0171zetkapcsokkal (csukl\u00f3p\u00e1ntokkal) rendelkezik, \u00e9s illeszkedik a szlov\u00e9n elrendez\u00e9shez. A cikksz\u00e1mok (6037B0136423) \u00f6sszehasonl\u00edt\u00e1s\u00e1val \u00e9s a val\u00f3di term\u00e9kfot\u00f3k ellen\u0151rz\u00e9s\u00e9vel biztos\u00edtsa a t\u00f6k\u00e9letes illeszked\u00e9st laptopj\u00e1hoz. K\u00e9rj\u00fck, a telep\u00edt\u00e9s sor\u00e1n \u00f3vatosan kezelje, \u00e9s sz\u00fcks\u00e9g eset\u00e9n forduljon hozz\u00e1nk seg\u00edts\u00e9g\u00e9rt.<\/p>\n","protected":false},"featured_media":5885,"template":"","meta":[],"product_brand":[],"product_cat":[24],"product_tag":[25],"class_list":{"0":"post-5839","1":"product","2":"type-product","3":"status-publish","4":"has-post-thumbnail","6":"product_cat-individual-keyboard-keys","7":"product_tag-hp","9":"first","10":"instock","11":"taxable","12":"shipping-taxable","13":"purchasable","14":"product-type-simple"},"_links":{"self":[{"href":"https:\/\/boreait.com\/hu\/wp-json\/wp\/v2\/product\/5839","targetHints":{"allow":["GET"]}}],"collection":[{"href":"https:\/\/boreait.com\/hu\/wp-json\/wp\/v2\/product"}],"about":[{"href":"https:\/\/boreait.com\/hu\/wp-json\/wp\/v2\/types\/product"}],"wp:featuredmedia":[{"embeddable":true,"href":"https:\/\/boreait.com\/hu\/wp-json\/wp\/v2\/media\/5885"}],"wp:attachment":[{"href":"https:\/\/boreait.com\/hu\/wp-json\/wp\/v2\/media?parent=5839"}],"wp:term":[{"taxonomy":"product_brand","embeddable":true,"href":"https:\/\/boreait.com\/hu\/wp-json\/wp\/v2\/product_brand?post=5839"},{"taxonomy":"product_cat","embeddable":true,"href":"https:\/\/boreait.com\/hu\/wp-json\/wp\/v2\/product_cat?post=5839"},{"taxonomy":"product_tag","embeddable":true,"href":"https:\/\/boreait.com\/hu\/wp-json\/wp\/v2\/product_tag?post=5839"}],"curies":[{"name":"wp","href":"https:\/\/api.w.org\/{rel}","templated":true}]}}