{"id":5838,"date":"2025-09-17T11:21:52","date_gmt":"2025-09-17T09:21:52","guid":{"rendered":"https:\/\/boreait.com\/hu\/?post_type=product&#038;p=5838"},"modified":"2025-09-17T11:22:33","modified_gmt":"2025-09-17T09:22:33","slug":"eredeti-lenovo-3000-n200-type-0769-laptop-zsanerkeszlet-amzhw00200-amzhw00100-oem","status":"publish","type":"product","link":"https:\/\/boreait.com\/hu\/termek\/eredeti-lenovo-3000-n200-type-0769-laptop-zsanerkeszlet-amzhw00200-amzhw00100-oem\/","title":{"rendered":"Eredeti Lenovo 3000 N200 Type 0769 laptop zsan\u00e9rk\u00e9szlet AMZHW00200 AMZHW00100 &#8211; OEM"},"content":{"rendered":"<p>Fokozza Lenovo 3000 N200 Type 0769 laptopja funkcionalit\u00e1s\u00e1t \u00e9s tart\u00f3ss\u00e1g\u00e1t eredeti csukl\u00f3p\u00e1ntk\u00e9szlet\u00fcnkkel, amely tartalmazza a bal (AMZHW00200) \u00e9s a jobb oldali (AMZHW00100) zsan\u00e9rokat is. Az OEM szabv\u00e1nyoknak megfelel\u0151en kialak\u00edtott zsan\u00e9rk\u00e9szlet pontos illeszked\u00e9st \u00e9s optim\u00e1lis teljes\u00edtm\u00e9nyt garant\u00e1l.<\/p>\n<p><strong>Kompatibilit\u00e1s:<\/strong> A kifejezetten Lenovo 3000 N200 Type 0769 laptopokhoz tervezett zsan\u00e9rk\u00e9szlet megb\u00edzhat\u00f3 v\u00e1laszt\u00e1s eszk\u00f6ze szerkezeti integrit\u00e1s\u00e1nak biztos\u00edt\u00e1s\u00e1hoz. Ak\u00e1r s\u00e9r\u00fclt zsan\u00e9rokat cser\u00e9l, ak\u00e1r proakt\u00edv friss\u00edt\u00e9st hajt v\u00e9gre, eredeti Lenovo alkatr\u00e9szeink olyan min\u0151s\u00e9get biztos\u00edtanak, amelyben megb\u00edzhat.<\/p>\n<p><strong>Min\u0151s\u00e9gbiztos\u00edt\u00e1s:<\/strong> A prec\u00edzi\u00f3s gy\u00e1rt\u00e1s\u00fa zsan\u00e9rok megfelelnek a legmagasabb ipari szabv\u00e1nyoknak, biztons\u00e1gos illeszked\u00e9st \u00e9s robusztus teljes\u00edtm\u00e9nyt \u00edg\u00e9rve. Biztos lehet benne, hogy laptopja z\u00f6kken\u0151mentesen fog m\u0171k\u00f6dni, a meghosszabb\u00edtott \u00e9lettartam mellett.<\/p>\n<p><strong>Egyszer\u0171 telep\u00edt\u00e9s:<\/strong> Nem kell m\u0171szaki szak\u00e9rt\u0151nek lenni \u2013 zsan\u00e9rk\u00e9szlet\u00fcnket bark\u00e1csol\u00e1shoz tervezt\u00e9k. B\u00e1r nem adunk l\u00e9p\u00e9sr\u0151l l\u00e9p\u00e9sre \u00fatmutat\u00e1st, nyugodtan forduljon hozz\u00e1nk, ha k\u00e9rd\u00e9se van, vagy seg\u00edts\u00e9gre van sz\u00fcks\u00e9ge. Hisz\u00fcnk abban, hogy \u00fcgyfeleink kez\u00e9be vehetj\u00fck laptopjaik karbantart\u00e1s\u00e1t.<\/p>\n<p><strong>Val\u00f3di fot\u00f3k, val\u00f3di alkatr\u00e9szek:<\/strong> A l\u00e1tott k\u00e9pek pontosan t\u00fckr\u00f6zik a t\u00e9nyleges zsan\u00e9rokat, amelyeket kap. Hisz\u00fcnk az \u00e1tl\u00e1that\u00f3s\u00e1gban, \u00e9s ez al\u00f3l az eredeti Lenovo 3000 N200 Type 0769 laptop csukl\u00f3szett sem kiv\u00e9tel. Amit l\u00e1tsz, azt kapod \u2013 kiv\u00e1l\u00f3 min\u0151s\u00e9g\u0171 alkatr\u00e9szeket laptopodhoz.<\/p>\n<p><strong>Glob\u00e1lis sz\u00e1ll\u00edt\u00e1s:<\/strong> Eur\u00f3p\u00e1ban sz\u00e9khellyel vil\u00e1gszerte sz\u00e1ll\u00edtunk. B\u00e1rhol is van, gondoskodunk arr\u00f3l, hogy eredeti Lenovo laptop zsan\u00e9rk\u00e9szlete biztons\u00e1gosan \u00e9s gyorsan eljusson \u00d6nh\u00f6z. Tapasztalja meg a laptop alkatr\u00e9szek v\u00e1s\u00e1rl\u00e1s\u00e1nak k\u00e9nyelm\u00e9t a Siggmo seg\u00edts\u00e9g\u00e9vel.<\/p>\n<p>Friss\u00edtse Lenovo 3000 N200 laptopj\u00e1t m\u00e9g ma az eredeti zsan\u00e9rk\u00e9szlet\u00fcnkkel \u2013 ez a t\u00f6k\u00e9letes megold\u00e1s a megb\u00edzhat\u00f3 \u00e9s tart\u00f3s laptop\u00e9lm\u00e9nyhez. Ha b\u00e1rmilyen k\u00e9rd\u00e9se van, vagy tov\u00e1bbi seg\u00edts\u00e9gre van sz\u00fcks\u00e9ge, nyugodtan \u00edrjon nek\u00fcnk. Az \u00d6n el\u00e9gedetts\u00e9ge sz\u00e1munkra a legfontosabb.<\/p>\n","protected":false},"excerpt":{"rendered":"<p>Friss\u00edtse Lenovo 3000 N200 Type 0769 laptopj\u00e1t ezzel az eredeti zsan\u00e9rk\u00e9szlettel. A csomag tartalmazza a bal \u00e9s a jobb oldali zsan\u00e9rokat is (AMZHW00200, AMZHW00100). Az OEM specifik\u00e1ci\u00f3i szerint kialak\u00edtott zsan\u00e9rok t\u00f6k\u00e9letes illeszked\u00e9st biztos\u00edtanak, stabilit\u00e1st \u00e9s hossz\u00fa \u00e9lettartamot biztos\u00edtva laptopj\u00e1nak. Ide\u00e1lis DIY laptopjav\u00edt\u00e1shoz, \u00e9s kompatibilis a k\u00fcl\u00f6nb\u00f6z\u0151 Lenovo 3000 N200 modellekkel.<\/p>\n","protected":false},"featured_media":5884,"template":"","meta":[],"product_brand":[],"product_cat":[19],"product_tag":[26],"class_list":{"0":"post-5838","1":"product","2":"type-product","3":"status-publish","4":"has-post-thumbnail","6":"product_cat-screen-hinge","7":"product_tag-lenovo","9":"first","10":"instock","11":"taxable","12":"shipping-taxable","13":"purchasable","14":"product-type-simple"},"_links":{"self":[{"href":"https:\/\/boreait.com\/hu\/wp-json\/wp\/v2\/product\/5838","targetHints":{"allow":["GET"]}}],"collection":[{"href":"https:\/\/boreait.com\/hu\/wp-json\/wp\/v2\/product"}],"about":[{"href":"https:\/\/boreait.com\/hu\/wp-json\/wp\/v2\/types\/product"}],"wp:featuredmedia":[{"embeddable":true,"href":"https:\/\/boreait.com\/hu\/wp-json\/wp\/v2\/media\/5884"}],"wp:attachment":[{"href":"https:\/\/boreait.com\/hu\/wp-json\/wp\/v2\/media?parent=5838"}],"wp:term":[{"taxonomy":"product_brand","embeddable":true,"href":"https:\/\/boreait.com\/hu\/wp-json\/wp\/v2\/product_brand?post=5838"},{"taxonomy":"product_cat","embeddable":true,"href":"https:\/\/boreait.com\/hu\/wp-json\/wp\/v2\/product_cat?post=5838"},{"taxonomy":"product_tag","embeddable":true,"href":"https:\/\/boreait.com\/hu\/wp-json\/wp\/v2\/product_tag?post=5838"}],"curies":[{"name":"wp","href":"https:\/\/api.w.org\/{rel}","templated":true}]}}