{"id":5812,"date":"2025-09-17T11:21:30","date_gmt":"2025-09-17T09:21:30","guid":{"rendered":"https:\/\/boreait.com\/hu\/?post_type=product&#038;p=5812"},"modified":"2026-01-19T09:03:47","modified_gmt":"2026-01-19T08:03:47","slug":"dell-vostro-1015-belso-bluetooth-modul-kartya-0cw725-kabellel-laptop-alkatreszek","status":"publish","type":"product","link":"https:\/\/boreait.com\/hu\/termek\/dell-vostro-1015-belso-bluetooth-modul-kartya-0cw725-kabellel-laptop-alkatreszek\/","title":{"rendered":"Dell Vostro 1015 bels\u0151 Bluetooth modul k\u00e1rtya 0CW725 k\u00e1bellel laptop alkatr\u00e9szek"},"content":{"rendered":"<p>Nyissa meg Dell Vostro 1015 laptopja tov\u00e1bbfejlesztett csatlakoztathat\u00f3s\u00e1g\u00e1t kiv\u00e1l\u00f3 min\u0151s\u00e9g\u0171 bels\u0151 Bluetooth modulk\u00e1rty\u00e1nkkal, amely megb\u00edzhat\u00f3 k\u00e1bellel rendelkezik \u2013 cikksz\u00e1m: 0CW725. Ez az eredeti Dell term\u00e9k kompatibilit\u00e1st \u00e9s optim\u00e1lis teljes\u00edtm\u00e9nyt biztos\u00edt, \u00e9s z\u00f6kken\u0151mentes Bluetooth-\u00e9lm\u00e9nyt biztos\u00edt.<\/p>\n<p><strong>F\u0151bb jellemz\u0151k:<\/strong><\/p>\n<ul>\n<li><strong>Kompatibilit\u00e1s:<\/strong> Kifejezetten Dell Vostro 1015 laptopokhoz tervezt\u00e9k.<\/li>\n<li><strong>Gyors k\u00e9zbes\u00edt\u00e9s:<\/strong> Tiszt\u00e1ban vagyunk ig\u00e9nyeinek s\u00fcrg\u0151ss\u00e9g\u00e9vel. Hat\u00e9kony sz\u00e1ll\u00edt\u00e1sunk biztos\u00edtja, hogy alkatr\u00e9sze azonnal meg\u00e9rkezzen.<\/li>\n<li><strong>Eredeti min\u0151s\u00e9g:<\/strong> B\u00edzzon a Dell 0CW725 Bluetooth-modul hiteless\u00e9g\u00e9ben a z\u00f6kken\u0151mentes integr\u00e1ci\u00f3 \u00e9s teljes\u00edtm\u00e9ny \u00e9rdek\u00e9ben.<\/li>\n<li><strong>Egyszer\u0171 telep\u00edt\u00e9s:<\/strong> B\u00e1r nem adunk telep\u00edt\u00e9si utas\u00edt\u00e1sokat, nyugodtan forduljon hozz\u00e1nk, ha seg\u00edts\u00e9gre van sz\u00fcks\u00e9ge.<\/li>\n<\/ul>\n<p>Friss\u00edtse laptopj\u00e1t m\u00e9g ma, \u00e9s \u00e9lvezze a Bluetooth-kapcsolat ny\u00fajtotta k\u00e9nyelmet. K\u00e9rj\u00fck, vegye figyelembe, hogy a list\u00e1n szerepl\u0151 fot\u00f3k val\u00f3di k\u00e9pek a kapott alkatr\u00e9szekr\u0151l, biztos\u00edtva az \u00e1tl\u00e1that\u00f3s\u00e1got \u00e9s a v\u00e1s\u00e1rl\u00e1s bizalm\u00e1t.<\/p>\n<p>Ha k\u00e9rd\u00e9se van, vagy tov\u00e1bbi t\u00e1mogat\u00e1st szeretne kapni, ne habozzon, \u00edrjon nek\u00fcnk. Emelje fel Dell Vostro 1015 k\u00e9sz\u00fcl\u00e9k\u00e9t a leg\u00fajabb Bluetooth technol\u00f3gi\u00e1val!<\/p>\n","protected":false},"excerpt":{"rendered":"<p>N\u00f6velje Dell Vostro 1015 laptopja k\u00e9pess\u00e9geit bels\u0151 Bluetooth modulk\u00e1rty\u00e1nkkal! Az eredeti 0CW725 alkatr\u00e9sz z\u00f6kken\u0151mentes csatlakoz\u00e1st biztos\u00edt, \u00e9s garant\u00e1ljuk a gyors sz\u00e1ll\u00edt\u00e1st. Friss\u00edtsen m\u00e9g ma!<\/p>\n","protected":false},"featured_media":5858,"template":"","meta":[],"product_brand":[],"product_cat":[27],"product_tag":[17],"class_list":{"0":"post-5812","1":"product","2":"type-product","3":"status-publish","4":"has-post-thumbnail","6":"product_cat-motherboards-board-parts","7":"product_tag-dell","9":"first","10":"instock","11":"taxable","12":"shipping-taxable","13":"purchasable","14":"product-type-simple"},"_links":{"self":[{"href":"https:\/\/boreait.com\/hu\/wp-json\/wp\/v2\/product\/5812","targetHints":{"allow":["GET"]}}],"collection":[{"href":"https:\/\/boreait.com\/hu\/wp-json\/wp\/v2\/product"}],"about":[{"href":"https:\/\/boreait.com\/hu\/wp-json\/wp\/v2\/types\/product"}],"wp:featuredmedia":[{"embeddable":true,"href":"https:\/\/boreait.com\/hu\/wp-json\/wp\/v2\/media\/5858"}],"wp:attachment":[{"href":"https:\/\/boreait.com\/hu\/wp-json\/wp\/v2\/media?parent=5812"}],"wp:term":[{"taxonomy":"product_brand","embeddable":true,"href":"https:\/\/boreait.com\/hu\/wp-json\/wp\/v2\/product_brand?post=5812"},{"taxonomy":"product_cat","embeddable":true,"href":"https:\/\/boreait.com\/hu\/wp-json\/wp\/v2\/product_cat?post=5812"},{"taxonomy":"product_tag","embeddable":true,"href":"https:\/\/boreait.com\/hu\/wp-json\/wp\/v2\/product_tag?post=5812"}],"curies":[{"name":"wp","href":"https:\/\/api.w.org\/{rel}","templated":true}]}}