{"id":5788,"date":"2025-09-17T11:21:07","date_gmt":"2025-09-17T09:21:07","guid":{"rendered":"https:\/\/boreait.com\/hu\/?post_type=product&#038;p=5788"},"modified":"2025-09-17T11:21:53","modified_gmt":"2025-09-17T09:21:53","slug":"eredeti-lenovo-dc-jack-tap-a-t410-t420-t430-hoz-04w6888-04w6889-0b41319-laptop-alkatreszek","status":"publish","type":"product","link":"https:\/\/boreait.com\/hu\/termek\/eredeti-lenovo-dc-jack-tap-a-t410-t420-t430-hoz-04w6888-04w6889-0b41319-laptop-alkatreszek\/","title":{"rendered":"Eredeti Lenovo DC Jack t\u00e1p a T410 T420 T430-hoz &#8211; 04W6888 04W6889 0B41319 &#8211; Laptop alkatr\u00e9szek"},"content":{"rendered":"<p>N\u00f6velje Lenovo laptopja teljes\u00edtm\u00e9ny\u00e9t a kifejezetten a T410, T420 \u00e9s T430 modellekhez tervezett Eredeti DC Jack Power cser\u00e9vel. A csomag tartalmazza a l\u00e9nyeges alkatr\u00e9szeket: 04W6888, 04W6889 \u00e9s 0B41319.<\/p>\n<p><strong>F\u0151bb jellemz\u0151k:<\/strong><\/p>\n<ul>\n<li><strong>Kompatibilit\u00e1s:<\/strong> Biztos\u00edtsa a kompatibilit\u00e1st Lenovo T410, T420 \u00e9s T430 laptopjaival.<\/li>\n<li><strong>Eredeti Lenovo min\u0151s\u00e9g:<\/strong> B\u00edzzon az eredeti Lenovo laptop alkatr\u00e9szek hiteless\u00e9g\u00e9ben \u00e9s min\u0151s\u00e9g\u00e9ben.<\/li>\n<li><strong>Megb\u00edzhat\u00f3 t\u00e1pcsatlakoz\u00e1s:<\/strong> A DC Jack Power kritikus eleme a stabil t\u00e1pcsatlakoz\u00e1s fenntart\u00e1s\u00e1nak, ami elengedhetetlen a laptop optim\u00e1lis m\u0171k\u00f6d\u00e9s\u00e9hez.<\/li>\n<li><strong>Egyszer\u0171 telep\u00edt\u00e9s:<\/strong> Az alkatr\u00e9sz cser\u00e9je k\u00f6nnyed\u00e9n; nincs r\u00e9szletes \u00fatmutat\u00e1s, de seg\u00edts\u00e9g el\u00e9rhet\u0151 \u00fczenetben.<\/li>\n<li><strong>Sz\u00e1ll\u00edt\u00e1s az eg\u00e9sz vil\u00e1gon:<\/strong> Eredeti laptop-alkatr\u00e9szeinket vil\u00e1gszerte sz\u00e1ll\u00edtjuk, \u00edgy biztos\u00edtjuk, hogy b\u00e1rhol hozz\u00e1f\u00e9rhessen a min\u0151s\u00e9gi alkatr\u00e9szekhez.<\/li>\n<\/ul>\n<p>Magabiztosan friss\u00edtse laptopj\u00e1t, tudva, hogy a list\u00e1n szerepl\u0151 fot\u00f3k a val\u00f3di alkatr\u00e9szeket \u00e1br\u00e1zolj\u00e1k, amelyeket kapni fog. A Siggmon\u00e1l a hiteless\u00e9get, a min\u0151s\u00e9get \u00e9s az \u00fcgyfelek el\u00e9gedetts\u00e9g\u00e9t helyezz\u00fck el\u0151t\u00e9rbe. Ha b\u00e1rmilyen k\u00e9rd\u00e9se van, vagy seg\u00edts\u00e9gre van sz\u00fcks\u00e9ge, nyugodtan \u00edrjon nek\u00fcnk. Kapcsolja be Lenovo laptopj\u00e1t a legjobbakkal \u2013 v\u00e1lassza a Siggmo-t laptopja alkatr\u00e9szeihez.<\/p>\n","protected":false},"excerpt":{"rendered":"<p>Friss\u00edtse Lenovo laptopj\u00e1t ezzel az Eredeti DC Jack t\u00e1pell\u00e1t\u00e1ssal. A T410, T420 \u00e9s T430 modellekkel kompatibilis ez a r\u00e9sz (04W6888, 04W6889, 0B41319) megb\u00edzhat\u00f3 t\u00e1pcsatlakoz\u00e1st biztos\u00edt. Az eredeti Lenovo min\u0151s\u00e9g garant\u00e1lja az optim\u00e1lis teljes\u00edtm\u00e9nyt. Ne k\u00f6ss\u00f6n kompromisszumot laptopja teljes\u00edtm\u00e9ny\u00e9t illet\u0151en \u2013 v\u00e1lassza ki a legjobb laptop alkatr\u00e9szeket a Siggm\u00f3n\u00e1l.<\/p>\n","protected":false},"featured_media":5844,"template":"","meta":[],"product_brand":[],"product_cat":[20],"product_tag":[26],"class_list":{"0":"post-5788","1":"product","2":"type-product","3":"status-publish","4":"has-post-thumbnail","6":"product_cat-cables","7":"product_tag-lenovo","9":"first","10":"instock","11":"taxable","12":"shipping-taxable","13":"purchasable","14":"product-type-simple"},"_links":{"self":[{"href":"https:\/\/boreait.com\/hu\/wp-json\/wp\/v2\/product\/5788","targetHints":{"allow":["GET"]}}],"collection":[{"href":"https:\/\/boreait.com\/hu\/wp-json\/wp\/v2\/product"}],"about":[{"href":"https:\/\/boreait.com\/hu\/wp-json\/wp\/v2\/types\/product"}],"wp:featuredmedia":[{"embeddable":true,"href":"https:\/\/boreait.com\/hu\/wp-json\/wp\/v2\/media\/5844"}],"wp:attachment":[{"href":"https:\/\/boreait.com\/hu\/wp-json\/wp\/v2\/media?parent=5788"}],"wp:term":[{"taxonomy":"product_brand","embeddable":true,"href":"https:\/\/boreait.com\/hu\/wp-json\/wp\/v2\/product_brand?post=5788"},{"taxonomy":"product_cat","embeddable":true,"href":"https:\/\/boreait.com\/hu\/wp-json\/wp\/v2\/product_cat?post=5788"},{"taxonomy":"product_tag","embeddable":true,"href":"https:\/\/boreait.com\/hu\/wp-json\/wp\/v2\/product_tag?post=5788"}],"curies":[{"name":"wp","href":"https:\/\/api.w.org\/{rel}","templated":true}]}}