{"id":5786,"date":"2025-09-17T11:21:07","date_gmt":"2025-09-17T09:21:07","guid":{"rendered":"https:\/\/boreait.com\/hu\/?post_type=product&#038;p=5786"},"modified":"2026-01-13T14:52:27","modified_gmt":"2026-01-13T13:52:27","slug":"eredeti-lenovo-thinkpad-t430s-2355-laptop-lcd-hajlekony-kabel-0b41092-led-cserealkatresz","status":"publish","type":"product","link":"https:\/\/boreait.com\/hu\/termek\/eredeti-lenovo-thinkpad-t430s-2355-laptop-lcd-hajlekony-kabel-0b41092-led-cserealkatresz\/","title":{"rendered":"Eredeti Lenovo Thinkpad T430s-2355 laptop LCD hajl\u00e9kony k\u00e1bel 0B41092 LED &#8211; Cserealkatr\u00e9sz"},"content":{"rendered":"<p>Fokozza Lenovo Thinkpad T430s-2355 laptopja vizu\u00e1lis \u00e9lm\u00e9ny\u00e9t az Eredeti Lenovo LCD Flex Cable 0B41092 LED-del. Ezt a kiv\u00e1l\u00f3 min\u0151s\u00e9g\u0171 cserealkatr\u00e9szt \u00fagy tervezt\u00e9k, hogy z\u00f6kken\u0151mentes kapcsolatot biztos\u00edtson laptopja alaplapja \u00e9s kijelz\u0151je k\u00f6z\u00f6tt, optim\u00e1lis teljes\u00edtm\u00e9nyt \u00e9s tisztas\u00e1got biztos\u00edtva.<\/p>\n<p><strong>Kompatibilit\u00e1s:<\/strong> Ezt az LCD Flex k\u00e1belt kifejezetten a Lenovo Thinkpad T430s-2355 modellhez tervezt\u00e9k, t\u00f6k\u00e9letes illeszked\u00e9st \u00e9s megb\u00edzhat\u00f3 teljes\u00edtm\u00e9nyt garant\u00e1lva. Ez egy hiteles Lenovo alkatr\u00e9sz, amely ugyanazt a min\u0151s\u00e9get biztos\u00edtja, mint az eredeti.<\/p>\n<p><strong>Egyszer\u0171 telep\u00edt\u00e9s:<\/strong> K\u00f6nnyen cser\u00e9lje ki r\u00e9gi vagy hib\u00e1s LCD Flex k\u00e1bel\u00e9t. Noha nem adunk l\u00e9p\u00e9sr\u0151l l\u00e9p\u00e9sre \u00fatmutat\u00f3t, eredeti alkatr\u00e9szeink felhaszn\u00e1l\u00f3bar\u00e1tak azok sz\u00e1m\u00e1ra, akik alapvet\u0151 m\u0171szaki ismeretekkel rendelkeznek. Ha b\u00e1rmilyen probl\u00e9m\u00e1ja van, vagy k\u00e9rd\u00e9se van, forduljon hozz\u00e1nk bizalommal seg\u00edts\u00e9g\u00e9rt.<\/p>\n<p><strong>Min\u0151s\u00e9gbiztos\u00edt\u00e1s:<\/strong> A Siggmon\u00e1l a min\u0151s\u00e9get r\u00e9szes\u00edtj\u00fck el\u0151nyben. Eredeti Lenovo Thinkpad T430s-2355 LCD Flex k\u00e1bel\u00fcnket alaposan tesztelt\u00fck, hogy megfeleljen az ipari szabv\u00e1nyoknak, \u00edgy tart\u00f3s \u00e9s megb\u00edzhat\u00f3 csatlakoz\u00e1st biztos\u00edt laptopja kijelz\u0151j\u00e9hez.<\/p>\n<p><strong>Sz\u00e1ll\u00edt\u00e1s az eg\u00e9sz vil\u00e1gon:<\/strong> Ak\u00e1r Eur\u00f3p\u00e1ban, ak\u00e1r b\u00e1rhol a vil\u00e1gon, mi gyors \u00e9s megb\u00edzhat\u00f3 sz\u00e1ll\u00edt\u00e1st biztos\u00edtunk. Nyugodjon meg, tudva, hogy a list\u00e1ban szerepl\u0151 val\u00f3di fot\u00f3k pontosan t\u00fckr\u00f6zik a kapott term\u00e9ket.<\/p>\n<p>Friss\u00edtse laptop kijelz\u0151j\u00e9t m\u00e9g ma az Eredeti Lenovo Thinkpad T430s-2355 LCD Flex Cable 0B41092 LED-del. B\u00edzzon a Siggm\u00f3ban\u00a0a hiteles laptop-alkatr\u00e9szek, a min\u0151s\u00e9gi szolg\u00e1ltat\u00e1s \u00e9s a vil\u00e1gm\u00e9ret\u0171 sz\u00e1ll\u00edt\u00e1s ter\u00e9n. Ha b\u00e1rmilyen k\u00e9rd\u00e9se van, vagy seg\u00edts\u00e9gre van sz\u00fcks\u00e9ge, ne habozzon kapcsolatba l\u00e9pni vel\u00fcnk. Az \u00d6n el\u00e9gedetts\u00e9ge sz\u00e1munkra a legfontosabb.<\/p>\n","protected":false},"excerpt":{"rendered":"<p>Friss\u00edtse vagy cser\u00e9lje ki laptopja LCD Flex k\u00e1bel\u00e9t erre az Eredeti Lenovo Thinkpad T430s-2355 0B41092 LED-es modellre. Gondoskodjon Lenovo Thinkpad T430s-2355 laptopj\u00e1nak \u00e9les kijelz\u0151j\u00e9r\u0151l \u00e9s z\u00f6kken\u0151mentes m\u0171k\u00f6d\u00e9s\u00e9r\u0151l. B\u00edzzon a min\u0151s\u00e9gben \u00e9s a kompatibilit\u00e1sban \u2013 v\u00e1s\u00e1roljon eredeti laptop-alkatr\u00e9szeket a Siggm\u00f3n\u00e1l.<\/p>\n","protected":false},"featured_media":5829,"template":"","meta":[],"product_brand":[],"product_cat":[20],"product_tag":[26],"class_list":{"0":"post-5786","1":"product","2":"type-product","3":"status-publish","4":"has-post-thumbnail","6":"product_cat-cables","7":"product_tag-lenovo","9":"first","10":"instock","11":"taxable","12":"shipping-taxable","13":"purchasable","14":"product-type-simple"},"_links":{"self":[{"href":"https:\/\/boreait.com\/hu\/wp-json\/wp\/v2\/product\/5786","targetHints":{"allow":["GET"]}}],"collection":[{"href":"https:\/\/boreait.com\/hu\/wp-json\/wp\/v2\/product"}],"about":[{"href":"https:\/\/boreait.com\/hu\/wp-json\/wp\/v2\/types\/product"}],"wp:featuredmedia":[{"embeddable":true,"href":"https:\/\/boreait.com\/hu\/wp-json\/wp\/v2\/media\/5829"}],"wp:attachment":[{"href":"https:\/\/boreait.com\/hu\/wp-json\/wp\/v2\/media?parent=5786"}],"wp:term":[{"taxonomy":"product_brand","embeddable":true,"href":"https:\/\/boreait.com\/hu\/wp-json\/wp\/v2\/product_brand?post=5786"},{"taxonomy":"product_cat","embeddable":true,"href":"https:\/\/boreait.com\/hu\/wp-json\/wp\/v2\/product_cat?post=5786"},{"taxonomy":"product_tag","embeddable":true,"href":"https:\/\/boreait.com\/hu\/wp-json\/wp\/v2\/product_tag?post=5786"}],"curies":[{"name":"wp","href":"https:\/\/api.w.org\/{rel}","templated":true}]}}