{"id":5756,"date":"2025-09-17T11:20:43","date_gmt":"2025-09-17T09:20:43","guid":{"rendered":"https:\/\/boreait.com\/hu\/?post_type=product&#038;p=5756"},"modified":"2026-01-19T08:13:21","modified_gmt":"2026-01-19T07:13:21","slug":"eredeti-dell-pp41l-also-talp-cn-0u499f-38561-9av-laptop-alkatreszek","status":"publish","type":"product","link":"https:\/\/boreait.com\/hu\/termek\/eredeti-dell-pp41l-also-talp-cn-0u499f-38561-9av-laptop-alkatreszek\/","title":{"rendered":"Eredeti Dell PP41L als\u00f3 talp CN-0U499F-38561-9AV \u2013 Laptop alkatr\u00e9szek"},"content":{"rendered":"<p>Alak\u00edtsa \u00e1t \u00e9s t\u00f6k\u00e9letes\u00edtse Dell laptopj\u00e1t az Eredeti Dell PP41L als\u00f3 b\u00e1zisunkkal. A kiv\u00e1l\u00f3s\u00e1gra kialak\u00edtott laptop alkatr\u00e9sz optim\u00e1lis teljes\u00edtm\u00e9nyt, tart\u00f3ss\u00e1got \u00e9s z\u00f6kken\u0151mentes integr\u00e1ci\u00f3t biztos\u00edt.<\/p>\n<p><strong>F\u0151bb jellemz\u0151k:<\/strong><\/p>\n<ul>\n<li>Eredeti Dell PP41L als\u00f3 talp<\/li>\n<li>Min\u0151s\u00e9gbiztos\u00edt\u00e1s a megb\u00edzhat\u00f3s\u00e1g\u00e9rt<\/li>\n<li>K\u00f6nnyen telep\u00edthet\u0151 a gyors friss\u00edt\u00e9sek \u00e9rdek\u00e9ben<\/li>\n<\/ul>\n<p><strong>Kompatibilit\u00e1s:<\/strong> Ezt a laptopr\u00e9szt kifejezetten a Dell laptopokhoz tervezt\u00e9k, t\u00f6k\u00e9letes illeszked\u00e9st \u00e9s funkcionalit\u00e1st biztos\u00edtva. Ellen\u0151rizze a laptop modellj\u00e9nek kompatibilit\u00e1s\u00e1t.<\/p>\n<p><strong>Sz\u00e1ll\u00edt\u00e1s az eg\u00e9sz vil\u00e1gon:<\/strong> Tiszt\u00e1ban vagyunk a kiseg\u00edt\u0151 lehet\u0151s\u00e9gek fontoss\u00e1g\u00e1val. Ez\u00e9rt k\u00edn\u00e1lunk vil\u00e1gm\u00e9ret\u0171 kisz\u00e1ll\u00edt\u00e1st, \u00edgy min\u0151s\u00e9gi laptop-alkatr\u00e9szeinket k\u00f6zvetlen\u00fcl a k\u00fcsz\u00f6b\u00f6n sz\u00e1ll\u00edtjuk, b\u00e1rhol is van.<\/p>\n<p><strong>Megjegyz\u00e9s:<\/strong> ez a term\u00e9klista val\u00f3di f\u00e9nyk\u00e9peket tartalmaz a Dell PP41L als\u00f3 alapj\u00e1r\u00f3l. Nyugodj meg, amit l\u00e1tsz, azt kapod.<\/p>\n<p>Friss\u00edtse Dell laptopj\u00e1t k\u00f6nnyed\u00e9n ezzel az eredeti Dell PP41L als\u00f3 b\u00e1zissal. Ha b\u00e1rmilyen k\u00e9rd\u00e9se van, vagy seg\u00edts\u00e9gre van sz\u00fcks\u00e9ge a telep\u00edt\u00e9shez, \u00edrjon nek\u00fcnk \u00fczenetet. Nem adunk \u00fatmutat\u00e1st, de az\u00e9rt vagyunk itt, hogy seg\u00edts\u00fcnk a legt\u00f6bbet kihozni a v\u00e1s\u00e1rl\u00e1sb\u00f3l.<\/p>\n<p><strong>Rendeljen most, \u00e9s jav\u00edtsa Dell laptopja teljes\u00edtm\u00e9ny\u00e9t!<\/strong><\/p>\n","protected":false},"excerpt":{"rendered":"<p>Friss\u00edtse Dell laptopj\u00e1t ezzel az eredeti PP41L als\u00f3 b\u00e1zissal. Min\u0151s\u00e9gbiztos\u00edt\u00e1s a CN-0U499F-38561-9AV-val. N\u00f6velje a teljes\u00edtm\u00e9nyt \u00e9s a tart\u00f3ss\u00e1got. Vil\u00e1gszerte el\u00e9rhet\u0151 sz\u00e1ll\u00edt\u00e1s.<\/p>\n","protected":false},"featured_media":5804,"template":"","meta":[],"product_brand":[],"product_cat":[27,16],"product_tag":[26],"class_list":{"0":"post-5756","1":"product","2":"type-product","3":"status-publish","4":"has-post-thumbnail","6":"product_cat-motherboards-board-parts","7":"product_cat-laptop-housing","8":"product_tag-lenovo","10":"first","11":"instock","12":"taxable","13":"shipping-taxable","14":"purchasable","15":"product-type-simple"},"_links":{"self":[{"href":"https:\/\/boreait.com\/hu\/wp-json\/wp\/v2\/product\/5756","targetHints":{"allow":["GET"]}}],"collection":[{"href":"https:\/\/boreait.com\/hu\/wp-json\/wp\/v2\/product"}],"about":[{"href":"https:\/\/boreait.com\/hu\/wp-json\/wp\/v2\/types\/product"}],"wp:featuredmedia":[{"embeddable":true,"href":"https:\/\/boreait.com\/hu\/wp-json\/wp\/v2\/media\/5804"}],"wp:attachment":[{"href":"https:\/\/boreait.com\/hu\/wp-json\/wp\/v2\/media?parent=5756"}],"wp:term":[{"taxonomy":"product_brand","embeddable":true,"href":"https:\/\/boreait.com\/hu\/wp-json\/wp\/v2\/product_brand?post=5756"},{"taxonomy":"product_cat","embeddable":true,"href":"https:\/\/boreait.com\/hu\/wp-json\/wp\/v2\/product_cat?post=5756"},{"taxonomy":"product_tag","embeddable":true,"href":"https:\/\/boreait.com\/hu\/wp-json\/wp\/v2\/product_tag?post=5756"}],"curies":[{"name":"wp","href":"https:\/\/api.w.org\/{rel}","templated":true}]}}