{"id":5731,"date":"2025-09-17T11:20:18","date_gmt":"2025-09-17T09:20:18","guid":{"rendered":"https:\/\/boreait.com\/hu\/?post_type=product&#038;p=5731"},"modified":"2026-01-19T08:10:25","modified_gmt":"2026-01-19T07:10:25","slug":"eredeti-lenovo-3000-n100-laptop-hdd-tok-burkolata-oem-cserealkatresz","status":"publish","type":"product","link":"https:\/\/boreait.com\/hu\/termek\/eredeti-lenovo-3000-n100-laptop-hdd-tok-burkolata-oem-cserealkatresz\/","title":{"rendered":"Eredeti Lenovo 3000 N100 laptop HDD tok burkolata \u2013 OEM cserealkatr\u00e9sz"},"content":{"rendered":"<p>Friss\u00edtse \u00e9s \u00f3vja Lenovo 3000 N100 laptopj\u00e1t autentikus HDD Case Cover Door-unkkal, amelyet OEM cserealkatr\u00e9sznek tervezt\u00fcnk, hogy megfeleljen a legmagasabb szabv\u00e1nyoknak. Ez a prec\u00edzen kidolgozott fed\u0151ajt\u00f3 szorosan illeszkedik, \u00e9s robusztus v\u00e9delmet ny\u00fajt laptopja merevlemeze sz\u00e1m\u00e1ra.<\/p>\n<p><strong>F\u0151bb jellemz\u0151k:<\/strong><\/p>\n<ul>\n<li><strong>Eredeti OEM csere:<\/strong> Ez a merevlemez-h\u00e1zfed\u00e9l egy hiteles Lenovo cserealkatr\u00e9sz, amely garant\u00e1lja a kompatibilit\u00e1st \u00e9s a min\u0151s\u00e9get.<\/li>\n<li><strong>Optim\u00e1lis illeszked\u00e9s:<\/strong> \u00dagy tervezt\u00e9k, hogy z\u00f6kken\u0151mentesen illeszkedjen a Lenovo 3000 N100 modellhez, biztons\u00e1gos \u00e9s prec\u00edz illeszked\u00e9st biztos\u00edtva a laptop merevlemez\u00e9hez.<\/li>\n<li><strong>Tov\u00e1bbfejlesztett v\u00e9delem:<\/strong> Ezzel a robusztus h\u00e1zfed\u00e9lajt\u00f3val megv\u00e9dheti laptopja merevlemez\u00e9t a port\u00f3l, karcol\u00e1sokt\u00f3l \u00e9s esetleges s\u00e9r\u00fcl\u00e9sekt\u0151l.<\/li>\n<li><strong>Egyszer\u0171 telep\u00edt\u00e9s:<\/strong> Nincs sz\u00fcks\u00e9g bonyolult utas\u00edt\u00e1sokra \u2013 egyszer\u0171en helyezze fel a fed\u0151lap ajtaj\u00e1t, hogy megn\u00f6velje laptopja \u00e9lettartam\u00e1t.<\/li>\n<li><strong>Megb\u00edzhat\u00f3 teljes\u00edtm\u00e9ny:<\/strong> Fenntartja laptopja optim\u00e1lis teljes\u00edtm\u00e9ny\u00e9t az elhaszn\u00e1l\u00f3dott vagy s\u00e9r\u00fclt alkatr\u00e9szek cser\u00e9j\u00e9vel ezzel a kiv\u00e1l\u00f3 min\u0151s\u00e9g\u0171 HDD-tok fedel\u00e9vel.<\/li>\n<\/ul>\n<p>Fekessen be laptopja hossz\u00fa \u00e9lettartam\u00e1ba \u2013 v\u00e1s\u00e1rolja meg az Eredeti Lenovo 3000 N100 laptop HDD tok fedel\u00e9t m\u00e9g ma. Ha b\u00e1rmilyen k\u00e9rd\u00e9se van, vagy tov\u00e1bbi seg\u00edts\u00e9gre van sz\u00fcks\u00e9ge, nyugodtan \u00edrjon nek\u00fcnk. Ezenk\u00edv\u00fcl k\u00e9rj\u00fck, vegye figyelembe, hogy a megjelen\u00edtett term\u00e9kk\u00e9pek val\u00f3di fot\u00f3k a kapott alkatr\u00e9szr\u0151l.<\/p>\n","protected":false},"excerpt":{"rendered":"<p>N\u00f6velje Lenovo 3000 N100 laptopja \u00e9lettartam\u00e1t eredeti HDD Case Cover Door-unkkal. Ez az OEM cserealkatr\u00e9sznek k\u00e9sz\u00fclt fed\u00e9lajt\u00f3 t\u00f6k\u00e9letes illeszked\u00e9st biztos\u00edt laptopja merevlemez\u00e9hez, optim\u00e1lis v\u00e9delmet \u00e9s funkcionalit\u00e1st biztos\u00edtva. K\u00f6nnyen telep\u00edthet\u0151, megb\u00edzhat\u00f3 megold\u00e1s laptopja teljes\u00edtm\u00e9ny\u00e9nek meg\u0151rz\u00e9s\u00e9re. Szerezze be most a saj\u00e1tj\u00e1t, \u00e9s tartsa laptopj\u00e1t kiv\u00e1l\u00f3 \u00e1llapotban!<\/p>\n","protected":false},"featured_media":5774,"template":"","meta":[],"product_brand":[],"product_cat":[16],"product_tag":[26],"class_list":{"0":"post-5731","1":"product","2":"type-product","3":"status-publish","4":"has-post-thumbnail","6":"product_cat-laptop-housing","7":"product_tag-lenovo","9":"first","10":"instock","11":"taxable","12":"shipping-taxable","13":"purchasable","14":"product-type-simple"},"_links":{"self":[{"href":"https:\/\/boreait.com\/hu\/wp-json\/wp\/v2\/product\/5731","targetHints":{"allow":["GET"]}}],"collection":[{"href":"https:\/\/boreait.com\/hu\/wp-json\/wp\/v2\/product"}],"about":[{"href":"https:\/\/boreait.com\/hu\/wp-json\/wp\/v2\/types\/product"}],"wp:featuredmedia":[{"embeddable":true,"href":"https:\/\/boreait.com\/hu\/wp-json\/wp\/v2\/media\/5774"}],"wp:attachment":[{"href":"https:\/\/boreait.com\/hu\/wp-json\/wp\/v2\/media?parent=5731"}],"wp:term":[{"taxonomy":"product_brand","embeddable":true,"href":"https:\/\/boreait.com\/hu\/wp-json\/wp\/v2\/product_brand?post=5731"},{"taxonomy":"product_cat","embeddable":true,"href":"https:\/\/boreait.com\/hu\/wp-json\/wp\/v2\/product_cat?post=5731"},{"taxonomy":"product_tag","embeddable":true,"href":"https:\/\/boreait.com\/hu\/wp-json\/wp\/v2\/product_tag?post=5731"}],"curies":[{"name":"wp","href":"https:\/\/api.w.org\/{rel}","templated":true}]}}