{"id":5684,"date":"2025-09-17T11:19:32","date_gmt":"2025-09-17T09:19:32","guid":{"rendered":"https:\/\/boreait.com\/hu\/?post_type=product&#038;p=5684"},"modified":"2025-09-17T11:20:10","modified_gmt":"2025-09-17T09:20:10","slug":"au-optronics-154-1280x800-matt-lcd-kepernyo-b154ew08-v-0-laptop-kijelzo","status":"publish","type":"product","link":"https:\/\/boreait.com\/hu\/termek\/au-optronics-154-1280x800-matt-lcd-kepernyo-b154ew08-v-0-laptop-kijelzo\/","title":{"rendered":"AU Optronics 15,4&#8243; 1280&#215;800 matt LCD k\u00e9perny\u0151 B154EW08 V.0 laptop kijelz\u0151"},"content":{"rendered":"<p><strong>AU Optronics B154EW08 V.0, 15,4 h\u00fcvelykes, 1280&#215;800 matt LCD laptopk\u00e9perny\u0151 a fokozott k\u00e9nyelem\u00e9rt<\/strong> Friss\u00edtse laptopj\u00e1t az AU Optronics B154EW08 V.0-val, amely egy 15,4 h\u00fcvelykes matt LCD-k\u00e9perny\u0151, amely k\u00e9nyelmes megjelen\u00edt\u00e9st biztos\u00edt. 1280&#215;800-as felbont\u00e1sa \u00e9s t\u00fckr\u00f6z\u0151d\u00e9smentes matt fel\u00fclete kiv\u00e1l\u00f3 v\u00e1laszt\u00e1ss\u00e1 teszi mind professzion\u00e1lis, mind szem\u00e9lyes haszn\u00e1latra, cs\u00f6kkenti a szem meger\u0151ltet\u00e9s\u00e9t \u00e9s jav\u00edtja a l\u00e1that\u00f3s\u00e1got k\u00fcl\u00f6nb\u00f6z\u0151 f\u00e9nyviszonyok k\u00f6z\u00f6tt.<\/p>\n<p><strong>F\u0151bb jellemz\u0151k:<\/strong><\/p>\n<ul>\n<li><strong>Nagyfelbont\u00e1s\u00fa kijelz\u0151:<\/strong> \u00c9lvezze a tiszta \u00e9s \u00e9les k\u00e9pet 1280&#215;800-as felbont\u00e1ssal, amely ide\u00e1lis a mindennapi sz\u00e1m\u00edt\u00e1stechnikai ig\u00e9nyekhez.<\/li>\n<li><strong>Matt fel\u00fclet:<\/strong> A t\u00fckr\u00f6z\u0151d\u00e9smentes fel\u00fclet minim\u00e1lisra cs\u00f6kkenti a t\u00fckr\u00f6z\u0151d\u00e9st, jobb l\u00e1that\u00f3s\u00e1got biztos\u00edt vil\u00e1gos k\u00f6rnyezetben, \u00e9s cs\u00f6kkenti a szem meger\u0151ltet\u00e9s\u00e9t.<\/li>\n<li><strong>Optim\u00e1lis m\u00e9ret:<\/strong> A 15,4 h\u00fcvelykes k\u00e9perny\u0151m\u00e9ret t\u00f6k\u00e9letes a termel\u00e9kenys\u00e9ghez \u00e9s a multim\u00e9di\u00e1s alkalmaz\u00e1sokhoz, b\u0151s\u00e9ges helyet biztos\u00edtva a t\u00f6bbfeladatos munkav\u00e9gz\u00e9shez.<\/li>\n<li><strong>Egyszer\u0171 telep\u00edt\u00e9s:<\/strong> Az egyszer\u0171 telep\u00edt\u00e9shez tervezett k\u00e9perny\u0151 probl\u00e9mamentes friss\u00edt\u00e9st vagy cser\u00e9t tesz lehet\u0151v\u00e9 jelenlegi kijelz\u0151j\u00e9nek.<\/li>\n<\/ul>\n","protected":false},"excerpt":{"rendered":"<p>Emelje fel laptopja kijelz\u0151j\u00e9t az AU Optronics 15,4 h\u00fcvelykes matt LCD-k\u00e9perny\u0151j\u00e9vel, a B154EW08 V.0 modell. 1280&#215;800-as felbont\u00e1s\u00e1val t\u00f6k\u00e9letes a t\u00fckr\u00f6z\u0151d\u00e9smentes, tiszta \u00e9s \u00e9les vizu\u00e1lis \u00e9lm\u00e9nyhez.<\/p>\n","protected":false},"featured_media":5723,"template":"","meta":[],"product_brand":[],"product_cat":[62,21],"product_tag":[],"class_list":{"0":"post-5684","1":"product","2":"type-product","3":"status-publish","4":"has-post-thumbnail","6":"product_cat-15-4","7":"product_cat-laptop-screens-lcd-panels","9":"first","10":"instock","11":"taxable","12":"shipping-taxable","13":"purchasable","14":"product-type-simple"},"_links":{"self":[{"href":"https:\/\/boreait.com\/hu\/wp-json\/wp\/v2\/product\/5684","targetHints":{"allow":["GET"]}}],"collection":[{"href":"https:\/\/boreait.com\/hu\/wp-json\/wp\/v2\/product"}],"about":[{"href":"https:\/\/boreait.com\/hu\/wp-json\/wp\/v2\/types\/product"}],"wp:featuredmedia":[{"embeddable":true,"href":"https:\/\/boreait.com\/hu\/wp-json\/wp\/v2\/media\/5723"}],"wp:attachment":[{"href":"https:\/\/boreait.com\/hu\/wp-json\/wp\/v2\/media?parent=5684"}],"wp:term":[{"taxonomy":"product_brand","embeddable":true,"href":"https:\/\/boreait.com\/hu\/wp-json\/wp\/v2\/product_brand?post=5684"},{"taxonomy":"product_cat","embeddable":true,"href":"https:\/\/boreait.com\/hu\/wp-json\/wp\/v2\/product_cat?post=5684"},{"taxonomy":"product_tag","embeddable":true,"href":"https:\/\/boreait.com\/hu\/wp-json\/wp\/v2\/product_tag?post=5684"}],"curies":[{"name":"wp","href":"https:\/\/api.w.org\/{rel}","templated":true}]}}