{"id":5658,"date":"2025-09-17T11:19:09","date_gmt":"2025-09-17T09:19:09","guid":{"rendered":"https:\/\/boreait.com\/hu\/?post_type=product&#038;p=5658"},"modified":"2025-09-17T11:19:50","modified_gmt":"2025-09-17T09:19:50","slug":"chimei-innolux-n156bge-eb2-rev-c3-156-led-lcd-kepernyo-panel-40-tus-csere-kijelzo","status":"publish","type":"product","link":"https:\/\/boreait.com\/hu\/termek\/chimei-innolux-n156bge-eb2-rev-c3-156-led-lcd-kepernyo-panel-40-tus-csere-kijelzo\/","title":{"rendered":"Chimei Innolux N156BGE-EB2 REV.C3 15,6&#8243; LED LCD k\u00e9perny\u0151 panel 40 t\u0171s &#8211; Csere kijelz\u0151"},"content":{"rendered":"<p>Friss\u00edtse laptopja kijelz\u0151j\u00e9t a Chimei Innolux N156BGE-EB2 REV.C3 15,6 h\u00fcvelykes t\u00edpus\u00fa LED LCD-k\u00e9perny\u0151vel. Ez a LED-kijelz\u0151 \u00fagy lett kialak\u00edtva, hogy z\u00f6kken\u0151mentesen helyettes\u00edtse a jelenlegi k\u00e9perny\u0151t, jobb l\u00e1tv\u00e1nyt \u00e9s tisztas\u00e1got biztos\u00edtva.<\/p>\n<p>F\u0151bb jellemz\u0151k:<\/p>\n<ul>\n<li>Modell: Chimei Innolux N156BGE-EB2 REV.C3<\/li>\n<li>T\u00edpus: LED LCD k\u00e9perny\u0151<\/li>\n<li>M\u00e9ret: 15,6 h\u00fcvelyk<\/li>\n<li>Felbont\u00e1s: 1366&#215;768 HD<\/li>\n<li>Csatlakoz\u00f3: 40 PINS<\/li>\n<li>Finn\u00fcl: F\u00e9nyes<\/li>\n<\/ul>\n<p> \u00c9lvezze az \u00e9l\u00e9nk \u00e9s tiszta vizu\u00e1lis \u00e9lm\u00e9nyt ezzel a kiv\u00e1l\u00f3 min\u0151s\u00e9g\u0171 LCD-k\u00e9perny\u0151vel. Ak\u00e1r egy s\u00e9r\u00fclt k\u00e9perny\u0151t cser\u00e9l, ak\u00e1r jobb kijelz\u0151re friss\u00edt, a Chimei Innolux N156BGE-EB2 REV.C3 \u00e9les k\u00e9peket \u00e9s \u00e9l\u00e9nk sz\u00edneket biztos\u00edt.<\/p>\n<p>K\u00e9rj\u00fck, vegye figyelembe, hogy ez a lista csak az LCD k\u00e9perny\u0151re vonatkozik. Telep\u00edt\u00e9si \u00fatmutat\u00f3 nem tal\u00e1lhat\u00f3, de ha k\u00e9rd\u00e9se van, vagy seg\u00edts\u00e9gre van sz\u00fcks\u00e9ge, nyugodtan \u00edrjon nek\u00fcnk. Az aktu\u00e1lis term\u00e9kfot\u00f3kat a list\u00e1ban tal\u00e1ljuk.<\/p>\n<p>Friss\u00edtse laptopja kijelz\u0151j\u00e9t m\u00e9g ma a Chimei Innolux N156BGE-EB2 REV.C3 15,6&#8243; t\u00edpus\u00fa LED LCD-k\u00e9perny\u0151vel, \u00e9s \u00e9lvezze a vizu\u00e1lis kiv\u00e1l\u00f3s\u00e1g \u00faj szintj\u00e9t.<\/p>\n","protected":false},"excerpt":{"rendered":"<p>Fokozza meg a megtekint\u00e9si \u00e9lm\u00e9nyt a Chimei Innolux N156BGE-EB2 REV.C3 15,6&#8243; t\u00edpus\u00fa LED LCD-k\u00e9perny\u0151vel. Ez a kiv\u00e1l\u00f3 min\u0151s\u00e9g\u0171 LED-kijelz\u0151 k\u00f6zvetlen\u00fcl helyettes\u00edti, \u00e9les l\u00e1tv\u00e1nyt \u00e9s \u00e9l\u00e9nk sz\u00edneket k\u00edn\u00e1l. Friss\u00edtse laptopj\u00e1t ezzel a megb\u00edzhat\u00f3 LCD-k\u00e9perny\u0151vel, hogy minden alkalommal leny\u0171g\u00f6z\u0151 legyen.<\/p>\n","protected":false},"featured_media":5703,"template":"","meta":[],"product_brand":[],"product_cat":[22,21],"product_tag":[],"class_list":{"0":"post-5658","1":"product","2":"type-product","3":"status-publish","4":"has-post-thumbnail","6":"product_cat-15-6","7":"product_cat-laptop-screens-lcd-panels","9":"first","10":"instock","11":"taxable","12":"shipping-taxable","13":"purchasable","14":"product-type-simple"},"_links":{"self":[{"href":"https:\/\/boreait.com\/hu\/wp-json\/wp\/v2\/product\/5658","targetHints":{"allow":["GET"]}}],"collection":[{"href":"https:\/\/boreait.com\/hu\/wp-json\/wp\/v2\/product"}],"about":[{"href":"https:\/\/boreait.com\/hu\/wp-json\/wp\/v2\/types\/product"}],"wp:featuredmedia":[{"embeddable":true,"href":"https:\/\/boreait.com\/hu\/wp-json\/wp\/v2\/media\/5703"}],"wp:attachment":[{"href":"https:\/\/boreait.com\/hu\/wp-json\/wp\/v2\/media?parent=5658"}],"wp:term":[{"taxonomy":"product_brand","embeddable":true,"href":"https:\/\/boreait.com\/hu\/wp-json\/wp\/v2\/product_brand?post=5658"},{"taxonomy":"product_cat","embeddable":true,"href":"https:\/\/boreait.com\/hu\/wp-json\/wp\/v2\/product_cat?post=5658"},{"taxonomy":"product_tag","embeddable":true,"href":"https:\/\/boreait.com\/hu\/wp-json\/wp\/v2\/product_tag?post=5658"}],"curies":[{"name":"wp","href":"https:\/\/api.w.org\/{rel}","templated":true}]}}