{"id":565,"date":"2025-09-17T09:28:07","date_gmt":"2025-09-17T07:28:07","guid":{"rendered":"https:\/\/boreait.com\/hu\/?post_type=product&#038;p=565"},"modified":"2025-09-17T09:28:51","modified_gmt":"2025-09-17T07:28:51","slug":"csuklotamasz-erintopad-felso-tok-ap0hi000611-az-acer-aspire-5750g-tol","status":"publish","type":"product","link":"https:\/\/boreait.com\/hu\/termek\/csuklotamasz-erintopad-felso-tok-ap0hi000611-az-acer-aspire-5750g-tol\/","title":{"rendered":"Csukl\u00f3t\u00e1masz \u00e9rint\u0151pad fels\u0151 tok AP0HI000611 az Acer Aspire 5750G-t\u0151l"},"content":{"rendered":"<div class=\"s-item__title\"><span role=\"heading\"><span role=\"heading\">Touchpad Acer 201007-282201<\/p>\n<p><\/span><\/span>Fokozza Acer Aspire 5750G laptopja funkcionalit\u00e1s\u00e1t \u00e9s megjelen\u00e9s\u00e9t az AP0HI000611 csukl\u00f3t\u00e1maszos \u00e9rint\u0151pad fels\u0151 tokkal. Ezt az eredeti Acer cserealkatr\u00e9szt \u00fagy tervezt\u00e9k, hogy t\u00f6k\u00e9letesen illeszkedjen laptopj\u00e1hoz, \u00e9s z\u00f6kken\u0151mentes \u00e9rint\u0151pad-\u00e9lm\u00e9nyt biztos\u00edtson. Id\u0151vel a laptop csukl\u00f3t\u00e1maszos \u00e9rint\u0151pad fels\u0151 tokja elhaszn\u00e1l\u00f3dhat, megkarcol\u00f3dhat vagy megs\u00e9r\u00fclhet, ami hat\u00e1ssal van a funkcionalit\u00e1sra \u00e9s az eszt\u00e9tikai megjelen\u00e9sre is. Ha a fels\u0151 tokot az AP0HI000611 csukl\u00f3t\u00e1masz\u00fa \u00e9rint\u0151pad fels\u0151 tokra cser\u00e9li, helyre\u00e1ll\u00edthatja az \u00e9rint\u0151pad z\u00f6kken\u0151mentes m\u0171k\u00f6d\u00e9s\u00e9t, \u00e9s megv\u00e9dheti Acer Aspire 5750G bels\u0151 alkatr\u00e9szeit.<\/p>\n<p>Az AP0HI000611 csukl\u00f3t\u00e1maszos \u00e9rint\u0151pad fels\u0151 tok k\u00f6zvetlen\u00fcl az Acert\u0151l sz\u00e1rmazik, \u00edgy biztos\u00edtja a kompatibilit\u00e1st, a megb\u00edzhat\u00f3s\u00e1got \u00e9s az optim\u00e1lis teljes\u00edtm\u00e9nyt laptopja sz\u00e1m\u00e1ra. Kiv\u00e1l\u00f3 min\u0151s\u00e9g\u0171 anyagokb\u00f3l k\u00e9sz\u00fclt, amelyek tart\u00f3ss\u00e1got \u00e9s pr\u00e9mium megjelen\u00e9st \u00e9s \u00e9rzetet biztos\u00edtanak.<\/p>\n<p>Az AP0HI000611 csukl\u00f3t\u00e1maszos \u00e9rint\u0151pad fels\u0151 tok telep\u00edt\u00e9se egyszer\u0171 folyamat. Egyszer\u0171en t\u00e1vol\u00edtsa el a r\u00e9gi fels\u0151 tokot, \u00e9s cser\u00e9lje ki az \u00fajra, biztos\u00edtva a megfelel\u0151 be\u00e1ll\u00edt\u00e1st \u00e9s biztons\u00e1gos r\u00f6gz\u00edt\u00e9st. Ez egy k\u00f6lts\u00e9ghat\u00e9kony megold\u00e1s, amely lehet\u0151v\u00e9 teszi laptopja funkcionalit\u00e1s\u00e1nak \u00e9s eszt\u00e9tik\u00e1j\u00e1nak helyre\u00e1ll\u00edt\u00e1s\u00e1t an\u00e9lk\u00fcl, hogy teljes rendszercser\u00e9re lenne sz\u00fcks\u00e9g.<\/p>\n<p>\u00c9lvezze az \u00e9rint\u0151pad z\u00f6kken\u0151mentes m\u0171k\u00f6d\u00e9s\u00e9t, \u00e9s v\u00e9dje meg Acer Aspire 5750G bels\u0151 alkatr\u00e9szeit az AP0HI000611 csukl\u00f3t\u00e1maszos \u00e9rint\u0151pad fels\u0151 tokkal. Adjon meg\u00fajult megjelen\u00e9st \u00e9s \u00e9rzetet laptopj\u00e1nak, \u00e9s tapasztalja meg az eredeti Acer p\u00f3talkatr\u00e9szek el\u0151nyeit.<\/p>\n<\/div>\n","protected":false},"excerpt":{"rendered":"<p>Cser\u00e9lje ki az Acer Aspire 5750G laptop csukl\u00f3t\u00e1maszos \u00e9rint\u0151pad fels\u0151 tokj\u00e1t az AP0HI000611 csukl\u00f3t\u00e1maszos \u00e9rint\u0151pad fels\u0151 tokkal. Ez az eredeti Acer cserealkatr\u00e9sz t\u00f6k\u00e9letes illeszked\u00e9st biztos\u00edt, \u00e9s visszaadja laptopja funkcionalit\u00e1s\u00e1t \u00e9s eszt\u00e9tik\u00e1j\u00e1t. \u00c9lvezze az \u00e9rint\u0151pad z\u00f6kken\u0151mentes m\u0171k\u00f6d\u00e9s\u00e9t, \u00e9s v\u00e9dje meg Acer Aspire 5750G bels\u0151 alkatr\u00e9szeit. V\u00e1s\u00e1roljon most, \u00e9s aj\u00e1nd\u00e9kozza laptopj\u00e1t egy meg\u00fajult csukl\u00f3t\u00e1maszos \u00e9rint\u0151pad fels\u0151 tokkal.<\/p>\n","protected":false},"featured_media":622,"template":"","meta":[],"product_brand":[],"product_cat":[16],"product_tag":[29,25],"class_list":{"0":"post-565","1":"product","2":"type-product","3":"status-publish","4":"has-post-thumbnail","6":"product_cat-laptop-housing","7":"product_tag-acer","8":"product_tag-hp","10":"first","11":"instock","12":"taxable","13":"shipping-taxable","14":"purchasable","15":"product-type-simple"},"_links":{"self":[{"href":"https:\/\/boreait.com\/hu\/wp-json\/wp\/v2\/product\/565","targetHints":{"allow":["GET"]}}],"collection":[{"href":"https:\/\/boreait.com\/hu\/wp-json\/wp\/v2\/product"}],"about":[{"href":"https:\/\/boreait.com\/hu\/wp-json\/wp\/v2\/types\/product"}],"wp:featuredmedia":[{"embeddable":true,"href":"https:\/\/boreait.com\/hu\/wp-json\/wp\/v2\/media\/622"}],"wp:attachment":[{"href":"https:\/\/boreait.com\/hu\/wp-json\/wp\/v2\/media?parent=565"}],"wp:term":[{"taxonomy":"product_brand","embeddable":true,"href":"https:\/\/boreait.com\/hu\/wp-json\/wp\/v2\/product_brand?post=565"},{"taxonomy":"product_cat","embeddable":true,"href":"https:\/\/boreait.com\/hu\/wp-json\/wp\/v2\/product_cat?post=565"},{"taxonomy":"product_tag","embeddable":true,"href":"https:\/\/boreait.com\/hu\/wp-json\/wp\/v2\/product_tag?post=565"}],"curies":[{"name":"wp","href":"https:\/\/api.w.org\/{rel}","templated":true}]}}