{"id":5634,"date":"2025-09-17T11:18:44","date_gmt":"2025-09-17T09:18:44","guid":{"rendered":"https:\/\/boreait.com\/hu\/?post_type=product&#038;p=5634"},"modified":"2026-01-13T14:50:56","modified_gmt":"2026-01-13T13:50:56","slug":"hp-zbook-15-g0-g1-g2-lcd-zsanerok-am0tj000200-am0tj000300-bal-jobb-keszlet","status":"publish","type":"product","link":"https:\/\/boreait.com\/hu\/termek\/hp-zbook-15-g0-g1-g2-lcd-zsanerok-am0tj000200-am0tj000300-bal-jobb-keszlet\/","title":{"rendered":"HP ZBook 15 G0 G1 G2 LCD zsan\u00e9rok AM0TJ000200 AM0TJ000300 bal + jobb k\u00e9szlet"},"content":{"rendered":"<p>Friss\u00edtse \u00e9s er\u0151s\u00edtse meg HP ZBook 15 G0 G1 G2 k\u00e9sz\u00fcl\u00e9k\u00e9t az AM0TJ000200 \u00e9s AM0TJ000300 LCD csukl\u00f3p\u00e1ntokkal, amelyeket apr\u00f3l\u00e9kosan \u00fagy terveztek, hogy nagyobb tart\u00f3ss\u00e1got \u00e9s kijelz\u0151stabilit\u00e1st biztos\u00edtsanak.<\/p>\n<p>F\u0151bb jellemz\u0151k:<\/p>\n<ul>\n<li>Kompatibilis modellek: HP ZBook 15 G0 G1 G2<\/li>\n<li>Alkatr\u00e9szsz\u00e1mok: AM0TJ000200 (bal oldali csukl\u00f3p\u00e1nt), AM0TJ000300 (jobb csukl\u00f3p\u00e1nt)<\/li>\n<li>Bal \u00e9s jobb oldali zsan\u00e9rokat is tartalmaz a teljes k\u00e9szlethez<\/li>\n<li>T\u00f6k\u00e9letes illeszked\u00e9st biztos\u00edt laptopja kijelz\u0151j\u00e9hez<\/li>\n<li>A tart\u00f3ss\u00e1g \u00e9s a tart\u00f3s teljes\u00edtm\u00e9ny \u00e9rdek\u00e9ben k\u00e9sz\u00fclt<\/li>\n<\/ul>\n<p>Ezek a zsan\u00e9rok d\u00f6nt\u0151 szerepet j\u00e1tszanak a laptop k\u00e9perny\u0151j\u00e9nek szerkezeti integrit\u00e1s\u00e1nak meg\u0151rz\u00e9s\u00e9ben. Ezzel a k\u00e9szlettel b\u00edzhat abban, hogy HP ZBook 15 G0 G1 G2 tov\u00e1bbra is megb\u00edzhat\u00f3 \u00e9s robusztus sz\u00e1m\u00edt\u00e1stechnikai \u00e9lm\u00e9nyt ny\u00fajt.<\/p>\n<p>K\u00e9rj\u00fck, vegye figyelembe, hogy a term\u00e9khez nem mell\u00e9keltek telep\u00edt\u00e9si utas\u00edt\u00e1sokat. Ha b\u00e1rmilyen k\u00e9rd\u00e9se van, vagy seg\u00edts\u00e9gre van sz\u00fcks\u00e9ge a telep\u00edt\u00e9si folyamathoz, forduljon bizalommal. N\u00f6velje laptopja kijelz\u0151j\u00e9nek \u00e9lettartam\u00e1t az AM0TJ000200 \u00e9s AM0TJ000300 LCD csukl\u00f3p\u00e1ntokkal \u2013 ez a t\u00f6k\u00e9letes megold\u00e1s a z\u00f6kken\u0151mentes \u00e9s stabil k\u00e9perny\u0151\u00e9lm\u00e9nyhez.<\/p>\n","protected":false},"excerpt":{"rendered":"<p>N\u00f6velje HP ZBook 15 G0 G1 G2 tart\u00f3ss\u00e1g\u00e1t az AM0TJ000200 \u00e9s AM0TJ000300 LCD zsan\u00e9rokkal. Ez a k\u00e9szlet bal \u00e9s jobb oldali zsan\u00e9rokat is tartalmaz, amelyek t\u00f6k\u00e9letes illeszked\u00e9st biztos\u00edtanak a z\u00f6kken\u0151mentes megjelen\u00edt\u00e9si funkci\u00f3khoz. A megb\u00edzhat\u00f3s\u00e1g jegy\u00e9ben kialak\u00edtott zsan\u00e9rok er\u0151s t\u00e1mogat\u00e1st ny\u00fajtanak laptopja k\u00e9perny\u0151j\u00e9nek, \u00e9s hossz\u00fa \u00e9lettartamot \u00edg\u00e9rnek.<\/p>\n","protected":false},"featured_media":5679,"template":"","meta":[],"product_brand":[],"product_cat":[19],"product_tag":[25],"class_list":{"0":"post-5634","1":"product","2":"type-product","3":"status-publish","4":"has-post-thumbnail","6":"product_cat-screen-hinge","7":"product_tag-hp","9":"first","10":"instock","11":"taxable","12":"shipping-taxable","13":"purchasable","14":"product-type-simple"},"_links":{"self":[{"href":"https:\/\/boreait.com\/hu\/wp-json\/wp\/v2\/product\/5634","targetHints":{"allow":["GET"]}}],"collection":[{"href":"https:\/\/boreait.com\/hu\/wp-json\/wp\/v2\/product"}],"about":[{"href":"https:\/\/boreait.com\/hu\/wp-json\/wp\/v2\/types\/product"}],"wp:featuredmedia":[{"embeddable":true,"href":"https:\/\/boreait.com\/hu\/wp-json\/wp\/v2\/media\/5679"}],"wp:attachment":[{"href":"https:\/\/boreait.com\/hu\/wp-json\/wp\/v2\/media?parent=5634"}],"wp:term":[{"taxonomy":"product_brand","embeddable":true,"href":"https:\/\/boreait.com\/hu\/wp-json\/wp\/v2\/product_brand?post=5634"},{"taxonomy":"product_cat","embeddable":true,"href":"https:\/\/boreait.com\/hu\/wp-json\/wp\/v2\/product_cat?post=5634"},{"taxonomy":"product_tag","embeddable":true,"href":"https:\/\/boreait.com\/hu\/wp-json\/wp\/v2\/product_tag?post=5634"}],"curies":[{"name":"wp","href":"https:\/\/api.w.org\/{rel}","templated":true}]}}