{"id":5631,"date":"2025-09-17T11:18:44","date_gmt":"2025-09-17T09:18:44","guid":{"rendered":"https:\/\/boreait.com\/hu\/?post_type=product&#038;p=5631"},"modified":"2026-01-13T14:50:37","modified_gmt":"2026-01-13T13:50:37","slug":"novelje-a-biztonsagot-hp-zbook-15-17-smartcard-reader-dc04000fxa0-eredeti-tartozek","status":"publish","type":"product","link":"https:\/\/boreait.com\/hu\/termek\/novelje-a-biztonsagot-hp-zbook-15-17-smartcard-reader-dc04000fxa0-eredeti-tartozek\/","title":{"rendered":"N\u00f6velje a biztons\u00e1got! HP ZBook 15 17 SmartCard Reader DC04000FXA0 \u2013 Eredeti tartoz\u00e9k"},"content":{"rendered":"<p>N\u00f6velje HP ZBook 15 vagy 17 biztons\u00e1g\u00e1t a HP SmartCard Reader DC04000FXA0 k\u00e9sz\u00fcl\u00e9kkel, amely egy eredeti tartoz\u00e9k az adatv\u00e9delem fokoz\u00e1s\u00e1ra. Ez az intelligensk\u00e1rtya-olvas\u00f3 tov\u00e1bbi biztons\u00e1gi r\u00e9teget ad laptopj\u00e1hoz, biztos\u00edtva, hogy csak a jogosult felhaszn\u00e1l\u00f3k f\u00e9rhessenek hozz\u00e1 a bizalmas inform\u00e1ci\u00f3khoz.<\/p>\n<p>F\u0151bb jellemz\u0151k:<\/p>\n<ul>\n<li>Eredeti HP-tartoz\u00e9k<\/li>\n<li>Kompatibilis a HP ZBook 15 \u00e9s 17 k\u00e9sz\u00fcl\u00e9kekkel<\/li>\n<li>Jav\u00edtja az adatbiztons\u00e1got<\/li>\n<li>K\u00f6nnyen telep\u00edthet\u0151<\/li>\n<\/ul>\n<p>A HP SmartCard Reader elengedhetetlen a bizalmas adatokkal dolgoz\u00f3 szakemberek sz\u00e1m\u00e1ra. Az\u00e1ltal, hogy intelligens k\u00e1rty\u00e1t ig\u00e9nyel a hiteles\u00edt\u00e9shez, tov\u00e1bbi v\u00e9delmet biztos\u00edt az illet\u00e9ktelen hozz\u00e1f\u00e9r\u00e9s ellen. A telep\u00edt\u00e9s egyszer\u0171, \u00e9s z\u00f6kken\u0151mentesen integr\u00e1lhat\u00f3 HP ZBook laptopj\u00e1hoz.<\/p>\n<p>K\u00e9rj\u00fck, vegye figyelembe, hogy ez a lista val\u00f3di f\u00e9nyk\u00e9peket tartalmaz a HP ZBook 15\/17 SmartCard Reader DC04000FXA0 k\u00e9sz\u00fcl\u00e9kr\u0151l, \u00e9s nem tartalmaz telep\u00edt\u00e9si utas\u00edt\u00e1st. Ha b\u00e1rmilyen k\u00e9rd\u00e9se van, vagy tov\u00e1bbi seg\u00edts\u00e9gre van sz\u00fcks\u00e9ge, forduljon bizalommal. Biztos\u00edtsa adatait \u00e9s v\u00e9dje munk\u00e1j\u00e1t az eredeti HP ZBook SmartCard Readerrel \u2013 mert adatai a legjobbat \u00e9rdemlik a biztons\u00e1g ter\u00e9n.<\/p>\n","protected":false},"excerpt":{"rendered":"<p>N\u00f6velje HP ZBook 15 vagy 17 biztons\u00e1g\u00e1t az eredeti HP SmartCard Reader DC04000FXA0 seg\u00edts\u00e9g\u00e9vel. Ez a dedik\u00e1lt olvas\u00f3 egy extra v\u00e9delmi r\u00e9teggel ruh\u00e1zza fel laptopj\u00e1t, biztos\u00edtva, hogy csak a jogosult felhaszn\u00e1l\u00f3k f\u00e9rhessenek hozz\u00e1 az \u00e9rz\u00e9keny adatokhoz. K\u00f6nnyen telep\u00edthet\u0151 \u00e9s kompatibilis a ZBook sorozattal, t\u00f6k\u00e9letes kieg\u00e9sz\u00edt\u0151 az adatbiztons\u00e1got el\u0151nyben r\u00e9szes\u00edt\u0151 szakemberek sz\u00e1m\u00e1ra. N\u00f6velje laptopja v\u00e9delm\u00e9t a HP ZBook SmartCard Reader seg\u00edts\u00e9g\u00e9vel.<\/p>\n","protected":false},"featured_media":5675,"template":"","meta":[],"product_brand":[],"product_cat":[27],"product_tag":[25],"class_list":{"0":"post-5631","1":"product","2":"type-product","3":"status-publish","4":"has-post-thumbnail","6":"product_cat-motherboards-board-parts","7":"product_tag-hp","9":"first","10":"instock","11":"taxable","12":"shipping-taxable","13":"purchasable","14":"product-type-simple"},"_links":{"self":[{"href":"https:\/\/boreait.com\/hu\/wp-json\/wp\/v2\/product\/5631","targetHints":{"allow":["GET"]}}],"collection":[{"href":"https:\/\/boreait.com\/hu\/wp-json\/wp\/v2\/product"}],"about":[{"href":"https:\/\/boreait.com\/hu\/wp-json\/wp\/v2\/types\/product"}],"wp:featuredmedia":[{"embeddable":true,"href":"https:\/\/boreait.com\/hu\/wp-json\/wp\/v2\/media\/5675"}],"wp:attachment":[{"href":"https:\/\/boreait.com\/hu\/wp-json\/wp\/v2\/media?parent=5631"}],"wp:term":[{"taxonomy":"product_brand","embeddable":true,"href":"https:\/\/boreait.com\/hu\/wp-json\/wp\/v2\/product_brand?post=5631"},{"taxonomy":"product_cat","embeddable":true,"href":"https:\/\/boreait.com\/hu\/wp-json\/wp\/v2\/product_cat?post=5631"},{"taxonomy":"product_tag","embeddable":true,"href":"https:\/\/boreait.com\/hu\/wp-json\/wp\/v2\/product_tag?post=5631"}],"curies":[{"name":"wp","href":"https:\/\/api.w.org\/{rel}","templated":true}]}}