{"id":563,"date":"2025-09-17T09:28:07","date_gmt":"2025-09-17T07:28:07","guid":{"rendered":"https:\/\/boreait.com\/hu\/?post_type=product&#038;p=563"},"modified":"2025-09-17T09:28:44","modified_gmt":"2025-09-17T07:28:44","slug":"lenovo-thinkpad-t460p-14-laptop-also-tok-fedele-am10a000700","status":"publish","type":"product","link":"https:\/\/boreait.com\/hu\/termek\/lenovo-thinkpad-t460p-14-laptop-also-tok-fedele-am10a000700\/","title":{"rendered":"Lenovo ThinkPad T460P 14&#8243; laptop als\u00f3 tok fedele AM10A000700"},"content":{"rendered":"<p>V\u00e9dje \u00e9s \u00e1ll\u00edtsa helyre Lenovo ThinkPad T460P 14&#8243;-es laptopja als\u00f3 burkolat\u00e1t az AM10A000700 als\u00f3 alaptok bor\u00edt\u00e1s\u00e1val. Ezt az eredeti Lenovo cserealkatr\u00e9szt \u00fagy tervezt\u00e9k, hogy t\u00f6k\u00e9letesen illeszkedjen laptopj\u00e1hoz, \u00e9s megb\u00edzhat\u00f3 v\u00e9delmet ny\u00fajtson a bels\u0151 alkatr\u00e9szek sz\u00e1m\u00e1ra.<\/p>\n<p>Id\u0151vel a laptop als\u00f3 burkolata megkarcol\u00f3dhat, megrepedhet vagy megs\u00e9r\u00fclhet, \u00edgy a bels\u0151 alkatr\u00e9szek pornak \u00e9s esetleges k\u00e1roknak lehetnek kit\u00e9ve. Ha a fedelet az AM10A000700 als\u00f3 alaptok fedel\u00e9re cser\u00e9li, helyre\u00e1ll\u00edthatja laptopja als\u00f3 h\u00e1z\u00e1nak \u00e9ps\u00e9g\u00e9t \u00e9s biztos\u00edthatja annak hossz\u00fa \u00e9lettartam\u00e1t.<\/p>\n<p>Az AM10A000700 als\u00f3 alaptok burkolata k\u00f6zvetlen\u00fcl a Lenovo-t\u00f3l sz\u00e1rmazik, \u00edgy biztos\u00edtja a kompatibilit\u00e1st, a megb\u00edzhat\u00f3s\u00e1got \u00e9s a t\u00f6k\u00e9letes illeszked\u00e9st ThinkPad T460P laptopj\u00e1hoz. Kiv\u00e1l\u00f3 min\u0151s\u00e9g\u0171 anyagokb\u00f3l k\u00e9sz\u00fclt, amelyek tart\u00f3ss\u00e1got biztos\u00edtanak, \u00e9s megv\u00e9dik laptopj\u00e1t a mindennapi elhaszn\u00e1l\u00f3d\u00e1st\u00f3l.<\/p>\n<p>Az AM10A000700 als\u00f3 alaplapburkolat felszerel\u00e9se egyszer\u0171 folyamat. Egyszer\u0171en t\u00e1vol\u00edtsa el a r\u00e9gi fedelet, \u00e9s cser\u00e9lje ki az \u00fajra, biztos\u00edtva a megfelel\u0151 be\u00e1ll\u00edt\u00e1st \u00e9s a biztons\u00e1gos r\u00f6gz\u00edt\u00e9st. Ez egy k\u00f6lts\u00e9ghat\u00e9kony megold\u00e1s, amely lehet\u0151v\u00e9 teszi, hogy vissza\u00e1ll\u00edtsa laptopja v\u00e9delm\u00e9t \u00e9s eszt\u00e9tik\u00e1j\u00e1t an\u00e9lk\u00fcl, hogy teljes rendszercser\u00e9re lenne sz\u00fcks\u00e9g.<\/p>\n<p>V\u00e9dje meg \u00e9s \u00e1ll\u00edtsa helyre Lenovo ThinkPad T460P 14&#8243;-es laptopj\u00e1t az AM10A000700 als\u00f3 burkolattal. \u00d3vja laptopj\u00e1t a port\u00f3l \u00e9s az esetleges s\u00e9r\u00fcl\u00e9sekt\u0151l, \u00e9s \u0151rizze meg karcs\u00fa megjelen\u00e9s\u00e9t. V\u00e1s\u00e1roljon n\u00e1lunk most, \u00e9s tapasztalja meg az eredeti Lenovo cserealkatr\u00e9szek el\u0151nyeit.<\/p>\n","protected":false},"excerpt":{"rendered":"<p>Cser\u00e9lje ki Lenovo ThinkPad T460P 14&#8243; laptopja als\u00f3 alaph\u00e1z\u00e1nak fedel\u00e9t az AM10A000700 als\u00f3 alaptok fedel\u00e9re. Ez az eredeti Lenovo cserealkatr\u00e9sz t\u00f6k\u00e9letes illeszked\u00e9st biztos\u00edt \u00e9s v\u00e9di laptopja bels\u0151 alkatr\u00e9szeit. \u00c1ll\u00edtsa vissza laptopja als\u00f3 h\u00e1z\u00e1nak integrit\u00e1s\u00e1t, \u00e9s \u00f3vja meg a port\u00f3l \u00e9s a s\u00e9r\u00fcl\u00e9sekt\u0151l. Meg\u00e9rdemli a Lenovo V\u00e1s\u00e1roljon most \u00e9s v\u00e9dje meg a Lenovo0P.<\/p>\n","protected":false},"featured_media":617,"template":"","meta":[],"product_brand":[],"product_cat":[16],"product_tag":[26],"class_list":{"0":"post-563","1":"product","2":"type-product","3":"status-publish","4":"has-post-thumbnail","6":"product_cat-laptop-housing","7":"product_tag-lenovo","9":"first","10":"instock","11":"taxable","12":"shipping-taxable","13":"purchasable","14":"product-type-simple"},"_links":{"self":[{"href":"https:\/\/boreait.com\/hu\/wp-json\/wp\/v2\/product\/563","targetHints":{"allow":["GET"]}}],"collection":[{"href":"https:\/\/boreait.com\/hu\/wp-json\/wp\/v2\/product"}],"about":[{"href":"https:\/\/boreait.com\/hu\/wp-json\/wp\/v2\/types\/product"}],"wp:featuredmedia":[{"embeddable":true,"href":"https:\/\/boreait.com\/hu\/wp-json\/wp\/v2\/media\/617"}],"wp:attachment":[{"href":"https:\/\/boreait.com\/hu\/wp-json\/wp\/v2\/media?parent=563"}],"wp:term":[{"taxonomy":"product_brand","embeddable":true,"href":"https:\/\/boreait.com\/hu\/wp-json\/wp\/v2\/product_brand?post=563"},{"taxonomy":"product_cat","embeddable":true,"href":"https:\/\/boreait.com\/hu\/wp-json\/wp\/v2\/product_cat?post=563"},{"taxonomy":"product_tag","embeddable":true,"href":"https:\/\/boreait.com\/hu\/wp-json\/wp\/v2\/product_tag?post=563"}],"curies":[{"name":"wp","href":"https:\/\/api.w.org\/{rel}","templated":true}]}}