{"id":5629,"date":"2025-09-17T11:18:43","date_gmt":"2025-09-17T09:18:43","guid":{"rendered":"https:\/\/boreait.com\/hu\/?post_type=product&#038;p=5629"},"modified":"2025-09-17T11:19:24","modified_gmt":"2025-09-17T09:19:24","slug":"dell-latitude-e7470-lcd-kepernyo-fedolap-0fvx0y-fvx0y-eredeti-cserealkatresz","status":"publish","type":"product","link":"https:\/\/boreait.com\/hu\/termek\/dell-latitude-e7470-lcd-kepernyo-fedolap-0fvx0y-fvx0y-eredeti-cserealkatresz\/","title":{"rendered":"Dell Latitude E7470 LCD k\u00e9perny\u0151 fed\u0151lap 0FVX0Y FVX0Y \u2013 Eredeti cserealkatr\u00e9sz"},"content":{"rendered":"<p>N\u00f6velje Dell Latitude E7470 megjelen\u00e9s\u00e9t \u00e9s v\u00e9delm\u00e9t az eredeti LCD-k\u00e9perny\u0151 fedlappal. Ezt a csereburkolatot a pontos specifik\u00e1ci\u00f3knak megfelel\u0151en tervezt\u00e9k, z\u00f6kken\u0151mentes illeszked\u00e9st \u00e9s pr\u00e9mium \u00e9p\u00edt\u00e9si min\u0151s\u00e9get biztos\u00edtva.<\/p>\n<p>F\u0151bb jellemz\u0151k:<\/p>\n<ul>\n<li>Kompatibilit\u00e1s: Dell Latitude E7470<\/li>\n<li>Eredeti Dell alkatr\u00e9sz<\/li>\n<li>Tart\u00f3s konstrukci\u00f3<\/li>\n<li>Jav\u00edtja a laptop eszt\u00e9tik\u00e1j\u00e1t<\/li>\n<li>V\u00e9di az LCD k\u00e9perny\u0151t<\/li>\n<li>Alkatr\u00e9szsz\u00e1m: 0FVX0Y \/ FVX0Y<\/li>\n<\/ul>\n<p>A Dell magas k\u00f6vetelm\u00e9nyeinek megfelel\u0151en tervezett LCD-k\u00e9perny\u0151s fed\u0151lap nem csak egy csipetnyi kifinomults\u00e1got k\u00f6lcs\u00f6n\u00f6z laptopj\u00e1nak, hanem gondoskodik az \u00e9rz\u00e9keny LCD-k\u00e9perny\u0151 v\u00e9delm\u00e9r\u0151l is. A tart\u00f3s konstrukci\u00f3 garant\u00e1lja a hossz\u00fa \u00e9lettartamot, \u00edgy ide\u00e1lis v\u00e1laszt\u00e1s azok sz\u00e1m\u00e1ra, akik megb\u00edzhat\u00f3 \u00e9s st\u00edlusos laptopfriss\u00edt\u00e9st keresnek.<\/p>\n<p>K\u00e9rj\u00fck, vegye figyelembe, hogy a Dell Latitude E7470 LCD k\u00e9perny\u0151 fed\u0151lapj\u00e1r\u00f3l k\u00e9sz\u00fclt val\u00f3di f\u00e9nyk\u00e9pek szerepelnek ezen a list\u00e1n. Telep\u00edt\u00e9si \u00fatmutat\u00f3 nem tal\u00e1lhat\u00f3, de ha k\u00e9rd\u00e9se van, vagy seg\u00edts\u00e9gre van sz\u00fcks\u00e9ge, nyugodtan \u00edrjon nek\u00fcnk. N\u00f6velje laptopja megjelen\u00e9s\u00e9t \u00e9s v\u00e9delm\u00e9t az eredeti Dell Latitude E7470 LCD-k\u00e9perny\u0151 fedlappal.<\/p>\n","protected":false},"excerpt":{"rendered":"<p>Fokozza Dell Latitude E7470 laptopja eszt\u00e9tik\u00e1j\u00e1t \u00e9s v\u00e9delm\u00e9t az eredeti LCD-k\u00e9perny\u0151 fedlappal. Ez a prec\u00edzi\u00f3s kialak\u00edt\u00e1s\u00fa csereburkolat t\u00f6k\u00e9letes illeszked\u00e9st \u00e9s kiv\u00e1l\u00f3 \u00e9p\u00edt\u00e9si min\u0151s\u00e9get biztos\u00edt. Emelje fel laptopja megjelen\u00e9s\u00e9t, mik\u00f6zben \u00f3vja az LCD k\u00e9perny\u0151t. Tapasztalja meg a tart\u00f3ss\u00e1got \u00e9s a letisztult diz\u00e1jnt a Dell Latitude E7470 LCD k\u00e9perny\u0151 fedlappal.<\/p>\n","protected":false},"featured_media":5671,"template":"","meta":[],"product_brand":[],"product_cat":[16],"product_tag":[17],"class_list":{"0":"post-5629","1":"product","2":"type-product","3":"status-publish","4":"has-post-thumbnail","6":"product_cat-laptop-housing","7":"product_tag-dell","9":"first","10":"instock","11":"taxable","12":"shipping-taxable","13":"purchasable","14":"product-type-simple"},"_links":{"self":[{"href":"https:\/\/boreait.com\/hu\/wp-json\/wp\/v2\/product\/5629","targetHints":{"allow":["GET"]}}],"collection":[{"href":"https:\/\/boreait.com\/hu\/wp-json\/wp\/v2\/product"}],"about":[{"href":"https:\/\/boreait.com\/hu\/wp-json\/wp\/v2\/types\/product"}],"wp:featuredmedia":[{"embeddable":true,"href":"https:\/\/boreait.com\/hu\/wp-json\/wp\/v2\/media\/5671"}],"wp:attachment":[{"href":"https:\/\/boreait.com\/hu\/wp-json\/wp\/v2\/media?parent=5629"}],"wp:term":[{"taxonomy":"product_brand","embeddable":true,"href":"https:\/\/boreait.com\/hu\/wp-json\/wp\/v2\/product_brand?post=5629"},{"taxonomy":"product_cat","embeddable":true,"href":"https:\/\/boreait.com\/hu\/wp-json\/wp\/v2\/product_cat?post=5629"},{"taxonomy":"product_tag","embeddable":true,"href":"https:\/\/boreait.com\/hu\/wp-json\/wp\/v2\/product_tag?post=5629"}],"curies":[{"name":"wp","href":"https:\/\/api.w.org\/{rel}","templated":true}]}}