{"id":5628,"date":"2025-09-17T11:18:43","date_gmt":"2025-09-17T09:18:43","guid":{"rendered":"https:\/\/boreait.com\/hu\/?post_type=product&#038;p=5628"},"modified":"2025-09-17T11:19:20","modified_gmt":"2025-09-17T09:19:20","slug":"dell-latitude-e7470-csuklotamasz-fedel-09mmk9-eredeti-cserealkatresz","status":"publish","type":"product","link":"https:\/\/boreait.com\/hu\/termek\/dell-latitude-e7470-csuklotamasz-fedel-09mmk9-eredeti-cserealkatresz\/","title":{"rendered":"Dell Latitude E7470 csukl\u00f3t\u00e1masz fed\u00e9l 09MMK9 \u2013 Eredeti cserealkatr\u00e9sz"},"content":{"rendered":"<p>Emelje fel Dell Latitude E7470 k\u00e9sz\u00fcl\u00e9k\u00e9t az eredeti Dell Latitude E7470 csukl\u00f3t\u00e1masz burkolattal. Ezt a prec\u00edzen megalkotott eredeti alkatr\u00e9szt \u00fagy tervezt\u00e9k, hogy z\u00f6kken\u0151mentesen illeszkedjen, tart\u00f3ss\u00e1got \u00e9s csiszolt megjelen\u00e9st biztos\u00edtva laptopja sz\u00e1m\u00e1ra.<\/p>\n<p>F\u0151bb jellemz\u0151k:<\/p>\n<ul>\n<li>Kompatibilit\u00e1s: Dell Latitude E7470<\/li>\n<li>Eredeti Dell cserealkatr\u00e9sz<\/li>\n<li>T\u00f6k\u00e9letes illeszked\u00e9s \u00e9s kivitel<\/li>\n<li>Vissza\u00e1ll\u00edtsa laptopja eszt\u00e9tikai megjelen\u00e9s\u00e9t<\/li>\n<li>Tart\u00f3s \u00e9s megb\u00edzhat\u00f3<\/li>\n<li>Alkatr\u00e9szsz\u00e1m: 09MMK9<\/li>\n<\/ul>\n<p>Ak\u00e1r egy elhaszn\u00e1l\u00f3dott csukl\u00f3t\u00e1masz-burkolatot cser\u00e9l, vagy egyszer\u0171en csak szeretn\u00e9 felfriss\u00edteni Dell Latitude E7470 megjelen\u00e9s\u00e9t, ez az eredeti Dell cserealkatr\u00e9sz az ide\u00e1lis megold\u00e1s. \u00c9lvezze az eleg\u00e1ns \u00e9s professzion\u00e1lis laptop-\u00e9lm\u00e9nyt az eredeti Dell-alkatr\u00e9szekkel egy\u00fctt j\u00e1r\u00f3 kompatibilit\u00e1s \u00e9s min\u0151s\u00e9g garant\u00e1l\u00e1s\u00e1val.<\/p>\n<p>K\u00e9rj\u00fck, vegye figyelembe, hogy ez a lista val\u00f3di f\u00e9nyk\u00e9peket tartalmaz a Dell Latitude E7470 csukl\u00f3t\u00e1masz bor\u00edt\u00f3j\u00e1r\u00f3l. Telep\u00edt\u00e9si \u00fatmutat\u00f3 nem tal\u00e1lhat\u00f3, de ha k\u00e9rd\u00e9se van, vagy seg\u00edts\u00e9gre van sz\u00fcks\u00e9ge, forduljon bizalommal. Friss\u00edtse laptopja megjelen\u00e9s\u00e9t k\u00f6nnyed\u00e9n ezzel az eredeti Dell Latitude E7470 csukl\u00f3t\u00e1masz-burkolattal.<\/p>\n","protected":false},"excerpt":{"rendered":"<p>Fokozza Dell Latitude E7470 megjelen\u00e9s\u00e9t \u00e9s \u00e9rzet\u00e9t az eredeti csukl\u00f3t\u00e1masz-fed\u00e9l cser\u00e9j\u00e9vel. A t\u00f6k\u00e9letes illeszked\u00e9sre kialak\u00edtott huzat tart\u00f3ss\u00e1got \u00e9s eleg\u00e1ns megjelen\u00e9st biztos\u00edt. Cser\u00e9lje ki az elhaszn\u00e1l\u00f3dott vagy s\u00e9r\u00fclt csukl\u00f3t\u00e1masz fedel\u00e9t, hogy k\u00f6nnyed\u00e9n helyre\u00e1ll\u00edtsa laptopja eszt\u00e9tikus megjelen\u00e9s\u00e9t.<\/p>\n","protected":false},"featured_media":5668,"template":"","meta":[],"product_brand":[],"product_cat":[16],"product_tag":[17],"class_list":{"0":"post-5628","1":"product","2":"type-product","3":"status-publish","4":"has-post-thumbnail","6":"product_cat-laptop-housing","7":"product_tag-dell","9":"first","10":"instock","11":"taxable","12":"shipping-taxable","13":"purchasable","14":"product-type-simple"},"_links":{"self":[{"href":"https:\/\/boreait.com\/hu\/wp-json\/wp\/v2\/product\/5628","targetHints":{"allow":["GET"]}}],"collection":[{"href":"https:\/\/boreait.com\/hu\/wp-json\/wp\/v2\/product"}],"about":[{"href":"https:\/\/boreait.com\/hu\/wp-json\/wp\/v2\/types\/product"}],"wp:featuredmedia":[{"embeddable":true,"href":"https:\/\/boreait.com\/hu\/wp-json\/wp\/v2\/media\/5668"}],"wp:attachment":[{"href":"https:\/\/boreait.com\/hu\/wp-json\/wp\/v2\/media?parent=5628"}],"wp:term":[{"taxonomy":"product_brand","embeddable":true,"href":"https:\/\/boreait.com\/hu\/wp-json\/wp\/v2\/product_brand?post=5628"},{"taxonomy":"product_cat","embeddable":true,"href":"https:\/\/boreait.com\/hu\/wp-json\/wp\/v2\/product_cat?post=5628"},{"taxonomy":"product_tag","embeddable":true,"href":"https:\/\/boreait.com\/hu\/wp-json\/wp\/v2\/product_tag?post=5628"}],"curies":[{"name":"wp","href":"https:\/\/api.w.org\/{rel}","templated":true}]}}