{"id":5627,"date":"2025-09-17T11:18:43","date_gmt":"2025-09-17T09:18:43","guid":{"rendered":"https:\/\/boreait.com\/hu\/?post_type=product&#038;p=5627"},"modified":"2025-09-17T11:19:16","modified_gmt":"2025-09-17T09:19:16","slug":"dell-latitude-e7470-hatso-dokkolo-port-tarto-n9p5m-eredeti-oem-alkatresz","status":"publish","type":"product","link":"https:\/\/boreait.com\/hu\/termek\/dell-latitude-e7470-hatso-dokkolo-port-tarto-n9p5m-eredeti-oem-alkatresz\/","title":{"rendered":"Dell Latitude E7470 h\u00e1ts\u00f3 dokkol\u00f3 port tart\u00f3 N9P5M \u2013 Eredeti OEM alkatr\u00e9sz"},"content":{"rendered":"<p>N\u00f6velje Dell Latitude E7470 k\u00e9pess\u00e9geit az eredeti OEM N9P5M h\u00e1ts\u00f3 dokkol\u00f3port kerettel. Ez a konzol egy k\u00f6telez\u0151 tartoz\u00e9k, amelyet az E7470 modell dokkol\u00f3\u00e9lm\u00e9ny\u00e9nek optimaliz\u00e1l\u00e1s\u00e1ra terveztek.<\/p>\n<p>F\u0151bb jellemz\u0151k:<\/p>\n<ul>\n<li>Kompatibilit\u00e1s: Dell Latitude E7470<\/li>\n<li>Alkatr\u00e9szsz\u00e1m: 0N9P5M<\/li>\n<li>Eredeti OEM Dell term\u00e9k<\/li>\n<li>Biztons\u00e1gos \u00e9s megb\u00edzhat\u00f3 dokkol\u00f3megold\u00e1s<\/li>\n<\/ul>\n<p>A prec\u00edzen megalkotott \u00e9s a legmagasabb min\u0151s\u00e9gi szabv\u00e1nyok szerint meg\u00e9p\u00edtett N9P5M konzol t\u00f6k\u00e9letes illeszked\u00e9st biztos\u00edt a Dell Latitude E7470-hez. Massz\u00edv fel\u00e9p\u00edt\u00e9se garant\u00e1lja a biztons\u00e1gos csatlakoz\u00e1st, \u00edgy a dokkol\u00e1si \u00e9s lev\u00e1laszt\u00e1si folyamatok z\u00f6kken\u0151mentesek \u00e9s probl\u00e9mamentesek.<\/p>\n<p>Friss\u00edtse laptopja funkcionalit\u00e1s\u00e1t ezzel az alapvet\u0151 tartoz\u00e9kkal. Ak\u00e1r profi, aki megb\u00edzhat\u00f3 dokkol\u00f3megold\u00e1sra van sz\u00fcks\u00e9ge a munk\u00e1j\u00e1hoz, ak\u00e1r egyszer\u0171en csak laptopja k\u00e9pess\u00e9geinek b\u0151v\u00edt\u00e9s\u00e9re v\u00e1gyik, a Dell Latitude E7470 N9P5M h\u00e1ts\u00f3 dokkol\u00f3port-tart\u00f3 a t\u00f6k\u00e9letes v\u00e1laszt\u00e1s.<\/p>\n<p>K\u00e9rj\u00fck, vegye figyelembe, hogy a lista val\u00f3s f\u00e9nyk\u00e9peket tartalmaz az N9P5M tart\u00f3r\u00f3l, \u00e9s nem tartalmaz telep\u00edt\u00e9si utas\u00edt\u00e1st. Ha b\u00e1rmilyen k\u00e9rd\u00e9se van, vagy tov\u00e1bbi seg\u00edts\u00e9gre van sz\u00fcks\u00e9ge, forduljon bizalommal. Alak\u00edtsa \u00e1t Dell Latitude E7470-\u00e9t sokoldal\u00fa munka\u00e1llom\u00e1ss\u00e1 ezzel az eredeti Dell-tartoz\u00e9kkal.<\/p>\n","protected":false},"excerpt":{"rendered":"<p>N\u00f6velje Dell Latitude E7470 funkcionalit\u00e1s\u00e1t az N9P5M h\u00e1ts\u00f3 dokkol\u00f3port kerettel. Ezt az eredeti OEM tart\u00f3t \u00fagy tervezt\u00e9k, hogy biztons\u00e1gos \u00e9s megb\u00edzhat\u00f3 kapcsolatot biztos\u00edtson a dokkol\u00f3 c\u00e9lokra. Prec\u00edzen megalkotott, t\u00f6k\u00e9letes illeszked\u00e9st biztos\u00edt az E7470 modellhez. Friss\u00edtse laptopj\u00e1t ezzel a n\u00e9lk\u00fcl\u00f6zhetetlen tartoz\u00e9kkal a z\u00f6kken\u0151mentes csatlakoztat\u00e1shoz.<\/p>\n","protected":false},"featured_media":5667,"template":"","meta":[],"product_brand":[],"product_cat":[16],"product_tag":[17],"class_list":{"0":"post-5627","1":"product","2":"type-product","3":"status-publish","4":"has-post-thumbnail","6":"product_cat-laptop-housing","7":"product_tag-dell","9":"first","10":"instock","11":"taxable","12":"shipping-taxable","13":"purchasable","14":"product-type-simple"},"_links":{"self":[{"href":"https:\/\/boreait.com\/hu\/wp-json\/wp\/v2\/product\/5627","targetHints":{"allow":["GET"]}}],"collection":[{"href":"https:\/\/boreait.com\/hu\/wp-json\/wp\/v2\/product"}],"about":[{"href":"https:\/\/boreait.com\/hu\/wp-json\/wp\/v2\/types\/product"}],"wp:featuredmedia":[{"embeddable":true,"href":"https:\/\/boreait.com\/hu\/wp-json\/wp\/v2\/media\/5667"}],"wp:attachment":[{"href":"https:\/\/boreait.com\/hu\/wp-json\/wp\/v2\/media?parent=5627"}],"wp:term":[{"taxonomy":"product_brand","embeddable":true,"href":"https:\/\/boreait.com\/hu\/wp-json\/wp\/v2\/product_brand?post=5627"},{"taxonomy":"product_cat","embeddable":true,"href":"https:\/\/boreait.com\/hu\/wp-json\/wp\/v2\/product_cat?post=5627"},{"taxonomy":"product_tag","embeddable":true,"href":"https:\/\/boreait.com\/hu\/wp-json\/wp\/v2\/product_tag?post=5627"}],"curies":[{"name":"wp","href":"https:\/\/api.w.org\/{rel}","templated":true}]}}