{"id":562,"date":"2025-09-17T09:28:07","date_gmt":"2025-09-17T07:28:07","guid":{"rendered":"https:\/\/boreait.com\/hu\/?post_type=product&#038;p=562"},"modified":"2025-09-17T09:28:39","modified_gmt":"2025-09-17T07:28:39","slug":"eredeti-intel-dual-core-i5-3320m2-6ghz-socket-g2-cpu-sr0mx-04w4137","status":"publish","type":"product","link":"https:\/\/boreait.com\/hu\/termek\/eredeti-intel-dual-core-i5-3320m2-6ghz-socket-g2-cpu-sr0mx-04w4137\/","title":{"rendered":"Eredeti Intel Dual-Core i5-3320M@2.6GHz Socket G2 CPU &#8211; SR0MX 04W4137"},"content":{"rendered":"<p>N\u00f6velje sz\u00e1m\u00edt\u00f3g\u00e9pe feldolgoz\u00e1si teljes\u00edtm\u00e9ny\u00e9t az eredeti Intel Dual-Core i5-3320M SR0MX 2,6 GHz-es Socket G2 CPU-val. Ezt a nagy teljes\u00edtm\u00e9ny\u0171 processzort \u00fagy tervezt\u00e9k, hogy leny\u0171g\u00f6z\u0151 sz\u00e1m\u00edt\u00e1si teljes\u00edtm\u00e9nyt \u00e9s jobb teljes\u00edtm\u00e9nyt biztos\u00edtson sz\u00e1mos alkalmaz\u00e1shoz.<\/p>\n<p>Az eredeti Intel Dual-Core i5-3320M k\u00e9t maggal rendelkezik, amely lehet\u0151v\u00e9 teszi a hat\u00e9kony t\u00f6bbfeladatos munk\u00e1t \u00e9s t\u00f6bb alkalmaz\u00e1s egyidej\u0171 m\u0171k\u00f6d\u00e9s\u00e9t. 2,6 GHz-es alapfrekvenci\u00e1j\u00e1val szil\u00e1rd alapot biztos\u00edt a mindennapi feladatokhoz, \u00e9s biztos\u00edtja az \u00e9rz\u00e9keny teljes\u00edtm\u00e9nyt.<\/p>\n<p>Az Intel Turbo Boost technol\u00f3gi\u00e1val felszerelt processzor dinamikusan k\u00e9pes ak\u00e1r 3,3 GHz-re n\u00f6velni frekvenci\u00e1j\u00e1t, ha nagyobb teljes\u00edtm\u00e9nyre van sz\u00fcks\u00e9g. Ez lehet\u0151v\u00e9 teszi a processzor sz\u00e1m\u00e1ra, hogy kiv\u00e9teles teljes\u00edtm\u00e9nyt ny\u00fajtson olyan ig\u00e9nyes alkalmaz\u00e1sokn\u00e1l, mint a multim\u00e9di\u00e1s szerkeszt\u00e9s, j\u00e1t\u00e9k \u00e9s termel\u00e9kenys\u00e9gi feladatok.<\/p>\n<p>Az eredeti Intel Dual-Core i5-3320M@2.6GHz Socket G2 CPU telep\u00edt\u00e9se a sz\u00e1m\u00edt\u00f3g\u00e9pbe egyszer\u0171 folyamat. Egyszer\u0171en cser\u00e9lje ki megl\u00e9v\u0151 CPU-j\u00e1t erre az \u00fajra, biztos\u00edtva a megfelel\u0151 csatlakoz\u00e1st \u00e9s igaz\u00edt\u00e1st. Ez egy k\u00f6lts\u00e9ghat\u00e9kony megold\u00e1s, amely lehet\u0151v\u00e9 teszi sz\u00e1m\u00edt\u00f3g\u00e9pe feldolgoz\u00e1si teljes\u00edtm\u00e9ny\u00e9nek b\u0151v\u00edt\u00e9s\u00e9t an\u00e9lk\u00fcl, hogy teljes rendszercser\u00e9re lenne sz\u00fcks\u00e9g.<\/p>\n<p>N\u00f6velje sz\u00e1m\u00edt\u00f3g\u00e9pe teljes\u00edtm\u00e9ny\u00e9t m\u00e9g ma az Eredeti Intel Dual-Core i5-3320M@2.6GHz Socket G2 CPU-val. Tapasztalja meg a megn\u00f6velt sz\u00e1m\u00edt\u00e1si teljes\u00edtm\u00e9nyt, a z\u00f6kken\u0151mentes t\u00f6bbfeladatos munkav\u00e9gz\u00e9st \u00e9s a k\u00fcl\u00f6nf\u00e9le alkalmaz\u00e1sok jobb teljes\u00edtm\u00e9ny\u00e9t. V\u00e1s\u00e1roljon n\u00e1lunk most, \u00e9s \u00e9lvezze a megb\u00edzhat\u00f3 \u00e9s nagy teljes\u00edtm\u00e9ny\u0171 CPU el\u0151nyeit.<\/p>\n","protected":false},"excerpt":{"rendered":"<p>N\u00f6velje sz\u00e1m\u00edt\u00f3g\u00e9pe feldolgoz\u00e1si teljes\u00edtm\u00e9ny\u00e9t az Eredeti Intel Dual-Core i5-3320M@2.6GHz Socket G2 CPU seg\u00edts\u00e9g\u00e9vel. Ez a nagy teljes\u00edtm\u00e9ny\u0171 processzor k\u00e9tmagos, \u00e9s 2,6 GHz-es alapfrekvenci\u00e1n m\u0171k\u00f6dik. A Turbo Boost technol\u00f3gi\u00e1j\u00e1val ak\u00e1r 3,3 GHz-es maxim\u00e1lis frekvenci\u00e1t is el\u00e9rhet, z\u00f6kken\u0151mentes multitaskingot \u00e9s jobb teljes\u00edtm\u00e9nyt biztos\u00edtva k\u00fcl\u00f6nf\u00e9le alkalmaz\u00e1sokhoz. Friss\u00edtse CPU-j\u00e1t, \u00e9s tapasztalja meg a megn\u00f6velt sz\u00e1m\u00edt\u00e1si teljes\u00edtm\u00e9nyt. V\u00e1s\u00e1roljon most, \u00e9s n\u00f6velje sz\u00e1m\u00edt\u00f3g\u00e9pe teljes\u00edtm\u00e9ny\u00e9t.<\/p>\n","protected":false},"featured_media":616,"template":"","meta":[],"product_brand":[],"product_cat":[39],"product_tag":[],"class_list":{"0":"post-562","1":"product","2":"type-product","3":"status-publish","4":"has-post-thumbnail","6":"product_cat-processors-cpu","8":"first","9":"instock","10":"taxable","11":"shipping-taxable","12":"purchasable","13":"product-type-simple"},"_links":{"self":[{"href":"https:\/\/boreait.com\/hu\/wp-json\/wp\/v2\/product\/562","targetHints":{"allow":["GET"]}}],"collection":[{"href":"https:\/\/boreait.com\/hu\/wp-json\/wp\/v2\/product"}],"about":[{"href":"https:\/\/boreait.com\/hu\/wp-json\/wp\/v2\/types\/product"}],"wp:featuredmedia":[{"embeddable":true,"href":"https:\/\/boreait.com\/hu\/wp-json\/wp\/v2\/media\/616"}],"wp:attachment":[{"href":"https:\/\/boreait.com\/hu\/wp-json\/wp\/v2\/media?parent=562"}],"wp:term":[{"taxonomy":"product_brand","embeddable":true,"href":"https:\/\/boreait.com\/hu\/wp-json\/wp\/v2\/product_brand?post=562"},{"taxonomy":"product_cat","embeddable":true,"href":"https:\/\/boreait.com\/hu\/wp-json\/wp\/v2\/product_cat?post=562"},{"taxonomy":"product_tag","embeddable":true,"href":"https:\/\/boreait.com\/hu\/wp-json\/wp\/v2\/product_tag?post=562"}],"curies":[{"name":"wp","href":"https:\/\/api.w.org\/{rel}","templated":true}]}}