{"id":561,"date":"2025-09-17T09:28:07","date_gmt":"2025-09-17T07:28:07","guid":{"rendered":"https:\/\/boreait.com\/hu\/?post_type=product&#038;p=561"},"modified":"2026-01-07T09:17:57","modified_gmt":"2026-01-07T08:17:57","slug":"hp-zbook-15-usb-kartya-ls-9243p-kabellel","status":"publish","type":"product","link":"https:\/\/boreait.com\/hu\/termek\/hp-zbook-15-usb-kartya-ls-9243p-kabellel\/","title":{"rendered":"HP ZBook 15 USB k\u00e1rtya LS-9243P k\u00e1bellel"},"content":{"rendered":"<p>\u00c1ll\u00edtsa vissza a HP ZBook 15 laptop USB-portjainak m\u0171k\u00f6d\u00e9s\u00e9t az LS-9243P USB-k\u00e1rty\u00e1val. Ezt az eredeti USB-k\u00e1rty\u00e1t \u00fagy tervezt\u00e9k, hogy helyettes\u00edtse az eredeti k\u00e1rty\u00e1t, \u00e9s megb\u00edzhat\u00f3 csatlakoz\u00e1st biztos\u00edtson laptopja USB-portjaihoz.<\/p>\n<p>Id\u0151vel az USB-k\u00e1rty\u00e1k elhaszn\u00e1l\u00f3dhatnak vagy megs\u00e9r\u00fclhetnek, ami megb\u00edzhatatlan vagy nem m\u0171k\u00f6d\u0151 USB-portokat eredm\u00e9nyezhet. Ha az USB-k\u00e1rty\u00e1t az LS-9243P USB-k\u00e1rty\u00e1ra cser\u00e9li, vissza\u00e1ll\u00edthatja a HP ZBook 15 USB-kapcsolat\u00e1nak k\u00e9nyelm\u00e9t.<\/p>\n<p>Az LS-9243P USB-k\u00e1rtya k\u00f6zvetlen\u00fcl a HP-t\u00f3l sz\u00e1rmazik, \u00edgy biztos\u00edtja a kompatibilit\u00e1st, a megb\u00edzhat\u00f3s\u00e1got \u00e9s az optim\u00e1lis teljes\u00edtm\u00e9nyt ZBook 15 laptopj\u00e1hoz. K\u00e1bellel van ell\u00e1tva a k\u00f6nny\u0171 telep\u00edt\u00e9s \u00e9s csatlakoztat\u00e1s \u00e9rdek\u00e9ben.<\/p>\n<p>Az LS-9243P USB-k\u00e1rtya telep\u00edt\u00e9se egyszer\u0171 folyamat. Egyszer\u0171en t\u00e1vol\u00edtsa el a r\u00e9gi USB-k\u00e1rty\u00e1t \u00e9s -k\u00e1belt, \u00e9s cser\u00e9lje ki \u0151ket \u00fajakra, biztos\u00edtva a megfelel\u0151 be\u00e1ll\u00edt\u00e1st \u00e9s biztons\u00e1gos r\u00f6gz\u00edt\u00e9st. Ez egy k\u00f6lts\u00e9ghat\u00e9kony megold\u00e1s, amely lehet\u0151v\u00e9 teszi a laptop USB-portjainak funkcionalit\u00e1s\u00e1nak vissza\u00e1ll\u00edt\u00e1s\u00e1t an\u00e9lk\u00fcl, hogy teljes rendszercser\u00e9re lenne sz\u00fcks\u00e9g.<\/p>\n<p>Az LS-9243P USB-k\u00e1rty\u00e1val vissza\u00e1ll\u00edthatja az USB-kapcsolat k\u00e9nyelm\u00e9t HP ZBook 15 k\u00e9sz\u00fcl\u00e9k\u00e9n. \u00c9lvezze a z\u00f6kken\u0151mentes adat\u00e1tvitelt \u00e9s a megb\u00edzhat\u00f3 perif\u00e9riakapcsolatokat. V\u00e1s\u00e1roljon n\u00e1lunk most, \u00e9s tapasztalja meg az eredeti HP cserealkatr\u00e9szek el\u0151nyeit.<\/p>\n","protected":false},"excerpt":{"rendered":"<p>Cser\u00e9lje ki az USB-k\u00e1rty\u00e1t k\u00e1bellel a HP ZBook 15 laptopj\u00e1ban az LS-9243P USB-k\u00e1rty\u00e1val. Ez az eredeti USB-k\u00e1rtya megb\u00edzhat\u00f3 csatlakoz\u00e1st \u00e9s funkcionalit\u00e1st biztos\u00edt laptopja USB-portjaihoz. \u00c1ll\u00edtsa vissza az USB-kapcsolat k\u00e9nyelm\u00e9t a HP ZBook 15 k\u00e9sz\u00fcl\u00e9ken. V\u00e1s\u00e1roljon most, \u00e9s \u00e9lvezze a z\u00f6kken\u0151mentes adat\u00e1tvitelt \u00e9s a perif\u00e9riakapcsolatokat.<\/p>\n","protected":false},"featured_media":615,"template":"","meta":[],"product_brand":[],"product_cat":[27],"product_tag":[25],"class_list":{"0":"post-561","1":"product","2":"type-product","3":"status-publish","4":"has-post-thumbnail","6":"product_cat-motherboards-board-parts","7":"product_tag-hp","9":"first","10":"instock","11":"taxable","12":"shipping-taxable","13":"purchasable","14":"product-type-simple"},"_links":{"self":[{"href":"https:\/\/boreait.com\/hu\/wp-json\/wp\/v2\/product\/561","targetHints":{"allow":["GET"]}}],"collection":[{"href":"https:\/\/boreait.com\/hu\/wp-json\/wp\/v2\/product"}],"about":[{"href":"https:\/\/boreait.com\/hu\/wp-json\/wp\/v2\/types\/product"}],"wp:featuredmedia":[{"embeddable":true,"href":"https:\/\/boreait.com\/hu\/wp-json\/wp\/v2\/media\/615"}],"wp:attachment":[{"href":"https:\/\/boreait.com\/hu\/wp-json\/wp\/v2\/media?parent=561"}],"wp:term":[{"taxonomy":"product_brand","embeddable":true,"href":"https:\/\/boreait.com\/hu\/wp-json\/wp\/v2\/product_brand?post=561"},{"taxonomy":"product_cat","embeddable":true,"href":"https:\/\/boreait.com\/hu\/wp-json\/wp\/v2\/product_cat?post=561"},{"taxonomy":"product_tag","embeddable":true,"href":"https:\/\/boreait.com\/hu\/wp-json\/wp\/v2\/product_tag?post=561"}],"curies":[{"name":"wp","href":"https:\/\/api.w.org\/{rel}","templated":true}]}}