{"id":5607,"date":"2025-09-17T11:18:19","date_gmt":"2025-09-17T09:18:19","guid":{"rendered":"https:\/\/boreait.com\/hu\/?post_type=product&#038;p=5607"},"modified":"2025-09-17T11:19:14","modified_gmt":"2025-09-17T09:19:14","slug":"dell-latitude-e5450-e5470-e7470-e7450-billentyuzet-07tndw-nsk-lk1bc-eredeti-oem-hattervilagitasu-laptop-csere","status":"publish","type":"product","link":"https:\/\/boreait.com\/hu\/termek\/dell-latitude-e5450-e5470-e7470-e7450-billentyuzet-07tndw-nsk-lk1bc-eredeti-oem-hattervilagitasu-laptop-csere\/","title":{"rendered":"Dell Latitude E5450 E5470 E7470 E7450 billenty\u0171zet 07TNDW NSK-LK1BC \u2013 Eredeti OEM h\u00e1tt\u00e9rvil\u00e1g\u00edt\u00e1s\u00fa laptop csere"},"content":{"rendered":"<p>Revitaliz\u00e1lja Dell Latitude E5450 E5470 E7470 E7450 laptopj\u00e1t eredeti Dell Latitude E5450 E5470 E7470 E7450 billenty\u0171zetcser\u00e9nkkel. Az OEM specifik\u00e1ci\u00f3i szerint kialak\u00edtott billenty\u0171zet z\u00f6kken\u0151mentes illeszked\u00e9st \u00e9s megb\u00edzhat\u00f3 teljes\u00edtm\u00e9nyt biztos\u00edt, visszahozva a laptopj\u00e1t\u00f3l elv\u00e1rt reakci\u00f3k\u00e9szs\u00e9get \u00e9s k\u00e9nyelmet.<\/p>\n<p>F\u0151bb jellemz\u0151k:<\/p>\n<ul>\n<li>Eredeti Dell Latitude E5450 E5470 E7470 E7450 billenty\u0171zet<\/li>\n<li>H\u00e1tt\u00e9rvil\u00e1g\u00edt\u00e1s a jobb l\u00e1that\u00f3s\u00e1g \u00e9rdek\u00e9ben gyenge megvil\u00e1g\u00edt\u00e1s\u00fa k\u00f6rnyezetben<\/li>\n<li>T\u00f6k\u00e9letesen illeszkedik a Dell Latitude E7470 modellekhez<\/li>\n<li>Reszponz\u00edv billenty\u0171k a hat\u00e9kony \u00e9s k\u00e9nyelmes g\u00e9pel\u00e9s \u00e9rdek\u00e9ben<\/li>\n<li>Alkatr\u00e9szsz\u00e1mok: 07TNDW NSK-LK1BC<\/li>\n<li>KB elrendez\u00e9s: \u00e9szaki<\/li>\n<li>H\u00e1tt\u00e9rvil\u00e1g\u00edt\u00e1s: Igen<\/li>\n<\/ul>\n<p>Ak\u00e1r elhaszn\u00e1l\u00f3dott billenty\u0171zetet cser\u00e9l, ak\u00e1r egyszer\u0171en friss\u00edteni szeretne, a Dell Latitude E5450 E5470 E7470 E7450 billenty\u0171zet\u00fcnk olyan min\u0151s\u00e9get \u00e9s tart\u00f3ss\u00e1got k\u00edn\u00e1l, amelyben megb\u00edzhat. A h\u00e1tt\u00e9rvil\u00e1g\u00edt\u00e1s\u00fa funkci\u00f3 fokozza a haszn\u00e1lhat\u00f3s\u00e1got k\u00fcl\u00f6nf\u00e9le f\u00e9nyviszonyok k\u00f6z\u00f6tt, \u00edgy kiv\u00e1l\u00f3 v\u00e1laszt\u00e1s a szakemberek \u00e9s a di\u00e1kok sz\u00e1m\u00e1ra.<\/p>\n<p>K\u00e9rj\u00fck, vegye figyelembe, hogy ez a lista val\u00f3di f\u00e9nyk\u00e9peket tartalmaz a Dell Latitude E5450 E5470 E7470 E7450 billenty\u0171zet cser\u00e9j\u00e9r\u0151l. Telep\u00edt\u00e9si \u00fatmutat\u00f3 nem tal\u00e1lhat\u00f3, de ha b\u00e1rmilyen k\u00e9rd\u00e9se van, vagy seg\u00edts\u00e9gre van sz\u00fcks\u00e9ge, forduljon bizalommal. \u00c1ll\u00edtsa vissza laptopja funkcionalit\u00e1s\u00e1t ezzel az eredeti OEM Dell Latitude E5450 E5470 E7470 E7450 billenty\u0171zet cser\u00e9vel. Friss\u00edtsen m\u00e9g ma a kiv\u00e1l\u00f3 g\u00e9pel\u00e9si \u00e9lm\u00e9ny\u00e9rt.<\/p>\n","protected":false},"excerpt":{"rendered":"<p>T\u00f6k\u00e9letes\u00edtse Dell Latitude E5450 E5470 E7470 E7450 laptopj\u00e1t eredeti OEM cserebillenty\u0171zet\u00fcnkkel. Ezt a h\u00e1tt\u00e9rvil\u00e1g\u00edt\u00e1s\u00fa billenty\u0171zetet \u00fagy tervezt\u00e9k, hogy t\u00f6k\u00e9letes tapint\u00e1si reakci\u00f3t biztos\u00edtson a k\u00e9nyelmes \u00e9s hat\u00e9kony g\u00e9pel\u00e9s \u00e9rdek\u00e9ben. Ezzel a kiv\u00e1l\u00f3 min\u0151s\u00e9g\u0171 cser\u00e9vel vissza\u00e1ll\u00edthatja laptopja eredeti megjelen\u00e9s\u00e9t \u00e9s hangulat\u00e1t. A Dell Latitude E7470 modellekkel kompatibilis billenty\u0171zet ide\u00e1lis megold\u00e1s az elhaszn\u00e1l\u00f3dott vagy rosszul m\u0171k\u00f6d\u0151 billenty\u0171zetekhez.<\/p>\n","protected":false},"featured_media":5664,"template":"","meta":[],"product_brand":[],"product_cat":[35],"product_tag":[17],"class_list":{"0":"post-5607","1":"product","2":"type-product","3":"status-publish","4":"has-post-thumbnail","6":"product_cat-laptop-keyboard","7":"product_tag-dell","9":"first","10":"instock","11":"taxable","12":"shipping-taxable","13":"purchasable","14":"product-type-simple"},"_links":{"self":[{"href":"https:\/\/boreait.com\/hu\/wp-json\/wp\/v2\/product\/5607","targetHints":{"allow":["GET"]}}],"collection":[{"href":"https:\/\/boreait.com\/hu\/wp-json\/wp\/v2\/product"}],"about":[{"href":"https:\/\/boreait.com\/hu\/wp-json\/wp\/v2\/types\/product"}],"wp:featuredmedia":[{"embeddable":true,"href":"https:\/\/boreait.com\/hu\/wp-json\/wp\/v2\/media\/5664"}],"wp:attachment":[{"href":"https:\/\/boreait.com\/hu\/wp-json\/wp\/v2\/media?parent=5607"}],"wp:term":[{"taxonomy":"product_brand","embeddable":true,"href":"https:\/\/boreait.com\/hu\/wp-json\/wp\/v2\/product_brand?post=5607"},{"taxonomy":"product_cat","embeddable":true,"href":"https:\/\/boreait.com\/hu\/wp-json\/wp\/v2\/product_cat?post=5607"},{"taxonomy":"product_tag","embeddable":true,"href":"https:\/\/boreait.com\/hu\/wp-json\/wp\/v2\/product_tag?post=5607"}],"curies":[{"name":"wp","href":"https:\/\/api.w.org\/{rel}","templated":true}]}}