{"id":5606,"date":"2025-09-17T11:18:19","date_gmt":"2025-09-17T09:18:19","guid":{"rendered":"https:\/\/boreait.com\/hu\/?post_type=product&#038;p=5606"},"modified":"2025-09-17T11:19:11","modified_gmt":"2025-09-17T09:19:11","slug":"cn-0yfpdp-dell-kartyaolvaso-kartya-latitude-e7470-eredeti-oem","status":"publish","type":"product","link":"https:\/\/boreait.com\/hu\/termek\/cn-0yfpdp-dell-kartyaolvaso-kartya-latitude-e7470-eredeti-oem\/","title":{"rendered":"CN-0YFPDP Dell k\u00e1rtyaolvas\u00f3 k\u00e1rtya Latitude E7470 \u2013 Eredeti OEM"},"content":{"rendered":"<p>N\u00f6velje Dell Latitude E7470 laptopja funkcionalit\u00e1s\u00e1t a CN-0YFPDP Dell k\u00e1rtyaolvas\u00f3 k\u00e1rty\u00e1val. Ezt az eredeti OEM alkatr\u00e9szt \u00fagy tervezt\u00e9k, hogy z\u00f6kken\u0151mentes kompatibilit\u00e1st \u00e9s optim\u00e1lis teljes\u00edtm\u00e9nyt biztos\u00edtson laptopja k\u00e1rtyaolvas\u00e1si ig\u00e9nyeihez.<\/p>\n<p>F\u0151bb jellemz\u0151k:<\/p>\n<ul>\n<li>Eredeti OEM Dell alkatr\u00e9sz<\/li>\n<li>Modell: CN-0YFPDP<\/li>\n<li>Kompatibilit\u00e1s: Latitude E7470<\/li>\n<li>K\u00f6nnyen telep\u00edthet\u0151<\/li>\n<li>Megb\u00edzhat\u00f3 \u00e9s tart\u00f3s<\/li>\n<\/ul>\n<p>Biztosan friss\u00edtse vagy cser\u00e9lje ki megl\u00e9v\u0151 k\u00e1rtyaolvas\u00f3 k\u00e1rty\u00e1j\u00e1t, tudva, hogy a legmagasabb min\u0151s\u00e9gi k\u00f6vetelm\u00e9nyeknek megfelel\u0151 eredeti Dell term\u00e9ket kap. A CN-0YFPDP z\u00f6kken\u0151mentes \u00e9s megb\u00edzhat\u00f3 k\u00e1rtyaolvas\u00e1si \u00e9lm\u00e9nyt biztos\u00edt a Latitude E7470 sz\u00e1m\u00e1ra.<\/p>\n<p>K\u00e9rj\u00fck, vegye figyelembe, hogy a lista val\u00f3di f\u00e9nyk\u00e9peket tartalmaz a CN-0YFPDP Dell k\u00e1rtyaolvas\u00f3 k\u00e1rty\u00e1r\u00f3l, \u00e9s nem tartalmaz telep\u00edt\u00e9si utas\u00edt\u00e1st. Ha b\u00e1rmilyen k\u00e9rd\u00e9se van, vagy tov\u00e1bbi seg\u00edts\u00e9gre van sz\u00fcks\u00e9ge, forduljon hozz\u00e1nk bizalommal. Fokozza Dell Latitude E7470 k\u00e9pess\u00e9geit ezzel az eredeti Dell k\u00e1rtyaolvas\u00f3 k\u00e1rty\u00e1val.<\/p>\n","protected":false},"excerpt":{"rendered":"<p>Fejlessze Dell Latitude E7470 laptopj\u00e1t az eredeti OEM CN-0YFPDP k\u00e1rtyaolvas\u00f3 k\u00e1rty\u00e1val. Ez az eredeti Dell alkatr\u00e9sz kompatibilit\u00e1st \u00e9s megb\u00edzhat\u00f3s\u00e1got biztos\u00edt laptopja k\u00e1rtyaolvas\u00e1si k\u00e9pess\u00e9geihez. A k\u00f6nnyen telep\u00edthet\u0151 \u00e9s a legmagasabb min\u0151s\u00e9gi szabv\u00e1nyok szerint k\u00e9sz\u00fclt CN-0YFPDP k\u00e1rtyaolvas\u00f3 k\u00e1rtya t\u00f6k\u00e9letes megold\u00e1s a megl\u00e9v\u0151 alkatr\u00e9sz friss\u00edt\u00e9s\u00e9hez vagy cser\u00e9j\u00e9hez.<\/p>\n","protected":false},"featured_media":5663,"template":"","meta":[],"product_brand":[],"product_cat":[27],"product_tag":[17],"class_list":{"0":"post-5606","1":"product","2":"type-product","3":"status-publish","4":"has-post-thumbnail","6":"product_cat-motherboards-board-parts","7":"product_tag-dell","9":"first","10":"instock","11":"taxable","12":"shipping-taxable","13":"purchasable","14":"product-type-simple"},"_links":{"self":[{"href":"https:\/\/boreait.com\/hu\/wp-json\/wp\/v2\/product\/5606","targetHints":{"allow":["GET"]}}],"collection":[{"href":"https:\/\/boreait.com\/hu\/wp-json\/wp\/v2\/product"}],"about":[{"href":"https:\/\/boreait.com\/hu\/wp-json\/wp\/v2\/types\/product"}],"wp:featuredmedia":[{"embeddable":true,"href":"https:\/\/boreait.com\/hu\/wp-json\/wp\/v2\/media\/5663"}],"wp:attachment":[{"href":"https:\/\/boreait.com\/hu\/wp-json\/wp\/v2\/media?parent=5606"}],"wp:term":[{"taxonomy":"product_brand","embeddable":true,"href":"https:\/\/boreait.com\/hu\/wp-json\/wp\/v2\/product_brand?post=5606"},{"taxonomy":"product_cat","embeddable":true,"href":"https:\/\/boreait.com\/hu\/wp-json\/wp\/v2\/product_cat?post=5606"},{"taxonomy":"product_tag","embeddable":true,"href":"https:\/\/boreait.com\/hu\/wp-json\/wp\/v2\/product_tag?post=5606"}],"curies":[{"name":"wp","href":"https:\/\/api.w.org\/{rel}","templated":true}]}}