{"id":5605,"date":"2025-09-17T11:18:19","date_gmt":"2025-09-17T09:18:19","guid":{"rendered":"https:\/\/boreait.com\/hu\/?post_type=product&#038;p=5605"},"modified":"2025-09-17T11:19:05","modified_gmt":"2025-09-17T09:19:05","slug":"dell-latitude-e5570-e7470-csatlakozo-io-kartya-cn-0cphnk-eredeti-cserealkatresz","status":"publish","type":"product","link":"https:\/\/boreait.com\/hu\/termek\/dell-latitude-e5570-e7470-csatlakozo-io-kartya-cn-0cphnk-eredeti-cserealkatresz\/","title":{"rendered":"Dell Latitude E5570 E7470 csatlakoz\u00f3 IO k\u00e1rtya CN-0CPHNK \u2013 Eredeti cserealkatr\u00e9sz"},"content":{"rendered":"<p>N\u00f6velje Dell Latitude E5570 vagy E7470 csatlakoztathat\u00f3s\u00e1g\u00e1t a CN-0CPHNK Junction IO k\u00e1rty\u00e1val. Ezt az eredeti Dell cserealkatr\u00e9szt \u00fagy tervezt\u00e9k, hogy z\u00f6kken\u0151mentes integr\u00e1ci\u00f3t biztos\u00edtson, optim\u00e1lis teljes\u00edtm\u00e9nyt biztos\u00edtva laptopja sz\u00e1m\u00e1ra.<\/p>\n<p>F\u0151bb jellemz\u0151k:<\/p>\n<ul>\n<li>Kompatibilit\u00e1s: Dell Latitude E5570, E7470<\/li>\n<li>Alkatr\u00e9szsz\u00e1m: CN-0CPHNK<\/li>\n<li>Eredeti Dell cserealkatr\u00e9sz<\/li>\n<\/ul>\n<p>Ak\u00e1r csatlakoz\u00e1si probl\u00e9m\u00e1kkal k\u00fczd, ak\u00e1r egyszer\u0171en csak friss\u00edteni szeretn\u00e9 laptopja IO-k\u00e9pess\u00e9geit, a CN-0CPHNK IO-k\u00e1rtya a megold\u00e1s. \u00c9lvezze a tov\u00e1bbi portok \u00e9s a megb\u00edzhat\u00f3 csatlakoz\u00e1s k\u00e9nyelm\u00e9t, jav\u00edtva ezzel az \u00e1ltal\u00e1nos felhaszn\u00e1l\u00f3i \u00e9lm\u00e9nyt.<\/p>\n<p>K\u00e9rj\u00fck, vegye figyelembe, hogy ez az adatlap val\u00f3di f\u00e9nyk\u00e9peket tartalmaz a Dell Latitude E5570 E7470 Junction IO k\u00e1rty\u00e1r\u00f3l (CN-0CPHNK). B\u00e1rmilyen k\u00e9rd\u00e9ssel vagy seg\u00edts\u00e9ggel kapcsolatban forduljon bizalommal. Friss\u00edtse Dell Latitude laptopj\u00e1t ezzel az eredeti IO-k\u00e1rty\u00e1val, \u00e9s tapasztalja meg a m\u00e9g soha nem l\u00e1tott fejlettebb csatlakoztathat\u00f3s\u00e1got.<\/p>\n","protected":false},"excerpt":{"rendered":"<p>Fokozza Dell Latitude E5570 vagy E7470 csatlakoztathat\u00f3s\u00e1g\u00e1t a CN-0CPHNK Junction IO k\u00e1rty\u00e1val. Ez az eredeti Dell cserealkatr\u00e9sz optim\u00e1lis teljes\u00edtm\u00e9nyt \u00e9s kompatibilit\u00e1st biztos\u00edt laptopj\u00e1val. Jav\u00edtsa eszk\u00f6ze funkcionalit\u00e1s\u00e1t egy hib\u00e1s vagy elavult IO-k\u00e1rtya cser\u00e9j\u00e9vel, \u00e9s \u00e1ll\u00edtsa vissza teljes potenci\u00e1lj\u00e1t.<\/p>\n","protected":false},"featured_media":5651,"template":"","meta":[],"product_brand":[],"product_cat":[27],"product_tag":[17],"class_list":{"0":"post-5605","1":"product","2":"type-product","3":"status-publish","4":"has-post-thumbnail","6":"product_cat-motherboards-board-parts","7":"product_tag-dell","9":"first","10":"instock","11":"taxable","12":"shipping-taxable","13":"purchasable","14":"product-type-simple"},"_links":{"self":[{"href":"https:\/\/boreait.com\/hu\/wp-json\/wp\/v2\/product\/5605","targetHints":{"allow":["GET"]}}],"collection":[{"href":"https:\/\/boreait.com\/hu\/wp-json\/wp\/v2\/product"}],"about":[{"href":"https:\/\/boreait.com\/hu\/wp-json\/wp\/v2\/types\/product"}],"wp:featuredmedia":[{"embeddable":true,"href":"https:\/\/boreait.com\/hu\/wp-json\/wp\/v2\/media\/5651"}],"wp:attachment":[{"href":"https:\/\/boreait.com\/hu\/wp-json\/wp\/v2\/media?parent=5605"}],"wp:term":[{"taxonomy":"product_brand","embeddable":true,"href":"https:\/\/boreait.com\/hu\/wp-json\/wp\/v2\/product_brand?post=5605"},{"taxonomy":"product_cat","embeddable":true,"href":"https:\/\/boreait.com\/hu\/wp-json\/wp\/v2\/product_cat?post=5605"},{"taxonomy":"product_tag","embeddable":true,"href":"https:\/\/boreait.com\/hu\/wp-json\/wp\/v2\/product_tag?post=5605"}],"curies":[{"name":"wp","href":"https:\/\/api.w.org\/{rel}","templated":true}]}}