{"id":5603,"date":"2025-09-17T11:18:18","date_gmt":"2025-09-17T09:18:18","guid":{"rendered":"https:\/\/boreait.com\/hu\/?post_type=product&#038;p=5603"},"modified":"2025-09-17T11:18:59","modified_gmt":"2025-09-17T09:18:59","slug":"dell-latitude-e7470-laptop-bal-es-jobb-hangszorokeszlet-847kw-0847kw-cn-0847kw","status":"publish","type":"product","link":"https:\/\/boreait.com\/hu\/termek\/dell-latitude-e7470-laptop-bal-es-jobb-hangszorokeszlet-847kw-0847kw-cn-0847kw\/","title":{"rendered":"Dell Latitude E7470 laptop bal \u00e9s jobb hangsz\u00f3r\u00f3k\u00e9szlet 847KW 0847KW CN-0847KW"},"content":{"rendered":"<p>Friss\u00edtse Dell Latitude E7470 laptop audiorendszer\u00e9t ezzel az eredeti Left &amp; Jobb oldali hangsz\u00f3r\u00f3k\u00e9szlet, cikksz\u00e1m: 847KW \/ 0847KW \/ CN-0847KW. \u00dagy tervezt\u00e9k, hogy z\u00f6kken\u0151mentesen illeszkedjen az E7470 modellhez, ezek a hangsz\u00f3r\u00f3k tiszta \u00e9s mag\u00e1val ragad\u00f3 hangz\u00e1st biztos\u00edtanak, jav\u00edtva az \u00e1ltal\u00e1nos multim\u00e9di\u00e1s \u00e9lm\u00e9nyt.<\/p>\n<p>F\u0151bb jellemz\u0151k:<\/p>\n<ul>\n<li>Eredeti Dell Latitude E7470 Bal &amp; Jobb oldali hangsz\u00f3r\u00f3k\u00e9szlet<\/li>\n<li>Alkatr\u00e9szsz\u00e1m: 847KW \/ 0847KW \/ CN-0847KW<\/li>\n<li>K\u00f6nnyen telep\u00edthet\u0151, ami probl\u00e9mamentes friss\u00edt\u00e9st tesz lehet\u0151v\u00e9<\/li>\n<li>Jav\u00edtsa a hangmin\u0151s\u00e9get a jobb sz\u00f3rakoz\u00e1s \u00e9s munka\u00e9lm\u00e9ny \u00e9rdek\u00e9ben<\/li>\n<\/ul>\n<p>Ak\u00e1r elhaszn\u00e1l\u00f3dott hangsz\u00f3r\u00f3kat cser\u00e9l, ak\u00e1r laptopja audiok\u00e9pess\u00e9g\u00e9t szeretn\u00e9 jav\u00edtani, ezek a hangsz\u00f3r\u00f3k megb\u00edzhat\u00f3 v\u00e1laszt\u00e1st jelentenek. A k\u00e9szlet bal \u00e9s jobb oldali hangsz\u00f3r\u00f3kat is tartalmaz, amelyek teljes audiomegold\u00e1st biztos\u00edtanak Dell Latitude E7470 k\u00e9sz\u00fcl\u00e9k\u00e9hez.<\/p>\n<p>K\u00e9rj\u00fck, vegye figyelembe, hogy val\u00f3di fot\u00f3k a Dell Latitude E7470 laptopr\u00f3l balra &amp; A jobb oldali hangsz\u00f3r\u00f3k\u00e9szletet tartalmazza ez a lista. Telep\u00edt\u00e9si \u00fatmutat\u00f3 nem tal\u00e1lhat\u00f3, de ha k\u00e9rd\u00e9se van, vagy seg\u00edts\u00e9gre van sz\u00fcks\u00e9ge, forduljon bizalommal. N\u00f6velje laptopja hangteljes\u00edtm\u00e9ny\u00e9t ezzel az eredeti Dell hangsz\u00f3r\u00f3k\u00e9szlettel, \u00e9s \u00e9lvezze a krist\u00e1lytiszta hangz\u00e1st minden tev\u00e9kenys\u00e9ge sor\u00e1n.<\/p>\n","protected":false},"excerpt":{"rendered":"<p>Fokozza a Dell Latitude E7470 laptop hangj\u00e1t ezzel az eredeti bal \u00e9s amp; Jobb oldali hangsz\u00f3r\u00f3k\u00e9szlet. Cikksz\u00e1m 847KW \/ 0847KW \/ CN-0847KW. Mer\u00fclj\u00f6n el a kiv\u00e1l\u00f3 min\u0151s\u00e9g\u0171 hangz\u00e1sban, \u00e9s \u00e9lvezze a jobb multim\u00e9di\u00e1s \u00e9lm\u00e9nyt. K\u00f6nnyen telep\u00edthet\u0151, \u00e9s garant\u00e1ltan t\u00f6k\u00e9letesen illeszkedik E7470 laptopmodellj\u00e9hez.<\/p>\n","protected":false},"featured_media":5648,"template":"","meta":[],"product_brand":[],"product_cat":[18],"product_tag":[17],"class_list":{"0":"post-5603","1":"product","2":"type-product","3":"status-publish","4":"has-post-thumbnail","6":"product_cat-laptop-speakers","7":"product_tag-dell","9":"first","10":"instock","11":"taxable","12":"shipping-taxable","13":"purchasable","14":"product-type-simple"},"_links":{"self":[{"href":"https:\/\/boreait.com\/hu\/wp-json\/wp\/v2\/product\/5603","targetHints":{"allow":["GET"]}}],"collection":[{"href":"https:\/\/boreait.com\/hu\/wp-json\/wp\/v2\/product"}],"about":[{"href":"https:\/\/boreait.com\/hu\/wp-json\/wp\/v2\/types\/product"}],"wp:featuredmedia":[{"embeddable":true,"href":"https:\/\/boreait.com\/hu\/wp-json\/wp\/v2\/media\/5648"}],"wp:attachment":[{"href":"https:\/\/boreait.com\/hu\/wp-json\/wp\/v2\/media?parent=5603"}],"wp:term":[{"taxonomy":"product_brand","embeddable":true,"href":"https:\/\/boreait.com\/hu\/wp-json\/wp\/v2\/product_brand?post=5603"},{"taxonomy":"product_cat","embeddable":true,"href":"https:\/\/boreait.com\/hu\/wp-json\/wp\/v2\/product_cat?post=5603"},{"taxonomy":"product_tag","embeddable":true,"href":"https:\/\/boreait.com\/hu\/wp-json\/wp\/v2\/product_tag?post=5603"}],"curies":[{"name":"wp","href":"https:\/\/api.w.org\/{rel}","templated":true}]}}