{"id":5599,"date":"2025-09-17T11:18:18","date_gmt":"2025-09-17T09:18:18","guid":{"rendered":"https:\/\/boreait.com\/hu\/?post_type=product&#038;p=5599"},"modified":"2025-09-17T11:18:55","modified_gmt":"2025-09-17T09:18:55","slug":"hp-chromebook-14-g6-also-burkolat-alapburkolat-csere-l90411-001-eredeti-oem","status":"publish","type":"product","link":"https:\/\/boreait.com\/hu\/termek\/hp-chromebook-14-g6-also-burkolat-alapburkolat-csere-l90411-001-eredeti-oem\/","title":{"rendered":"HP Chromebook 14 G6 als\u00f3 burkolat, alapburkolat csere L90411-001 \u2013 eredeti OEM"},"content":{"rendered":"<p>Adjon \u00faj \u00e9letet HP Chromebook 14 G6-j\u00e1nak a Bottom Cover Base Cover Replacement seg\u00edts\u00e9g\u00e9vel \u2013 egy eredeti OEM alkatr\u00e9sz, amelyet \u00fagy terveztek, hogy megfeleljen a legmagasabb min\u0151s\u00e9gi \u00e9s kompatibilit\u00e1si k\u00f6vetelm\u00e9nyeknek.<\/p>\n<p>Ez a prec\u00edzen kidolgozott csereburkolat z\u00f6kken\u0151mentes illeszked\u00e9st biztos\u00edt, \u00e9s visszaadja Chromebookja eleg\u00e1ns megjelen\u00e9s\u00e9t. A felhaszn\u00e1lt tart\u00f3s anyagok nemcsak szoros illeszked\u00e9st biztos\u00edtanak, hanem megb\u00edzhat\u00f3 v\u00e9delmet is ny\u00fajtanak laptopja bels\u0151 alkatr\u00e9szeinek.<\/p>\n<p>F\u0151bb jellemz\u0151k:<\/p>\n<ul>\n<li>Eredeti OEM als\u00f3 burkolat alapburkolat\u00e1nak cser\u00e9je<\/li>\n<li>Kompatibilis a HP Chromebook 14 G6-tal<\/li>\n<li>T\u00f6k\u00e9letes illeszked\u00e9s \u00e9rdek\u00e9ben<\/li>\n<li>Tart\u00f3s anyagok a hosszan tart\u00f3 v\u00e9delem\u00e9rt<\/li>\n<li>HP cikksz\u00e1m: L90411-001<\/li>\n<\/ul>\n<p>Friss\u00edtse eszt\u00e9tikai megjelen\u00e9s\u00e9t \u00e9s \u00f3vja meg Chromebookja bels\u0151 alkatr\u00e9szeit ezzel az eredeti HP cserealkatr\u00e9szsel. F\u00fcggetlen\u00fcl att\u00f3l, hogy felfriss\u00edteni szeretn\u00e9 laptopja megjelen\u00e9s\u00e9t, vagy ki kell cser\u00e9lnie egy s\u00e9r\u00fclt burkolatot, ez az als\u00f3 burkolat alapburkolata az ide\u00e1lis megold\u00e1s.<\/p>\n<p>K\u00e9rj\u00fck, vegye figyelembe, hogy ez az adatlap val\u00f3di f\u00e9nyk\u00e9peket tartalmaz a HP Chromebook 14 G6 als\u00f3 burkolat\u00e1nak alapburkolat\u00e1r\u00f3l, \u00e9s nem tartalmaz telep\u00edt\u00e9si utas\u00edt\u00e1st. Ha b\u00e1rmilyen k\u00e9rd\u00e9se van, vagy tov\u00e1bbi seg\u00edts\u00e9gre van sz\u00fcks\u00e9ge, forduljon bizalommal. Ezzel az eredeti HP cserealkatr\u00e9szrel \u00e1ll\u00edtsa vissza Chromebookj\u00e1nak eredeti var\u00e1zs\u00e1t.<\/p>\n","protected":false},"excerpt":{"rendered":"<p>Revitaliz\u00e1lja HP \u200b\u200bChromebook 14 G6 k\u00e9sz\u00fcl\u00e9k\u00e9t ezzel az eredeti OEM als\u00f3 burkolattal. Ez a prec\u00edzi\u00f3s kialak\u00edt\u00e1s\u00fa burkolat t\u00f6k\u00e9letes illeszked\u00e9st biztos\u00edt, \u00e9s visszaadja laptopja eleg\u00e1ns megjelen\u00e9s\u00e9t. Tart\u00f3s anyagokb\u00f3l k\u00e9sz\u00fclt, megb\u00edzhat\u00f3 v\u00e9delmet ny\u00fajt a bels\u0151 alkatr\u00e9szeknek. Jav\u00edtsa Chromebookja eszt\u00e9tik\u00e1j\u00e1t \u00e9s v\u00e9delm\u00e9t ezzel az eredeti HP cserealkatr\u00e9szsel.<\/p>\n","protected":false},"featured_media":5643,"template":"","meta":[],"product_brand":[],"product_cat":[16],"product_tag":[25],"class_list":{"0":"post-5599","1":"product","2":"type-product","3":"status-publish","4":"has-post-thumbnail","6":"product_cat-laptop-housing","7":"product_tag-hp","9":"first","10":"instock","11":"taxable","12":"shipping-taxable","13":"purchasable","14":"product-type-simple"},"_links":{"self":[{"href":"https:\/\/boreait.com\/hu\/wp-json\/wp\/v2\/product\/5599","targetHints":{"allow":["GET"]}}],"collection":[{"href":"https:\/\/boreait.com\/hu\/wp-json\/wp\/v2\/product"}],"about":[{"href":"https:\/\/boreait.com\/hu\/wp-json\/wp\/v2\/types\/product"}],"wp:featuredmedia":[{"embeddable":true,"href":"https:\/\/boreait.com\/hu\/wp-json\/wp\/v2\/media\/5643"}],"wp:attachment":[{"href":"https:\/\/boreait.com\/hu\/wp-json\/wp\/v2\/media?parent=5599"}],"wp:term":[{"taxonomy":"product_brand","embeddable":true,"href":"https:\/\/boreait.com\/hu\/wp-json\/wp\/v2\/product_brand?post=5599"},{"taxonomy":"product_cat","embeddable":true,"href":"https:\/\/boreait.com\/hu\/wp-json\/wp\/v2\/product_cat?post=5599"},{"taxonomy":"product_tag","embeddable":true,"href":"https:\/\/boreait.com\/hu\/wp-json\/wp\/v2\/product_tag?post=5599"}],"curies":[{"name":"wp","href":"https:\/\/api.w.org\/{rel}","templated":true}]}}