{"id":5581,"date":"2025-09-17T11:17:54","date_gmt":"2025-09-17T09:17:54","guid":{"rendered":"https:\/\/boreait.com\/hu\/?post_type=product&#038;p=5581"},"modified":"2025-09-17T11:18:47","modified_gmt":"2025-09-17T09:18:47","slug":"hp-chromebook-14-g6-g7-csuklopantok-l90413-001-eredeti-cserealkatreszek-a-laptop-zokkenomentes-mukodesehez","status":"publish","type":"product","link":"https:\/\/boreait.com\/hu\/termek\/hp-chromebook-14-g6-g7-csuklopantok-l90413-001-eredeti-cserealkatreszek-a-laptop-zokkenomentes-mukodesehez\/","title":{"rendered":"HP Chromebook 14 G6 G7 csukl\u00f3p\u00e1ntok L90413-001 \u2013 Eredeti cserealkatr\u00e9szek a laptop z\u00f6kken\u0151mentes m\u0171k\u00f6d\u00e9s\u00e9hez"},"content":{"rendered":"<p>Fedezze fel a megold\u00e1st HP Chromebook 14 G6 &amp; G7 p\u00e1ntprobl\u00e9m\u00e1k az eredeti cserep\u00e1ntjainkkal kapcsolatban. A kifejezetten a Chromebook 14 G6 modellhez tervezett zsan\u00e9rok z\u00f6kken\u0151mentes megold\u00e1st k\u00edn\u00e1lnak laptopja zavartalan m\u0171k\u00f6d\u00e9s\u00e9nek helyre\u00e1ll\u00edt\u00e1s\u00e1ra.<\/p>\n<p>F\u0151bb jellemz\u0151k:<\/p>\n<ul>\n<li>Kompatibilis a HP Chromebook 14 G6 \u00e9s G7 eszk\u00f6z\u00f6kkel<\/li>\n<li>Eredeti cserealkatr\u00e9szek<\/li>\n<li>Tart\u00f3ss\u00e1gra \u00e9s pontoss\u00e1gra tervezve<\/li>\n<li>Gondoskodik a laptop z\u00f6kken\u0151mentes nyit\u00e1s\u00e1r\u00f3l \u00e9s z\u00e1r\u00e1s\u00e1r\u00f3l<\/li>\n<li>Alkatr\u00e9szsz\u00e1m: L90413-001<\/li>\n<\/ul>\n<p>Ak\u00e1r a laptop zsan\u00e9rai s\u00e9r\u00fcltek, ak\u00e1r elhaszn\u00e1l\u00f3dtak, ezek a cserealkatr\u00e9szek t\u00f6k\u00e9letes megold\u00e1st k\u00edn\u00e1lnak. Zsan\u00e9rjaink min\u0151s\u00e9gi anyagokb\u00f3l k\u00e9sz\u00fclnek a tart\u00f3ss\u00e1g \u00e9s a hossz\u00fa \u00e9lettartam \u00e9rdek\u00e9ben. Tapasztalja meg a teljesen m\u0171k\u00f6d\u0151k\u00e9pes laptop k\u00e9nyelm\u00e9t ezekkel az eredeti HP Chromebook 14 G6 G7 zsan\u00e9rokkal.<\/p>\n<p>K\u00e9rj\u00fck, vegye figyelembe, hogy a HP Chromebook 14 G6 G7 zsan\u00e9rokr\u00f3l k\u00e9sz\u00fclt val\u00f3di f\u00e9nyk\u00e9pek szerepelnek ezen a list\u00e1n. Telep\u00edt\u00e9si \u00fatmutat\u00f3 nem tal\u00e1lhat\u00f3, de ha b\u00e1rmilyen k\u00e9rd\u00e9se van, vagy seg\u00edts\u00e9gre van sz\u00fcks\u00e9ge, forduljon bizalommal. \u00c1ll\u00edtsa vissza laptopja rugalmass\u00e1g\u00e1t \u00e9s megb\u00edzhat\u00f3s\u00e1g\u00e1t ezekkel az eredeti HP cserep\u00e1ntokkal. Friss\u00edtsen m\u00e9g ma, \u00e9s \u00e9lvezze a z\u00f6kken\u0151mentesen m\u0171k\u00f6d\u0151 HP Chromebook 14 G6-ot.<\/p>\n","protected":false},"excerpt":{"rendered":"<p>Fokozza HP Chromebook 14 G6 \u00e9s G7 funkcionalit\u00e1s\u00e1t ezekkel az eredeti cserep\u00e1ntokkal. A tart\u00f3ss\u00e1gra \u00e9s pontoss\u00e1gra kialak\u00edtott zsan\u00e9rok biztos\u00edtj\u00e1k a laptop z\u00f6kken\u0151mentes nyit\u00e1s\u00e1t \u00e9s z\u00e1r\u00e1s\u00e1t. \u00c1ll\u00edtsa vissza laptopja rugalmass\u00e1g\u00e1t \u00e9s megb\u00edzhat\u00f3s\u00e1g\u00e1t ezekkel az eredeti HP Chromebook 14 G6 zsan\u00e9rokkal.<\/p>\n","protected":false},"featured_media":5639,"template":"","meta":[],"product_brand":[],"product_cat":[19],"product_tag":[25],"class_list":{"0":"post-5581","1":"product","2":"type-product","3":"status-publish","4":"has-post-thumbnail","6":"product_cat-screen-hinge","7":"product_tag-hp","9":"first","10":"instock","11":"taxable","12":"shipping-taxable","13":"purchasable","14":"product-type-simple"},"_links":{"self":[{"href":"https:\/\/boreait.com\/hu\/wp-json\/wp\/v2\/product\/5581","targetHints":{"allow":["GET"]}}],"collection":[{"href":"https:\/\/boreait.com\/hu\/wp-json\/wp\/v2\/product"}],"about":[{"href":"https:\/\/boreait.com\/hu\/wp-json\/wp\/v2\/types\/product"}],"wp:featuredmedia":[{"embeddable":true,"href":"https:\/\/boreait.com\/hu\/wp-json\/wp\/v2\/media\/5639"}],"wp:attachment":[{"href":"https:\/\/boreait.com\/hu\/wp-json\/wp\/v2\/media?parent=5581"}],"wp:term":[{"taxonomy":"product_brand","embeddable":true,"href":"https:\/\/boreait.com\/hu\/wp-json\/wp\/v2\/product_brand?post=5581"},{"taxonomy":"product_cat","embeddable":true,"href":"https:\/\/boreait.com\/hu\/wp-json\/wp\/v2\/product_cat?post=5581"},{"taxonomy":"product_tag","embeddable":true,"href":"https:\/\/boreait.com\/hu\/wp-json\/wp\/v2\/product_tag?post=5581"}],"curies":[{"name":"wp","href":"https:\/\/api.w.org\/{rel}","templated":true}]}}