{"id":5574,"date":"2025-09-17T11:17:53","date_gmt":"2025-09-17T09:17:53","guid":{"rendered":"https:\/\/boreait.com\/hu\/?post_type=product&#038;p=5574"},"modified":"2025-09-17T11:18:31","modified_gmt":"2025-09-17T09:18:31","slug":"hp-chromebook-14-g6-usb-kartya-da00gath6d0-l90437-001-eredeti-cserealkatresz","status":"publish","type":"product","link":"https:\/\/boreait.com\/hu\/termek\/hp-chromebook-14-g6-usb-kartya-da00gath6d0-l90437-001-eredeti-cserealkatresz\/","title":{"rendered":"HP Chromebook 14 G6 USB-k\u00e1rtya DA00GATH6D0 L90437-001 \u2013 Eredeti cserealkatr\u00e9sz"},"content":{"rendered":"<p>B\u0151v\u00edtse HP Chromebook 14 G6 USB-kapcsolat\u00e1t az Eredeti USB-k\u00e1rtya cser\u00e9j\u00e9vel. Ezt az eredeti HP cserealkatr\u00e9szt \u00fagy tervezt\u00e9k, hogy megfeleljen a legmagasabb szabv\u00e1nyoknak, biztos\u00edtva a kompatibilit\u00e1st \u00e9s a megb\u00edzhat\u00f3 teljes\u00edtm\u00e9nyt.<\/p>\n<p>F\u0151bb jellemz\u0151k:<\/p>\n<ul>\n<li>Eredeti USB-k\u00e1rtya a HP Chromebook 14 G6-hoz (egyes m\u00e1s modellekkel is kompatibilis)<\/li>\n<li>K\u00f6nny\u0171 telep\u00edt\u00e9s a gyors \u00e9s probl\u00e9mamentes csere \u00e9rdek\u00e9ben<\/li>\n<li>\u00c1ll\u00edtsa vissza az optim\u00e1lis kapcsolatot az \u00f6sszes perif\u00e9ri\u00e1hoz<\/li>\n<li>Gondoskodjon a kompatibilit\u00e1sr\u00f3l \u00e9s a megb\u00edzhat\u00f3s\u00e1gr\u00f3l a hiteles HP cserealkatr\u00e9szekkel<\/li>\n<li>Alkatr\u00e9szsz\u00e1m: DA00GATH6D0 \/ L90437-001<\/li>\n<\/ul>\n<p>Ak\u00e1r elhaszn\u00e1l\u00f3d\u00e1s miatt ki kell cser\u00e9lni Chromebookja USB-k\u00e1rty\u00e1j\u00e1t, ak\u00e1r b\u0151v\u00edteni szeretn\u00e9 eszk\u00f6ze csatlakoz\u00e1si lehet\u0151s\u00e9geit, ez az Eredeti HP USB-k\u00e1rtya a megold\u00e1s. K\u00f6nnyed\u00e9n \u00e1ll\u00edtsa vissza Chromebookja teljes funkcionalit\u00e1s\u00e1t, biztos\u00edtva, hogy minden USB-perif\u00e9ri\u00e1ja z\u00f6kken\u0151mentesen m\u0171k\u00f6dj\u00f6n.<\/p>\n<p>K\u00e9rj\u00fck, vegye figyelembe, hogy a lista val\u00f3s f\u00e9nyk\u00e9peket tartalmaz a HP Chromebook 14 G6 USB-k\u00e1rty\u00e1r\u00f3l, \u00e9s nem tartalmaz telep\u00edt\u00e9si utas\u00edt\u00e1st. Ha b\u00e1rmilyen k\u00e9rd\u00e9se van, vagy tov\u00e1bbi seg\u00edts\u00e9gre van sz\u00fcks\u00e9ge, forduljon bizalommal. Friss\u00edtse HP Chromebook 14 G6 k\u00e9sz\u00fcl\u00e9k\u00e9t ezzel az Eredeti USB-k\u00e1rty\u00e1val a jobb csatlakoztathat\u00f3s\u00e1g \u00e9s k\u00e9nyelem \u00e9rdek\u00e9ben.<\/p>\n","protected":false},"excerpt":{"rendered":"<p>N\u00f6velje HP Chromebook 14 G6 csatlakoztathat\u00f3s\u00e1g\u00e1t az Eredeti USB-k\u00e1rtya cser\u00e9j\u00e9vel. Az egyszer\u0171 telep\u00edt\u00e9sre tervezett USB-k\u00e1rtya z\u00f6kken\u0151mentes csatlakoz\u00e1st biztos\u00edt az \u00f6sszes perif\u00e9ri\u00e1hoz. \u00c1ll\u00edtsa vissza Chromebookja optim\u00e1lis m\u0171k\u00f6d\u00e9s\u00e9t ezzel az eredeti HP cserealkatr\u00e9szrel.<\/p>\n","protected":false},"featured_media":5617,"template":"","meta":[],"product_brand":[],"product_cat":[27],"product_tag":[25],"class_list":{"0":"post-5574","1":"product","2":"type-product","3":"status-publish","4":"has-post-thumbnail","6":"product_cat-motherboards-board-parts","7":"product_tag-hp","9":"first","10":"instock","11":"taxable","12":"shipping-taxable","13":"purchasable","14":"product-type-simple"},"_links":{"self":[{"href":"https:\/\/boreait.com\/hu\/wp-json\/wp\/v2\/product\/5574","targetHints":{"allow":["GET"]}}],"collection":[{"href":"https:\/\/boreait.com\/hu\/wp-json\/wp\/v2\/product"}],"about":[{"href":"https:\/\/boreait.com\/hu\/wp-json\/wp\/v2\/types\/product"}],"wp:featuredmedia":[{"embeddable":true,"href":"https:\/\/boreait.com\/hu\/wp-json\/wp\/v2\/media\/5617"}],"wp:attachment":[{"href":"https:\/\/boreait.com\/hu\/wp-json\/wp\/v2\/media?parent=5574"}],"wp:term":[{"taxonomy":"product_brand","embeddable":true,"href":"https:\/\/boreait.com\/hu\/wp-json\/wp\/v2\/product_brand?post=5574"},{"taxonomy":"product_cat","embeddable":true,"href":"https:\/\/boreait.com\/hu\/wp-json\/wp\/v2\/product_cat?post=5574"},{"taxonomy":"product_tag","embeddable":true,"href":"https:\/\/boreait.com\/hu\/wp-json\/wp\/v2\/product_tag?post=5574"}],"curies":[{"name":"wp","href":"https:\/\/api.w.org\/{rel}","templated":true}]}}