{"id":5571,"date":"2025-09-17T11:17:53","date_gmt":"2025-09-17T09:17:53","guid":{"rendered":"https:\/\/boreait.com\/hu\/?post_type=product&#038;p=5571"},"modified":"2025-09-17T11:18:28","modified_gmt":"2025-09-17T09:18:28","slug":"eredeti-hp-elitebook-820-g1-also-alapburkolat-haz-730551-001","status":"publish","type":"product","link":"https:\/\/boreait.com\/hu\/termek\/eredeti-hp-elitebook-820-g1-also-alapburkolat-haz-730551-001\/","title":{"rendered":"Eredeti HP EliteBook 820 G1 als\u00f3 alapburkolat h\u00e1z \u2013 730551-001"},"content":{"rendered":"<p>Fektessen be a HP eredetis\u00e9g\u00e9be \u00e9s min\u0151s\u00e9g\u00e9be az Eredeti HP EliteBook 820 G1 als\u00f3 alapburkolat tokh\u00e1zzal (cikksz\u00e1m: 730551-001). Ezt az als\u00f3 alapburkolatot a HP apr\u00f3l\u00e9kosan megtervezte, hogy biztons\u00e1gos \u00e9s prec\u00edz illeszked\u00e9st biztos\u00edtson EliteBook 820 G1-\u00e9hez, \u00edgy v\u00e9delmet \u00e9s eszt\u00e9tikai folytonoss\u00e1got is biztos\u00edt.<\/p>\n<p>F\u0151bb jellemz\u0151k:<\/p>\n<ul>\n<li>Alkatr\u00e9szsz\u00e1m: 730551-001<\/li>\n<li>Kompatibilit\u00e1s: HP EliteBook 820 G1<\/li>\n<li>Eredeti HP term\u00e9k a megb\u00edzhat\u00f3 illeszked\u00e9s\u00e9rt \u00e9s teljes\u00edtm\u00e9ny\u00e9rt<\/li>\n<li>Helyezze vissza laptopja integrit\u00e1s\u00e1t \u00e9s megjelen\u00e9s\u00e9t<\/li>\n<li>Tart\u00f3s anyagokb\u00f3l k\u00e9sz\u00fclt a hossz\u00fa \u00e9lettartam \u00e9rdek\u00e9ben<\/li>\n<\/ul>\n<p>Friss\u00edtse vagy cser\u00e9lje ki EliteBook 820 G1 als\u00f3 alapburkolat\u00e1t ezzel az eredeti HP-h\u00e1zzal. Ak\u00e1r szeretn\u00e9 vissza\u00e1ll\u00edtani laptopja eredeti megjelen\u00e9s\u00e9t, ak\u00e1r megb\u00edzhat\u00f3 cser\u00e9re van sz\u00fcks\u00e9ge, ez az eredeti alkatr\u00e9sz a t\u00f6k\u00e9letes megold\u00e1s.<\/p>\n<p>K\u00e9rj\u00fck, vegye figyelembe, hogy a lista val\u00f3s f\u00e9nyk\u00e9peket tartalmaz az Eredeti HP EliteBook 820 G1 als\u00f3 alapburkolat tokh\u00e1z\u00e1r\u00f3l \u2013 730551-001. Telep\u00edt\u00e9si \u00fatmutat\u00f3 nincs megadva, de ha b\u00e1rmilyen k\u00e9rd\u00e9se van, vagy seg\u00edts\u00e9gre van sz\u00fcks\u00e9ge, forduljon hozz\u00e1nk bizalommal. N\u00f6velje EliteBook 820 G1 v\u00e9delm\u00e9t \u00e9s eszt\u00e9tik\u00e1j\u00e1t ezzel az eredeti HP als\u00f3 bor\u00edt\u00e1ssal.<\/p>\n","protected":false},"excerpt":{"rendered":"<p>N\u00f6velje HP EliteBook 820 G1 tart\u00f3ss\u00e1g\u00e1t az eredeti als\u00f3 alapburkolat tokh\u00e1zzal. Ez a HP \u00e1ltal k\u00e9sz\u00edtett eredeti, 730551-001 cikksz\u00e1m\u00fa alkatr\u00e9sz t\u00f6k\u00e9letes illeszked\u00e9st \u00e9s megb\u00edzhat\u00f3 v\u00e9delmet biztos\u00edt EliteBook 820 G1 laptopod alj\u00e1nak. Ezzel az eredeti HP h\u00e1zzal \u00e1ll\u00edtsa vissza k\u00e9sz\u00fcl\u00e9ke eleg\u00e1ns \u00e9s professzion\u00e1lis megjelen\u00e9s\u00e9t.<\/p>\n","protected":false},"featured_media":5613,"template":"","meta":[],"product_brand":[],"product_cat":[16],"product_tag":[25],"class_list":{"0":"post-5571","1":"product","2":"type-product","3":"status-publish","4":"has-post-thumbnail","6":"product_cat-laptop-housing","7":"product_tag-hp","9":"first","10":"instock","11":"taxable","12":"shipping-taxable","13":"purchasable","14":"product-type-simple"},"_links":{"self":[{"href":"https:\/\/boreait.com\/hu\/wp-json\/wp\/v2\/product\/5571","targetHints":{"allow":["GET"]}}],"collection":[{"href":"https:\/\/boreait.com\/hu\/wp-json\/wp\/v2\/product"}],"about":[{"href":"https:\/\/boreait.com\/hu\/wp-json\/wp\/v2\/types\/product"}],"wp:featuredmedia":[{"embeddable":true,"href":"https:\/\/boreait.com\/hu\/wp-json\/wp\/v2\/media\/5613"}],"wp:attachment":[{"href":"https:\/\/boreait.com\/hu\/wp-json\/wp\/v2\/media?parent=5571"}],"wp:term":[{"taxonomy":"product_brand","embeddable":true,"href":"https:\/\/boreait.com\/hu\/wp-json\/wp\/v2\/product_brand?post=5571"},{"taxonomy":"product_cat","embeddable":true,"href":"https:\/\/boreait.com\/hu\/wp-json\/wp\/v2\/product_cat?post=5571"},{"taxonomy":"product_tag","embeddable":true,"href":"https:\/\/boreait.com\/hu\/wp-json\/wp\/v2\/product_tag?post=5571"}],"curies":[{"name":"wp","href":"https:\/\/api.w.org\/{rel}","templated":true}]}}