{"id":5569,"date":"2025-09-17T11:17:53","date_gmt":"2025-09-17T09:17:53","guid":{"rendered":"https:\/\/boreait.com\/hu\/?post_type=product&#038;p=5569"},"modified":"2025-09-17T11:18:22","modified_gmt":"2025-09-17T09:18:22","slug":"eredeti-hp-elitebook-820-g1-csuklotamasz-elso-fedel-730549-001-783215-001","status":"publish","type":"product","link":"https:\/\/boreait.com\/hu\/termek\/eredeti-hp-elitebook-820-g1-csuklotamasz-elso-fedel-730549-001-783215-001\/","title":{"rendered":"Eredeti HP EliteBook 820 G1 csukl\u00f3t\u00e1masz els\u0151 fed\u00e9l 730549-001 783215-001"},"content":{"rendered":"<p>Friss\u00edtse HP EliteBook 820 G1 k\u00e9sz\u00fcl\u00e9k\u00e9t az eredeti HP EliteBook 820 G1 csukl\u00f3t\u00e1masz el\u00fcls\u0151 burkolattal, amely a st\u00edlus \u00e9s a tart\u00f3ss\u00e1g t\u00f6k\u00e9letes kever\u00e9ke.<\/p>\n<p>Ez a csukl\u00f3t\u00e1masz el\u00fcls\u0151 burkolat egy hiteles HP cserealkatr\u00e9sz, amelyet apr\u00f3l\u00e9kosan \u00fagy terveztek, hogy megfeleljen EliteBook 820 G1 eredeti specifik\u00e1ci\u00f3inak. Prec\u00edzen megalkotott, z\u00f6kken\u0151mentesen integr\u00e1lhat\u00f3 laptopj\u00e1val, jav\u00edtva annak eszt\u00e9tik\u00e1j\u00e1t \u00e9s funkcionalit\u00e1s\u00e1t.<\/p>\n<p>F\u0151bb jellemz\u0151k:<\/p>\n<ul>\n<li>Eredeti HP EliteBook 820 G1 csukl\u00f3t\u00e1masz el\u00fcls\u0151 burkolata<\/li>\n<li>Prec\u00edzi\u00f3s illeszt\u00e9s \u00e9s befejez\u00e9s<\/li>\n<li>Jav\u00edtja a laptop eszt\u00e9tik\u00e1j\u00e1t<\/li>\n<li>Tart\u00f3s \u00e9s hossz\u00fa \u00e9lettartam\u00fa<\/li>\n<li>Alkatr\u00e9szsz\u00e1mok: \u00a0730549-001 &#8211; 783215-001 &#8211; 6070B0675501<\/li>\n<\/ul>\n<p>Alak\u00edtsa \u00e1t EliteBookja megjelen\u00e9s\u00e9t ezzel az eredeti csukl\u00f3t\u00e1maszos el\u0151lappal. Ak\u00e1r egy s\u00e9r\u00fclt alkatr\u00e9szt cser\u00e9l, ak\u00e1r egyszer\u0171en csak felfriss\u00edteni szeretn\u00e9 laptopja megjelen\u00e9s\u00e9t, ez a HP alkatr\u00e9sz t\u00f6k\u00e9letes illeszked\u00e9st \u00e9s a HP term\u00e9kekt\u0151l elv\u00e1rt kiv\u00e1l\u00f3 min\u0151s\u00e9g\u0171 teljes\u00edtm\u00e9nyt biztos\u00edtja.<\/p>\n<p>K\u00e9rj\u00fck, vegye figyelembe, hogy ez az adatlap val\u00f3di f\u00e9nyk\u00e9peket tartalmaz az Eredeti HP EliteBook 820 G1 csukl\u00f3t\u00e1masz el\u00fcls\u0151 burkolat\u00e1r\u00f3l. Nincsenek telep\u00edt\u00e9si utas\u00edt\u00e1sok; mindazon\u00e1ltal b\u00e1rmilyen k\u00e9rd\u00e9s vagy probl\u00e9ma eset\u00e9n seg\u00edts\u00e9g el\u00e9rhet\u0151 \u00fczenetben.<\/p>\n<p>Friss\u00edtse EliteBookja st\u00edlus\u00e1t \u00e9s funkcionalit\u00e1s\u00e1t m\u00e9g ma az Eredeti HP EliteBook 820 G1 csukl\u00f3t\u00e1masz el\u00fcls\u0151 burkolat\u00e1val. Ha b\u00e1rmilyen k\u00e9rd\u00e9se van, vagy tov\u00e1bbi inform\u00e1ci\u00f3ra van sz\u00fcks\u00e9ge, forduljon hozz\u00e1nk bizalommal. N\u00f6velje laptopja \u00e9lm\u00e9ny\u00e9t az eredeti HP alkatr\u00e9szekkel.<\/p>\n","protected":false},"excerpt":{"rendered":"<p>Fokozza HP EliteBook 820 G1 megjelen\u00e9s\u00e9t \u00e9s \u00e9rzet\u00e9t ezzel az eredeti csukl\u00f3t\u00e1masz el\u00fcls\u0151 burkolattal. Ez a z\u00f6kken\u0151mentesen illeszked\u0151 eredeti HP alkatr\u00e9sz st\u00edlust \u00e9s funkcionalit\u00e1st ad laptopj\u00e1nak. Emelje fel EliteBook megjelen\u00e9s\u00e9t azzal a min\u0151s\u00e9ggel \u00e9s precizit\u00e1ssal, amelyet csak az eredeti HP alkatr\u00e9szek k\u00e9pesek ny\u00fajtani.<\/p>\n","protected":false},"featured_media":5609,"template":"","meta":[],"product_brand":[],"product_cat":[16],"product_tag":[],"class_list":{"0":"post-5569","1":"product","2":"type-product","3":"status-publish","4":"has-post-thumbnail","6":"product_cat-laptop-housing","8":"first","9":"instock","10":"taxable","11":"shipping-taxable","12":"purchasable","13":"product-type-simple"},"_links":{"self":[{"href":"https:\/\/boreait.com\/hu\/wp-json\/wp\/v2\/product\/5569","targetHints":{"allow":["GET"]}}],"collection":[{"href":"https:\/\/boreait.com\/hu\/wp-json\/wp\/v2\/product"}],"about":[{"href":"https:\/\/boreait.com\/hu\/wp-json\/wp\/v2\/types\/product"}],"wp:featuredmedia":[{"embeddable":true,"href":"https:\/\/boreait.com\/hu\/wp-json\/wp\/v2\/media\/5609"}],"wp:attachment":[{"href":"https:\/\/boreait.com\/hu\/wp-json\/wp\/v2\/media?parent=5569"}],"wp:term":[{"taxonomy":"product_brand","embeddable":true,"href":"https:\/\/boreait.com\/hu\/wp-json\/wp\/v2\/product_brand?post=5569"},{"taxonomy":"product_cat","embeddable":true,"href":"https:\/\/boreait.com\/hu\/wp-json\/wp\/v2\/product_cat?post=5569"},{"taxonomy":"product_tag","embeddable":true,"href":"https:\/\/boreait.com\/hu\/wp-json\/wp\/v2\/product_tag?post=5569"}],"curies":[{"name":"wp","href":"https:\/\/api.w.org\/{rel}","templated":true}]}}