{"id":5568,"date":"2025-09-17T11:17:53","date_gmt":"2025-09-17T09:17:53","guid":{"rendered":"https:\/\/boreait.com\/hu\/?post_type=product&#038;p=5568"},"modified":"2025-09-17T11:18:17","modified_gmt":"2025-09-17T09:18:17","slug":"hp-730544-001-lcd-elulso-elolap-elitebook-820-g1-g2-725-g2-hez-cserekeret","status":"publish","type":"product","link":"https:\/\/boreait.com\/hu\/termek\/hp-730544-001-lcd-elulso-elolap-elitebook-820-g1-g2-725-g2-hez-cserekeret\/","title":{"rendered":"HP 730544-001 LCD el\u00fcls\u0151 el\u0151lap EliteBook 820 G1 G2 725 G2-hez \u2013 Cserekeret"},"content":{"rendered":"<p>Friss\u00edtse EliteBook 820 G1 G2 725 G2 megjelen\u00e9s\u00e9t a HP 730544-001 LCD el\u0151lappal. Ezt a cserekeretet \u00fagy tervezt\u00e9k, hogy z\u00f6kken\u0151mentesen illeszkedjen a laptopj\u00e1hoz, \u00e9s eleg\u00e1ns \u00e9s pol\u00edrozott megjelen\u00e9st biztos\u00edt.<\/p>\n<p>F\u0151bb jellemz\u0151k:<\/p>\n<ul>\n<li>T\u00edpus: HP 730544-001<\/li>\n<li>Kompatibilit\u00e1s: EliteBook 820 G1 G2 725 G2<\/li>\n<li>T\u00edpus: LCD el\u00fcls\u0151 el\u0151lap<\/li>\n<li>Precizit\u00e1sra tervezve: Ez az el\u0151lap megb\u00edzhat\u00f3 csere, t\u00f6k\u00e9letes illeszked\u00e9st \u00e9s tart\u00f3ss\u00e1got biztos\u00edt.<\/li>\n<li>Friss\u00edtett eszt\u00e9tika: Var\u00e1zsolja \u00e1t EliteBook-j\u00e1t ezzel az eredeti HP-term\u00e9kkel.<\/li>\n<\/ul>\n<p>Ak\u00e1r megs\u00e9r\u00fclt el\u0151lap cser\u00e9j\u00e9t szeretn\u00e9, ak\u00e1r csak EliteBookja megjelen\u00e9s\u00e9t szeretn\u00e9 felfriss\u00edteni, ez a HP 730544-001\u00a0LCD el\u0151lap az ide\u00e1lis megold\u00e1s. K\u00e9rj\u00fck, vegye figyelembe, hogy a term\u00e9kr\u0151l val\u00f3s fot\u00f3k szerepelnek a list\u00e1ban, \u00e9s nem adunk szerel\u00e9si \u00fatmutat\u00f3t. Ha b\u00e1rmilyen k\u00e9rd\u00e9se van, vagy tov\u00e1bbi seg\u00edts\u00e9gre van sz\u00fcks\u00e9ge, forduljon bizalommal. Emelje fel EliteBookja eszt\u00e9tik\u00e1j\u00e1t ezzel az eredeti HP csereel\u0151lappal, \u00e9s \u00e9lvezze azt a laptopot, amely olyan j\u00f3l n\u00e9z ki, mint amilyen j\u00f3l m\u0171k\u00f6dik.<\/p>\n","protected":false},"excerpt":{"rendered":"<p>Fokozza EliteBook 820 G1 G2 725 G2 vizu\u00e1lis vonzerej\u00e9t a HP 730544-001 LCD el\u0151lappal. Ez a megb\u00edzhat\u00f3 cserekeretk\u00e9nt kialak\u00edtott el\u0151lap z\u00f6kken\u0151mentesen illeszkedik laptopj\u00e1hoz, friss\u00edtett \u00e9s pol\u00edrozott megjelen\u00e9st k\u00f6lcs\u00f6n\u00f6zve neki. \u00c9lvezze a HP-term\u00e9kek szinonim\u00e1j\u00e1t a tart\u00f3ss\u00e1got \u00e9s a prec\u00edzi\u00f3s tervez\u00e9st. N\u00f6velje EliteBook eszt\u00e9tik\u00e1j\u00e1t k\u00f6nnyed\u00e9n.<\/p>\n","protected":false},"featured_media":5597,"template":"","meta":[],"product_brand":[],"product_cat":[16],"product_tag":[25],"class_list":{"0":"post-5568","1":"product","2":"type-product","3":"status-publish","4":"has-post-thumbnail","6":"product_cat-laptop-housing","7":"product_tag-hp","9":"first","10":"instock","11":"taxable","12":"shipping-taxable","13":"purchasable","14":"product-type-simple"},"_links":{"self":[{"href":"https:\/\/boreait.com\/hu\/wp-json\/wp\/v2\/product\/5568","targetHints":{"allow":["GET"]}}],"collection":[{"href":"https:\/\/boreait.com\/hu\/wp-json\/wp\/v2\/product"}],"about":[{"href":"https:\/\/boreait.com\/hu\/wp-json\/wp\/v2\/types\/product"}],"wp:featuredmedia":[{"embeddable":true,"href":"https:\/\/boreait.com\/hu\/wp-json\/wp\/v2\/media\/5597"}],"wp:attachment":[{"href":"https:\/\/boreait.com\/hu\/wp-json\/wp\/v2\/media?parent=5568"}],"wp:term":[{"taxonomy":"product_brand","embeddable":true,"href":"https:\/\/boreait.com\/hu\/wp-json\/wp\/v2\/product_brand?post=5568"},{"taxonomy":"product_cat","embeddable":true,"href":"https:\/\/boreait.com\/hu\/wp-json\/wp\/v2\/product_cat?post=5568"},{"taxonomy":"product_tag","embeddable":true,"href":"https:\/\/boreait.com\/hu\/wp-json\/wp\/v2\/product_tag?post=5568"}],"curies":[{"name":"wp","href":"https:\/\/api.w.org\/{rel}","templated":true}]}}