{"id":5550,"date":"2025-09-17T11:17:31","date_gmt":"2025-09-17T09:17:31","guid":{"rendered":"https:\/\/boreait.com\/hu\/?post_type=product&#038;p=5550"},"modified":"2025-09-17T11:18:13","modified_gmt":"2025-09-17T09:18:13","slug":"eredeti-hp-elitebook-820-g1-lcd-felso-fedel-csere-6070b0675301-730561-001","status":"publish","type":"product","link":"https:\/\/boreait.com\/hu\/termek\/eredeti-hp-elitebook-820-g1-lcd-felso-fedel-csere-6070b0675301-730561-001\/","title":{"rendered":"Eredeti HP EliteBook 820 G1 LCD fels\u0151 fed\u00e9l csere 6070b0675301 730561-001"},"content":{"rendered":"<p>N\u00f6velje HP EliteBook 820 G1 megjelen\u00e9s\u00e9t \u00e9s v\u00e9delm\u00e9t az Eredeti HP EliteBook 820 G1 LCD fels\u0151 fed\u00e9llel. Ez nem csak csere; ez egy hiteles HP alkatr\u00e9sz, amelyet apr\u00f3l\u00e9kosan kidolgoztak, hogy megfeleljen EliteBook 820 G1 laptopja pontos specifik\u00e1ci\u00f3inak.<\/p>\n<p>F\u0151bb jellemz\u0151k:<\/p>\n<ul>\n<li>Hiteles HP cserealkatr\u00e9sz<\/li>\n<li>EliteBook 820 G1-hez tervezve<\/li>\n<li>Kiv\u00e1l\u00f3 min\u0151s\u00e9g\u0171 konstrukci\u00f3 a tart\u00f3ss\u00e1g \u00e9rdek\u00e9ben<\/li>\n<li>T\u00f6k\u00e9letesen illeszkedik a z\u00f6kken\u0151mentes telep\u00edt\u00e9shez<\/li>\n<li>Alkatr\u00e9szsz\u00e1mok: 6070b0675301 730561-001<\/li>\n<\/ul>\n<p>Ak\u00e1r s\u00e9r\u00fclt fedelet szeretne cser\u00e9lni, ak\u00e1r laptopja megjelen\u00e9s\u00e9t szeretn\u00e9 felfriss\u00edteni, ez az Eredeti HP bor\u00edt\u00f3 az ide\u00e1lis megold\u00e1s. Nemcsak visszaadja az eredeti eszt\u00e9tik\u00e1t, hanem biztos\u00edtja az EliteBook 820 G1 folyamatos hiteless\u00e9g\u00e9t is.<\/p>\n<p>K\u00e9rj\u00fck, vegye figyelembe, hogy ez a lista val\u00f3di f\u00e9nyk\u00e9peket tartalmaz az Eredeti HP EliteBook 820 G1 LCD fels\u0151 fed\u00e9lr\u0151l, \u00edgy tiszta k\u00e9pet kaphat a kapott term\u00e9kr\u0151l. Telep\u00edt\u00e9si \u00fatmutat\u00f3t nem tartalmaz, de ha k\u00e9rd\u00e9se van, vagy seg\u00edts\u00e9gre van sz\u00fcks\u00e9ge, forduljon bizalommal. Emelje fel laptopja st\u00edlus\u00e1t \u00e9s v\u00e9delm\u00e9t ezzel az Eredeti HP csereburkolattal.<\/p>\n","protected":false},"excerpt":{"rendered":"<p>Fokozza laptopja megjelen\u00e9s\u00e9t \u00e9s v\u00e9delm\u00e9t az eredeti HP EliteBook 820 G1 LCD fels\u0151 fed\u00e9llel. Ez a t\u00f6k\u00e9letesre kidolgozott fels\u0151 fed\u00e9l egy hiteles cserealkatr\u00e9sz, amelyet \u00fagy terveztek, hogy z\u00f6kken\u0151mentesen illeszkedjen EliteBook 820 G1-hez. Ezzel az eredeti HP bor\u00edt\u00e1ssal \u00e1ll\u00edtsa helyre az eszt\u00e9tikai megjelen\u00e9st, \u00e9s \u00f3vja meg laptopja kijelz\u0151j\u00e9t. Emelje fel laptopja megjelen\u00e9s\u00e9t \u00e9s \u0151rizze meg eredetis\u00e9g\u00e9t ezzel az eredeti cserealkatr\u00e9szrel.<\/p>\n","protected":false},"featured_media":5594,"template":"","meta":[],"product_brand":[],"product_cat":[16],"product_tag":[],"class_list":{"0":"post-5550","1":"product","2":"type-product","3":"status-publish","4":"has-post-thumbnail","6":"product_cat-laptop-housing","8":"first","9":"instock","10":"taxable","11":"shipping-taxable","12":"purchasable","13":"product-type-simple"},"_links":{"self":[{"href":"https:\/\/boreait.com\/hu\/wp-json\/wp\/v2\/product\/5550","targetHints":{"allow":["GET"]}}],"collection":[{"href":"https:\/\/boreait.com\/hu\/wp-json\/wp\/v2\/product"}],"about":[{"href":"https:\/\/boreait.com\/hu\/wp-json\/wp\/v2\/types\/product"}],"wp:featuredmedia":[{"embeddable":true,"href":"https:\/\/boreait.com\/hu\/wp-json\/wp\/v2\/media\/5594"}],"wp:attachment":[{"href":"https:\/\/boreait.com\/hu\/wp-json\/wp\/v2\/media?parent=5550"}],"wp:term":[{"taxonomy":"product_brand","embeddable":true,"href":"https:\/\/boreait.com\/hu\/wp-json\/wp\/v2\/product_brand?post=5550"},{"taxonomy":"product_cat","embeddable":true,"href":"https:\/\/boreait.com\/hu\/wp-json\/wp\/v2\/product_cat?post=5550"},{"taxonomy":"product_tag","embeddable":true,"href":"https:\/\/boreait.com\/hu\/wp-json\/wp\/v2\/product_tag?post=5550"}],"curies":[{"name":"wp","href":"https:\/\/api.w.org\/{rel}","templated":true}]}}