{"id":5548,"date":"2025-09-17T11:17:31","date_gmt":"2025-09-17T09:17:31","guid":{"rendered":"https:\/\/boreait.com\/hu\/?post_type=product&#038;p=5548"},"modified":"2025-09-17T11:18:08","modified_gmt":"2025-09-17T09:18:08","slug":"hp-elitebook-820-g1-ujjlenyomat-erzekelo-kartya-kabellel-6042b0223001-730956-001","status":"publish","type":"product","link":"https:\/\/boreait.com\/hu\/termek\/hp-elitebook-820-g1-ujjlenyomat-erzekelo-kartya-kabellel-6042b0223001-730956-001\/","title":{"rendered":"HP EliteBook 820 G1 ujjlenyomat-\u00e9rz\u00e9kel\u0151 k\u00e1rtya k\u00e1bellel 6042B0223001 730956-001"},"content":{"rendered":"<p>N\u00f6velje HP EliteBook 820 G1 biztons\u00e1g\u00e1t \u00e9s k\u00e9nyelm\u00e9t a k\u00e1bellel (6042B0223001, 730956-001) kieg\u00e9sz\u00edtett ujjlenyomat-\u00e9rz\u00e9kel\u0151 k\u00e1rty\u00e1val. Ezt az eredeti HP alkatr\u00e9szt a z\u00f6kken\u0151mentes integr\u00e1ci\u00f3ra \u00e9s a pontos ujjlenyomat-felismer\u00e9sre tervezt\u00e9k.<\/p>\n<p>F\u0151bb jellemz\u0151k:<\/p>\n<ul>\n<li>Kompatibilit\u00e1s: HP EliteBook 820 G1<\/li>\n<li>Alkatr\u00e9szsz\u00e1m: 6042B0223001, 730956-001<\/li>\n<li>Eredeti HP alkatr\u00e9sz a hiteles teljes\u00edtm\u00e9ny \u00e9rdek\u00e9ben<\/li>\n<li>Egyszer\u0171 telep\u00edt\u00e9s a fokozott biztons\u00e1g \u00e9rdek\u00e9ben<\/li>\n<\/ul>\n<p>Friss\u00edtse laptopja hiteles\u00edt\u00e9si k\u00e9pess\u00e9geit ezzel a megb\u00edzhat\u00f3 ujjlenyomat-\u00e9rz\u00e9kel\u0151 k\u00e1rty\u00e1val. Nincs t\u00f6bb probl\u00e9ma a jelszavakkal \u2013 egyszer\u0171en \u00e9s biztons\u00e1gosan, \u00e9rint\u00e9ssel hozz\u00e1f\u00e9rhet EliteBook 820 G1-hez. A k\u00e1bel be\u00e9p\u00edt\u00e9se probl\u00e9mamentes kapcsolatot biztos\u00edt, \u00edgy ez a friss\u00edt\u00e9s felhaszn\u00e1l\u00f3bar\u00e1t \u00e9lm\u00e9nny\u00e9 v\u00e1lik.<\/p>\n<p>K\u00e9rj\u00fck, vegye figyelembe, hogy az ujjlenyomat-\u00e9rz\u00e9kel\u0151 k\u00e1rtya k\u00e1bellel (6042B0223001, 730956-001) val\u00f3s f\u00e9nyk\u00e9pei szerepelnek ezen a list\u00e1n. Eml\u00e9keztet\u0151\u00fcl: nem mell\u00e9kel\u00fcnk telep\u00edt\u00e9si utas\u00edt\u00e1sokat, de ha b\u00e1rmilyen k\u00e9rd\u00e9se van, vagy tov\u00e1bbi seg\u00edts\u00e9gre van sz\u00fcks\u00e9ge, forduljon bizalommal. N\u00f6velje EliteBook 820 G1 biztons\u00e1gi funkci\u00f3it ezzel az eredeti HP-friss\u00edt\u00e9ssel.<\/p>\n","protected":false},"excerpt":{"rendered":"<p>N\u00f6velje HP EliteBook 820 G1 biztons\u00e1g\u00e1t \u00e9s k\u00e9nyelm\u00e9t az ujjlenyomat-\u00e9rz\u00e9kel\u0151 k\u00e1rty\u00e1val. Ez az eredeti HP alkatr\u00e9sz k\u00e1bellel (6042B0223001, 730956-001) z\u00f6kken\u0151mentes integr\u00e1ci\u00f3t \u00e9s pontos ujjlenyomat-felismer\u00e9st biztos\u00edt. Friss\u00edtse laptopja hiteles\u00edt\u00e9si funkci\u00f3it, \u00e9s tapasztalja meg a biztons\u00e1g \u00faj szintj\u00e9t.<\/p>\n","protected":false},"featured_media":5592,"template":"","meta":[],"product_brand":[],"product_cat":[27],"product_tag":[25],"class_list":{"0":"post-5548","1":"product","2":"type-product","3":"status-publish","4":"has-post-thumbnail","6":"product_cat-motherboards-board-parts","7":"product_tag-hp","9":"first","10":"instock","11":"taxable","12":"shipping-taxable","13":"purchasable","14":"product-type-simple"},"_links":{"self":[{"href":"https:\/\/boreait.com\/hu\/wp-json\/wp\/v2\/product\/5548","targetHints":{"allow":["GET"]}}],"collection":[{"href":"https:\/\/boreait.com\/hu\/wp-json\/wp\/v2\/product"}],"about":[{"href":"https:\/\/boreait.com\/hu\/wp-json\/wp\/v2\/types\/product"}],"wp:featuredmedia":[{"embeddable":true,"href":"https:\/\/boreait.com\/hu\/wp-json\/wp\/v2\/media\/5592"}],"wp:attachment":[{"href":"https:\/\/boreait.com\/hu\/wp-json\/wp\/v2\/media?parent=5548"}],"wp:term":[{"taxonomy":"product_brand","embeddable":true,"href":"https:\/\/boreait.com\/hu\/wp-json\/wp\/v2\/product_brand?post=5548"},{"taxonomy":"product_cat","embeddable":true,"href":"https:\/\/boreait.com\/hu\/wp-json\/wp\/v2\/product_cat?post=5548"},{"taxonomy":"product_tag","embeddable":true,"href":"https:\/\/boreait.com\/hu\/wp-json\/wp\/v2\/product_tag?post=5548"}],"curies":[{"name":"wp","href":"https:\/\/api.w.org\/{rel}","templated":true}]}}