{"id":5545,"date":"2025-09-17T11:17:31","date_gmt":"2025-09-17T09:17:31","guid":{"rendered":"https:\/\/boreait.com\/hu\/?post_type=product&#038;p=5545"},"modified":"2026-01-19T08:04:08","modified_gmt":"2026-01-19T07:04:08","slug":"hp-elitebook-820-g1-sorozat-6050a2575601-intelligenskartya-olvaso-kartya-kabellel","status":"publish","type":"product","link":"https:\/\/boreait.com\/hu\/termek\/hp-elitebook-820-g1-sorozat-6050a2575601-intelligenskartya-olvaso-kartya-kabellel\/","title":{"rendered":"HP EliteBook 820 G1 sorozat 6050A2575601 intelligensk\u00e1rtya-olvas\u00f3 k\u00e1rtya k\u00e1bellel"},"content":{"rendered":"<p>N\u00f6velje HP EliteBook 820 G1 biztons\u00e1gi funkci\u00f3it a 6050A2575601 Smart Card olvas\u00f3k\u00e1rty\u00e1val. Ez a dedik\u00e1lt k\u00e1bellel ell\u00e1tott k\u00e1rtya probl\u00e9mamentes integr\u00e1l\u00e1st biztos\u00edt laptopj\u00e1ba, \u00e9s tov\u00e1bbi biztons\u00e1gi r\u00e9teget hoz a sz\u00e1m\u00edt\u00e1stechnikai \u00e9lm\u00e9nybe.<\/p>\n<p>F\u0151bb jellemz\u0151k:<\/p>\n<ul>\n<li>Kompatibilit\u00e1s: HP EliteBook 820 G1 sorozat<\/li>\n<li>Alkatr\u00e9szsz\u00e1m: 6050A2575601<\/li>\n<li>Intelligensk\u00e1rtya-olvas\u00f3 k\u00e1rty\u00e1t \u00e9s k\u00e1belt tartalmaz<\/li>\n<li>Jav\u00edtja a laptopok biztons\u00e1g\u00e1t a hozz\u00e1f\u00e9r\u00e9s-szab\u00e1lyoz\u00e1shoz<\/li>\n<li>Z\u00f6kken\u0151mentes integr\u00e1ci\u00f3 a tiszta \u00e9s professzion\u00e1lis telep\u00edt\u00e9s \u00e9rdek\u00e9ben<\/li>\n<\/ul>\n<p>A biztons\u00e1gos hozz\u00e1f\u00e9r\u00e9s\u0171 alkalmaz\u00e1sok egyszer\u0171v\u00e9 teszik ezt az intelligens k\u00e1rtyaolvas\u00f3t. A biztons\u00e1got el\u0151nyben r\u00e9szes\u00edt\u0151 felhaszn\u00e1l\u00f3k sz\u00e1m\u00e1ra t\u00f6k\u00e9letes ez a friss\u00edt\u00e9s k\u00e9nyelmes \u00e9s v\u00e9dett hozz\u00e1f\u00e9r\u00e9st tesz lehet\u0151v\u00e9 EliteBook 820 G1-hez.<\/p>\n<p>K\u00e9rj\u00fck, vegye figyelembe, hogy a list\u00e1n a HP EliteBook 820 G1 Series 6050A2575601 intelligensk\u00e1rtya-olvas\u00f3 k\u00e1rtya k\u00e1bellel k\u00e9sz\u00fclt val\u00f3di f\u00e9nyk\u00e9pei is szerepelnek. Ehhez a term\u00e9khez nem tartozik telep\u00edt\u00e9si \u00fatmutat\u00f3, de ha b\u00e1rmilyen k\u00e9rd\u00e9se van, vagy seg\u00edts\u00e9gre van sz\u00fcks\u00e9ge, forduljon bizalommal. Friss\u00edtse EliteBook 820 G1 k\u00e9sz\u00fcl\u00e9k\u00e9t m\u00e9g ma, \u00e9s \u00e9lvezze a fokozott biztons\u00e1g el\u0151nyeit a k\u00e9nyelem fel\u00e1ldoz\u00e1sa n\u00e9lk\u00fcl.<\/p>\n","protected":false},"excerpt":{"rendered":"<p>N\u00f6velje HP EliteBook 820 G1 funkcionalit\u00e1s\u00e1t a 6050A2575601 Smart Card olvas\u00f3k\u00e1rty\u00e1val. Ez a k\u00e1rtya k\u00fcl\u00f6n k\u00e1bellel \u00e9rkezik a z\u00f6kken\u0151mentes integr\u00e1ci\u00f3 \u00e9rdek\u00e9ben. A biztons\u00e1gos hozz\u00e1f\u00e9r\u00e9s\u0171 alkalmaz\u00e1sokhoz ide\u00e1lis intelligensk\u00e1rtya-olvas\u00f3 tov\u00e1bbi v\u00e9delmi r\u00e9teget biztos\u00edt. Friss\u00edtse EliteBook 820 G1-j\u00e9t, \u00e9s tapasztalja meg a fokozott biztons\u00e1got a k\u00e9nyelem fel\u00e1ldoz\u00e1sa n\u00e9lk\u00fcl.<\/p>\n","protected":false},"featured_media":5589,"template":"","meta":[],"product_brand":[],"product_cat":[27],"product_tag":[25],"class_list":{"0":"post-5545","1":"product","2":"type-product","3":"status-publish","4":"has-post-thumbnail","6":"product_cat-motherboards-board-parts","7":"product_tag-hp","9":"first","10":"instock","11":"taxable","12":"shipping-taxable","13":"purchasable","14":"product-type-simple"},"_links":{"self":[{"href":"https:\/\/boreait.com\/hu\/wp-json\/wp\/v2\/product\/5545","targetHints":{"allow":["GET"]}}],"collection":[{"href":"https:\/\/boreait.com\/hu\/wp-json\/wp\/v2\/product"}],"about":[{"href":"https:\/\/boreait.com\/hu\/wp-json\/wp\/v2\/types\/product"}],"wp:featuredmedia":[{"embeddable":true,"href":"https:\/\/boreait.com\/hu\/wp-json\/wp\/v2\/media\/5589"}],"wp:attachment":[{"href":"https:\/\/boreait.com\/hu\/wp-json\/wp\/v2\/media?parent=5545"}],"wp:term":[{"taxonomy":"product_brand","embeddable":true,"href":"https:\/\/boreait.com\/hu\/wp-json\/wp\/v2\/product_brand?post=5545"},{"taxonomy":"product_cat","embeddable":true,"href":"https:\/\/boreait.com\/hu\/wp-json\/wp\/v2\/product_cat?post=5545"},{"taxonomy":"product_tag","embeddable":true,"href":"https:\/\/boreait.com\/hu\/wp-json\/wp\/v2\/product_tag?post=5545"}],"curies":[{"name":"wp","href":"https:\/\/api.w.org\/{rel}","templated":true}]}}