{"id":5523,"date":"2025-09-17T11:17:08","date_gmt":"2025-09-17T09:17:08","guid":{"rendered":"https:\/\/boreait.com\/hu\/?post_type=product&#038;p=5523"},"modified":"2025-09-17T11:17:48","modified_gmt":"2025-09-17T09:17:48","slug":"dell-latitude-5480-laptop-also-hatlapja-96y3n-eredeti-cserealkatresz","status":"publish","type":"product","link":"https:\/\/boreait.com\/hu\/termek\/dell-latitude-5480-laptop-also-hatlapja-96y3n-eredeti-cserealkatresz\/","title":{"rendered":"Dell Latitude 5480 laptop als\u00f3 h\u00e1tlapja 96Y3N \u2013 Eredeti cserealkatr\u00e9sz"},"content":{"rendered":"<p>Adjon \u00faj \u00e9letet Dell Latitude 5480 laptopj\u00e1nak az eredeti Dell Latitude 5480 laptop als\u00f3 h\u00e1tlapj\u00e1val. Ezt a cserealkatr\u00e9szt \u00fagy tervezt\u00e9k, hogy z\u00f6kken\u0151mentesen illeszkedjen, biztos\u00edtva a szerkezeti integrit\u00e1st \u00e9s a laptop bels\u0151 alkatr\u00e9szeinek v\u00e9delm\u00e9t.<\/p>\n<p>F\u0151bb jellemz\u0151k:<\/p>\n<ul>\n<li>Eredeti Dell cserealkatr\u00e9sz<\/li>\n<li>Kompatibilit\u00e1s: Dell Latitude 5480 laptopok<\/li>\n<li>Tart\u00f3s konstrukci\u00f3 a hossz\u00fa t\u00e1v\u00fa haszn\u00e1latra<\/li>\n<li>Alkatr\u00e9szsz\u00e1m: 96Y3N<\/li>\n<\/ul>\n<p>Ak\u00e1r a megl\u00e9v\u0151 als\u00f3 h\u00e1tlapja megs\u00e9r\u00fclt, ak\u00e1r egyszer\u0171en csak fel szeretn\u00e9 friss\u00edteni laptopja megjelen\u00e9s\u00e9t, ez a hiteles csere garant\u00e1lja a t\u00f6k\u00e9letes illeszked\u00e9st. A prec\u00edzi\u00f3s kivitelez\u00e9s\u0171, kiv\u00e1l\u00f3 min\u0151s\u00e9g\u0171 anyagok felhaszn\u00e1l\u00e1s\u00e1val k\u00e9sz\u00fclt, megfelel a Dell teljes\u00edtm\u00e9nyre \u00e9s megb\u00edzhat\u00f3s\u00e1gra vonatkoz\u00f3 szigor\u00fa szabv\u00e1nyainak.<\/p>\n<p>K\u00e9rj\u00fck, vegye figyelembe, hogy ez az adatlap val\u00f3di f\u00e9nyk\u00e9peket tartalmaz a Dell Latitude 5480 laptop als\u00f3 h\u00e1tlapj\u00e1r\u00f3l. Telep\u00edt\u00e9si \u00fatmutat\u00f3 nem tal\u00e1lhat\u00f3, de ha k\u00e9rd\u00e9se van, vagy seg\u00edts\u00e9gre van sz\u00fcks\u00e9ge, forduljon bizalommal. Fokozza Dell Latitude 5480 eszt\u00e9tik\u00e1j\u00e1t \u00e9s v\u00e9delm\u00e9t ezzel az eredeti cserealkatr\u00e9szrel.<\/p>\n","protected":false},"excerpt":{"rendered":"<p>Cser\u00e9lje ki Dell Latitude 5480 laptopja als\u00f3 h\u00e1tlapj\u00e1t erre az eredeti cserealkatr\u00e9szre. A tart\u00f3ss\u00e1gra \u00e9s a t\u00f6k\u00e9letes illeszked\u00e9sre kialak\u00edtott burkolat v\u00e9delmet ny\u00fajt a laptop bels\u0151 alkatr\u00e9szei sz\u00e1m\u00e1ra. Ezzel az autentikus Dell cser\u00e9vel eszk\u00f6ze eleg\u00e1ns megjelen\u00e9s\u0171 \u00e9s a lehet\u0151 legjobban m\u0171k\u00f6dik.<\/p>\n","protected":false},"featured_media":5564,"template":"","meta":[],"product_brand":[],"product_cat":[16],"product_tag":[17],"class_list":{"0":"post-5523","1":"product","2":"type-product","3":"status-publish","4":"has-post-thumbnail","6":"product_cat-laptop-housing","7":"product_tag-dell","9":"first","10":"instock","11":"taxable","12":"shipping-taxable","13":"purchasable","14":"product-type-simple"},"_links":{"self":[{"href":"https:\/\/boreait.com\/hu\/wp-json\/wp\/v2\/product\/5523","targetHints":{"allow":["GET"]}}],"collection":[{"href":"https:\/\/boreait.com\/hu\/wp-json\/wp\/v2\/product"}],"about":[{"href":"https:\/\/boreait.com\/hu\/wp-json\/wp\/v2\/types\/product"}],"wp:featuredmedia":[{"embeddable":true,"href":"https:\/\/boreait.com\/hu\/wp-json\/wp\/v2\/media\/5564"}],"wp:attachment":[{"href":"https:\/\/boreait.com\/hu\/wp-json\/wp\/v2\/media?parent=5523"}],"wp:term":[{"taxonomy":"product_brand","embeddable":true,"href":"https:\/\/boreait.com\/hu\/wp-json\/wp\/v2\/product_brand?post=5523"},{"taxonomy":"product_cat","embeddable":true,"href":"https:\/\/boreait.com\/hu\/wp-json\/wp\/v2\/product_cat?post=5523"},{"taxonomy":"product_tag","embeddable":true,"href":"https:\/\/boreait.com\/hu\/wp-json\/wp\/v2\/product_tag?post=5523"}],"curies":[{"name":"wp","href":"https:\/\/api.w.org\/{rel}","templated":true}]}}