{"id":5521,"date":"2025-09-17T11:17:08","date_gmt":"2025-09-17T09:17:08","guid":{"rendered":"https:\/\/boreait.com\/hu\/?post_type=product&#038;p=5521"},"modified":"2026-01-19T08:03:47","modified_gmt":"2026-01-19T07:03:47","slug":"dell-inspiron-1545-merevlemez-caddy-0xr733-0m671j-eredeti-oem-csere","status":"publish","type":"product","link":"https:\/\/boreait.com\/hu\/termek\/dell-inspiron-1545-merevlemez-caddy-0xr733-0m671j-eredeti-oem-csere\/","title":{"rendered":"Dell Inspiron 1545 merevlemez Caddy 0XR733 0M671J \u2013 Eredeti OEM csere"},"content":{"rendered":"<p>B\u0151v\u00edtse Dell Inspiron 1545 t\u00e1rol\u00f3kapacit\u00e1s\u00e1t az Eredeti Dell 0XR733 0M671J merevlemez-meghajt\u00f3val. Ezt az OEM csereeszk\u00f6zt \u00fagy tervezt\u00e9k, hogy z\u00f6kken\u0151mentesen integr\u00e1lhat\u00f3 legyen laptopj\u00e1val, biztons\u00e1gos \u00e9s megb\u00edzhat\u00f3 burkolatot k\u00edn\u00e1lva egy tov\u00e1bbi merevlemez sz\u00e1m\u00e1ra.<\/p>\n<p>F\u0151bb jellemz\u0151k:<\/p>\n<ul>\n<li>Dell OEM alkatr\u00e9sz: 0XR733 0M671J<\/li>\n<li>Kompatibilis a Dell Inspiron 1545-tel<\/li>\n<li>K\u00f6nny\u0171 telep\u00edt\u00e9s a merevlemez tov\u00e1bbi t\u00e1mogat\u00e1s\u00e1hoz<\/li>\n<li>Tart\u00f3s \u00e9s megb\u00edzhat\u00f3 konstrukci\u00f3<\/li>\n<\/ul>\n<p>B\u0151v\u00edtse laptopja t\u00e1rol\u00e1si lehet\u0151s\u00e9geit k\u00f6nnyed\u00e9n. Ak\u00e1r t\u00f6bb helyre van sz\u00fcks\u00e9ge f\u00e1jlokhoz, multim\u00e9di\u00e1hoz vagy biztons\u00e1gi m\u00e1solatokhoz, ez a merevlemez-tart\u00f3 k\u00e9nyelmes megold\u00e1st k\u00edn\u00e1l. Az eredeti Dell 0XR733 0M671J t\u00f6k\u00e9letes illeszked\u00e9st biztos\u00edt, meg\u0151rzi laptopja integrit\u00e1s\u00e1t, mik\u00f6zben tov\u00e1bbfejlesztett funkcionalit\u00e1st k\u00edn\u00e1l.<\/p>\n<p>K\u00e9rj\u00fck, vegye figyelembe, hogy ez a lista val\u00f3di f\u00e9nyk\u00e9peket tartalmaz a Dell Inspiron 1545 merevlemez-meghajt\u00f3r\u00f3l, \u00e9s nem tartalmaz telep\u00edt\u00e9si utas\u00edt\u00e1st. Ha b\u00e1rmilyen k\u00e9rd\u00e9se van, vagy tov\u00e1bbi seg\u00edts\u00e9gre van sz\u00fcks\u00e9ge, forduljon bizalommal. N\u00f6velje Dell Inspiron 1545 t\u00e1rol\u00e1si k\u00e9pess\u00e9geit ezzel az Eredeti Dell OEM cser\u00e9vel.<\/p>\n","protected":false},"excerpt":{"rendered":"<p>N\u00f6velje Dell Inspiron 1545 t\u00e1rol\u00f3kapacit\u00e1s\u00e1t az Eredeti Dell 0XR733 0M671J merevlemez-meghajt\u00f3val. Ez az OEM csere t\u00f6k\u00e9letes illeszked\u00e9st biztos\u00edt laptopj\u00e1hoz, biztons\u00e1gos burkolatot biztos\u00edtva egy tov\u00e1bbi merevlemez sz\u00e1m\u00e1ra. B\u0151v\u00edtse t\u00e1rol\u00e1si lehet\u0151s\u00e9geit k\u00f6nnyed\u00e9n, \u00e9s tartsa rendszerezett adatait ezzel a kiv\u00e1l\u00f3 min\u0151s\u00e9g\u0171 caddy-vel.<\/p>\n","protected":false},"featured_media":5562,"template":"","meta":[],"product_brand":[],"product_cat":[16],"product_tag":[17],"class_list":{"0":"post-5521","1":"product","2":"type-product","3":"status-publish","4":"has-post-thumbnail","6":"product_cat-laptop-housing","7":"product_tag-dell","9":"first","10":"instock","11":"taxable","12":"shipping-taxable","13":"purchasable","14":"product-type-simple"},"_links":{"self":[{"href":"https:\/\/boreait.com\/hu\/wp-json\/wp\/v2\/product\/5521","targetHints":{"allow":["GET"]}}],"collection":[{"href":"https:\/\/boreait.com\/hu\/wp-json\/wp\/v2\/product"}],"about":[{"href":"https:\/\/boreait.com\/hu\/wp-json\/wp\/v2\/types\/product"}],"wp:featuredmedia":[{"embeddable":true,"href":"https:\/\/boreait.com\/hu\/wp-json\/wp\/v2\/media\/5562"}],"wp:attachment":[{"href":"https:\/\/boreait.com\/hu\/wp-json\/wp\/v2\/media?parent=5521"}],"wp:term":[{"taxonomy":"product_brand","embeddable":true,"href":"https:\/\/boreait.com\/hu\/wp-json\/wp\/v2\/product_brand?post=5521"},{"taxonomy":"product_cat","embeddable":true,"href":"https:\/\/boreait.com\/hu\/wp-json\/wp\/v2\/product_cat?post=5521"},{"taxonomy":"product_tag","embeddable":true,"href":"https:\/\/boreait.com\/hu\/wp-json\/wp\/v2\/product_tag?post=5521"}],"curies":[{"name":"wp","href":"https:\/\/api.w.org\/{rel}","templated":true}]}}