{"id":5504,"date":"2025-09-17T11:16:45","date_gmt":"2025-09-17T09:16:45","guid":{"rendered":"https:\/\/boreait.com\/hu\/?post_type=product&#038;p=5504"},"modified":"2026-01-19T08:03:28","modified_gmt":"2026-01-19T07:03:28","slug":"intel-dual-band-ac-9560-9560ngw-ngff-173-gbps-bt5-0-vezetek-nelkuli-kartyak-c1w2-h","status":"publish","type":"product","link":"https:\/\/boreait.com\/hu\/termek\/intel-dual-band-ac-9560-9560ngw-ngff-173-gbps-bt5-0-vezetek-nelkuli-kartyak-c1w2-h\/","title":{"rendered":"Intel Dual Band AC 9560 9560NGW NGFF 1,73 Gbps BT5.0 vezet\u00e9k n\u00e9lk\u00fcli k\u00e1rty\u00e1k C1W2 H"},"content":{"rendered":"<p>N\u00f6velje laptopja vezet\u00e9k n\u00e9lk\u00fcli kapcsolat\u00e1t az Intel Dual Band AC 9560NGW NGFF vezet\u00e9k n\u00e9lk\u00fcli k\u00e1rty\u00e1val. A nagy sebess\u00e9g\u0171, 1,73 Gbps adat\u00e1tviteli sebess\u00e9get \u00e9s a Bluetooth 5.0 funkci\u00f3t k\u00edn\u00e1l\u00f3 vezet\u00e9k n\u00e9lk\u00fcli k\u00e1rtya z\u00f6kken\u0151mentes \u00e9s megb\u00edzhat\u00f3 kapcsolatot biztos\u00edt laptopja sz\u00e1m\u00e1ra.<\/p>\n<p>F\u0151bb jellemz\u0151k:<\/p>\n<ul>\n<li>Modell: Intel Dual Band AC 9560NGW<\/li>\n<li>Form Factor: NGFF (Next Generation Form Factor)<\/li>\n<li>Adat\u00e1tviteli sebess\u00e9g: 1,73 Gbps<\/li>\n<li>Bluetooth verzi\u00f3: 5.0<\/li>\n<li>K\u00fcl\u00f6nf\u00e9le laptopmodellekkel kompatibilis<\/li>\n<\/ul>\n<p>Tapasztalja meg a gyorsabb let\u00f6lt\u00e9seket, a g\u00f6rd\u00fcl\u00e9kenyebb streamel\u00e9st \u00e9s a tov\u00e1bbfejlesztett online j\u00e1t\u00e9kot ennek a vezet\u00e9k n\u00e9lk\u00fcli k\u00e1rty\u00e1nak a leny\u0171g\u00f6z\u0151 adat\u00e1tviteli k\u00e9pess\u00e9geivel. A Bluetooth 5.0 technol\u00f3gia lehet\u0151v\u00e9 teszi a k\u00fcl\u00f6nf\u00e9le eszk\u00f6z\u00f6k z\u00f6kken\u0151mentes csatlakoztat\u00e1s\u00e1t, b\u0151v\u00edtve ezzel laptopja funkcionalit\u00e1s\u00e1t.<\/p>\n<p>Ak\u00e1r megl\u00e9v\u0151 laptopot friss\u00edt, ak\u00e1r egy \u00fajat testre szab, az Intel Dual Band AC 9560NGW megb\u00edzhat\u00f3 \u00e9s nagy teljes\u00edtm\u00e9ny\u0171 vezet\u00e9k n\u00e9lk\u00fcli kapcsolatot biztos\u00edt.<\/p>\n<p>K\u00e9rj\u00fck, vegye figyelembe, hogy ez a lista hiteles f\u00e9nyk\u00e9peket tartalmaz az Intel Dual Band AC 9560NGW vezet\u00e9k n\u00e9lk\u00fcli k\u00e1rty\u00e1r\u00f3l, \u00e9s nem tartalmaz telep\u00edt\u00e9si utas\u00edt\u00e1st. B\u00e1rmilyen tov\u00e1bbi k\u00e9rd\u00e9ssel vagy seg\u00edts\u00e9ggel kapcsolatban forduljon hozz\u00e1nk bizalommal. B\u0151v\u00edtse laptopja vezet\u00e9k n\u00e9lk\u00fcli k\u00e9pess\u00e9geit az Intel fejlett technol\u00f3gi\u00e1j\u00e1val, \u00e9s \u00e9lvezze a gyorsabb \u00e9s megb\u00edzhat\u00f3bb kapcsolatot.<\/p>\n","protected":false},"excerpt":{"rendered":"<p>Fokozza laptopja csatlakoztathat\u00f3s\u00e1g\u00e1t az Intel Dual Band AC 9560NGW vezet\u00e9k n\u00e9lk\u00fcli k\u00e1rty\u00e1val. Vill\u00e1mgyors, 1,73 Gbps adat\u00e1tviteli sebess\u00e9g\u00e9vel \u00e9s Bluetooth 5.0 k\u00e9pess\u00e9g\u00e9vel ez az NGFF k\u00e1rtya z\u00f6kken\u0151mentes vezet\u00e9k n\u00e9lk\u00fcli teljes\u00edtm\u00e9nyt biztos\u00edt. B\u0151v\u00edtse laptopja vezet\u00e9k n\u00e9lk\u00fcli k\u00e9pess\u00e9geit az Intel megb\u00edzhat\u00f3s\u00e1g\u00e1val \u00e9s a legmodernebb technol\u00f3gi\u00e1val.<\/p>\n","protected":false},"featured_media":5556,"template":"","meta":[],"product_brand":[],"product_cat":[27],"product_tag":[],"class_list":{"0":"post-5504","1":"product","2":"type-product","3":"status-publish","4":"has-post-thumbnail","6":"product_cat-motherboards-board-parts","8":"first","9":"instock","10":"taxable","11":"shipping-taxable","12":"purchasable","13":"product-type-simple"},"_links":{"self":[{"href":"https:\/\/boreait.com\/hu\/wp-json\/wp\/v2\/product\/5504","targetHints":{"allow":["GET"]}}],"collection":[{"href":"https:\/\/boreait.com\/hu\/wp-json\/wp\/v2\/product"}],"about":[{"href":"https:\/\/boreait.com\/hu\/wp-json\/wp\/v2\/types\/product"}],"wp:featuredmedia":[{"embeddable":true,"href":"https:\/\/boreait.com\/hu\/wp-json\/wp\/v2\/media\/5556"}],"wp:attachment":[{"href":"https:\/\/boreait.com\/hu\/wp-json\/wp\/v2\/media?parent=5504"}],"wp:term":[{"taxonomy":"product_brand","embeddable":true,"href":"https:\/\/boreait.com\/hu\/wp-json\/wp\/v2\/product_brand?post=5504"},{"taxonomy":"product_cat","embeddable":true,"href":"https:\/\/boreait.com\/hu\/wp-json\/wp\/v2\/product_cat?post=5504"},{"taxonomy":"product_tag","embeddable":true,"href":"https:\/\/boreait.com\/hu\/wp-json\/wp\/v2\/product_tag?post=5504"}],"curies":[{"name":"wp","href":"https:\/\/api.w.org\/{rel}","templated":true}]}}