{"id":5501,"date":"2025-09-17T11:16:45","date_gmt":"2025-09-17T09:16:45","guid":{"rendered":"https:\/\/boreait.com\/hu\/?post_type=product&#038;p=5501"},"modified":"2025-09-17T11:17:35","modified_gmt":"2025-09-17T09:17:35","slug":"0j8nnp-dell-latitude-e5270-e5470-e5570-e7270-e7470-webkamera-kamera","status":"publish","type":"product","link":"https:\/\/boreait.com\/hu\/termek\/0j8nnp-dell-latitude-e5270-e5470-e5570-e7270-e7470-webkamera-kamera\/","title":{"rendered":"0J8NNP \u2013 Dell Latitude E5270 E5470 E5570 E7270 E7470 webkamera \u2013 kamera"},"content":{"rendered":"<p>N\u00f6velje videokommunik\u00e1ci\u00f3j\u00e1t a Dell OEM Latitude E5270 E5470 E5570 E7270 E7470 webkamer\u00e1val. Ez a webkamera egy eredeti cserekamera modul, amelyet kifejezetten a Latitude E7270 laptop sorozathoz terveztek, \u00e9s garant\u00e1lja a kompatibilit\u00e1st \u00e9s a z\u00f6kken\u0151mentes integr\u00e1ci\u00f3t.<\/p>\n<p>F\u0151bb jellemz\u0151k:<\/p>\n<ul>\n<li>Eredeti Dell OEM term\u00e9k<\/li>\n<li>Latitude E5270 E5470 E5570 E7270 E7470 laptopokhoz tervezve<\/li>\n<li>Jav\u00edtja a videokonferenci\u00e1t \u00e9s a kommunik\u00e1ci\u00f3t<\/li>\n<li>Kiv\u00e1l\u00f3 min\u0151s\u00e9g\u0171 k\u00e9palkot\u00e1s a tiszta k\u00e9p\u00e9rt<\/li>\n<li>Alkatr\u00e9szsz\u00e1m: 0J8NNP<\/li>\n<\/ul>\n<p>Ak\u00e1r virtu\u00e1lis megbesz\u00e9l\u00e9seken kell r\u00e9szt vennie, ak\u00e1r videoh\u00edv\u00e1sokat folytatni, ak\u00e1r bar\u00e1taival \u00e9s csal\u00e1dj\u00e1val meg\u00f6r\u00f6k\u00edteni a pillanatokat, ez a Dell OEM webkamera megb\u00edzhat\u00f3 \u00e9s kiv\u00e1l\u00f3 min\u0151s\u00e9g\u0171 teljes\u00edtm\u00e9nyt biztos\u00edt. A kameramodul k\u00f6nnyen telep\u00edthet\u0151, \u00e9s t\u00f6k\u00e9letesen illeszkedik Latitude E7270 laptopja kijel\u00f6lt hely\u00e9re.<\/p>\n<p>K\u00e9rj\u00fck, vegye figyelembe, hogy ez a lista val\u00f3di f\u00e9nyk\u00e9peket tartalmaz a Dell OEM Latitude E7270 webkamer\u00e1r\u00f3l, \u00e9s nem tartalmaz telep\u00edt\u00e9si utas\u00edt\u00e1st. Ha b\u00e1rmilyen k\u00e9rd\u00e9se van, vagy tov\u00e1bbi seg\u00edts\u00e9gre van sz\u00fcks\u00e9ge, forduljon bizalommal. B\u0151v\u00edtse laptopja vide\u00f3k\u00e9pess\u00e9g\u00e9t az eredeti Dell OEM Latitude E7270 webkamer\u00e1val, \u00e9s \u00e9lvezze a tiszta \u00e9s \u00e9les l\u00e1tv\u00e1nyt minden virtu\u00e1lis interakci\u00f3 sor\u00e1n.<\/p>\n","protected":false},"excerpt":{"rendered":"<p>Fokozza videokonferencia- \u00e9s kommunik\u00e1ci\u00f3s \u00e9lm\u00e9ny\u00e9t a Dell OEM Latitude E5270 E5470 E5570 E7270 E7470 webkamer\u00e1val. Ezt az eredeti cserekamera modult kifejezetten a Latitude E7270 laptophoz tervezt\u00e9k, \u00edgy biztos\u00edtja a kompatibilit\u00e1st \u00e9s az optim\u00e1lis teljes\u00edtm\u00e9nyt. B\u0151v\u00edtse laptopja vide\u00f3k\u00e9pess\u00e9g\u00e9t ezzel a kiv\u00e1l\u00f3 min\u0151s\u00e9g\u0171 Dell OEM webkamer\u00e1val.<\/p>\n","protected":false},"featured_media":5553,"template":"","meta":[],"product_brand":[],"product_cat":[23],"product_tag":[17],"class_list":{"0":"post-5501","1":"product","2":"type-product","3":"status-publish","4":"has-post-thumbnail","6":"product_cat-laptop-camera","7":"product_tag-dell","9":"first","10":"instock","11":"taxable","12":"shipping-taxable","13":"purchasable","14":"product-type-simple"},"_links":{"self":[{"href":"https:\/\/boreait.com\/hu\/wp-json\/wp\/v2\/product\/5501","targetHints":{"allow":["GET"]}}],"collection":[{"href":"https:\/\/boreait.com\/hu\/wp-json\/wp\/v2\/product"}],"about":[{"href":"https:\/\/boreait.com\/hu\/wp-json\/wp\/v2\/types\/product"}],"wp:featuredmedia":[{"embeddable":true,"href":"https:\/\/boreait.com\/hu\/wp-json\/wp\/v2\/media\/5553"}],"wp:attachment":[{"href":"https:\/\/boreait.com\/hu\/wp-json\/wp\/v2\/media?parent=5501"}],"wp:term":[{"taxonomy":"product_brand","embeddable":true,"href":"https:\/\/boreait.com\/hu\/wp-json\/wp\/v2\/product_brand?post=5501"},{"taxonomy":"product_cat","embeddable":true,"href":"https:\/\/boreait.com\/hu\/wp-json\/wp\/v2\/product_cat?post=5501"},{"taxonomy":"product_tag","embeddable":true,"href":"https:\/\/boreait.com\/hu\/wp-json\/wp\/v2\/product_tag?post=5501"}],"curies":[{"name":"wp","href":"https:\/\/api.w.org\/{rel}","templated":true}]}}